{"id":374339,"date":"2023-01-20T19:15:47","date_gmt":"2023-01-20T18:15:47","guid":{"rendered":"https:\/\/www.claret.cat\/llibre\/once-minutos-9788408253136\/"},"modified":"2023-10-06T10:44:10","modified_gmt":"2023-10-06T08:44:10","slug":"once-minutos-9788408253136","status":"publish","type":"product","link":"https:\/\/www.claret.cat\/es\/libro\/once-minutos-9788408253136\/","title":{"rendered":"ONCE MINUTOS"},"content":{"rendered":"<p>Por el autor del bestseller internacional El Alquimista.<br \/> Mar\u00eda es de un pueblo situado al norte de Brasil. Todav\u00eda adolescente, viaja a R\u00edo de Janeiro, donde conoce a un empresario que le ofrece un buen trabajo en Ginebra. All\u00ed, Maria sue\u00f1a con encontrar fama y fortuna, pero acabar\u00e1 ejerciendo la prostituci\u00f3n. El aprendizaje que extraer\u00e1 de sus duras experiencias modificar\u00e1 para siempre su actitud ante s\u00ed misma y ante la vida.<br \/> Como un cuento de hadas para adultos, Once minutos es una novela que explora la naturaleza del sexo y del amor, la intensa y dif\u00edcil relaci\u00f3n entre cuerpo y alma, y c\u00f3mo alcanzar la perfecta uni\u00f3n entre ambos.<br \/> \u00abLos encuentros m\u00e1s importantes ya han sido planeados por las almas antes incluso de que los cuerpos se hayan visto.\u00bb<\/p>\n","protected":false},"excerpt":{"rendered":"<p>COELHO, PAULO<\/p>\n","protected":false},"featured_media":375780,"template":"","meta":{"_acf_changed":false,"om_disable_all_campaigns":false,"rs_blank_template":"","rs_page_bg_color":"","slide_template_v7":"","inline_featured_image":false,"_monsterinsights_skip_tracking":false,"_monsterinsights_sitenote_active":false,"_monsterinsights_sitenote_note":"","_monsterinsights_sitenote_category":0},"product_brand":[],"product_cat":[357],"product_tag":[],"class_list":{"0":"post-374339","1":"product","2":"type-product","3":"status-publish","4":"has-post-thumbnail","6":"product_cat-novela-contemporanea","8":"first","9":"instock","10":"taxable","11":"shipping-taxable","12":"purchasable","13":"product-type-simple"},"acf":{"editorial":[{"ID":6233,"post_author":"3","post_date":"2022-07-28 17:47:48","post_date_gmt":"2022-07-28 15:47:48","post_content":"","post_title":"EDITORIAL PLANETA","post_excerpt":"","post_status":"publish","comment_status":"closed","ping_status":"closed","post_password":"","post_name":"editorial-planeta","to_ping":"","pinged":"","post_modified":"2022-07-28 17:47:48","post_modified_gmt":"2022-07-28 15:47:48","post_content_filtered":"","post_parent":0,"guid":"http:\/\/dev.claret.cat\/editorial\/editorial-planeta\/","menu_order":0,"post_type":"editorial","post_mime_type":"","comment_count":"0","filter":"raw"}],"autor":"COELHO, PAULO","codart":"840825313","libros-coleccion":"FORA DE COL.LECCI\u00d3","ediciones":"1","encuadernacion":"R\u00fastica","fecha_de_publicacion":"01\/02\/2022","novedad":"1","paginas":"283","subtitulo":"","orden":"0","portada":"0","idioma":"spa","autores-libros":[{"ID":8416,"post_author":"3","post_date":"2022-09-30 09:48:25","post_date_gmt":"2022-09-30 07:48:25","post_content":"","post_title":"PAULO COELHO","post_excerpt":"","post_status":"publish","comment_status":"closed","ping_status":"closed","post_password":"","post_name":"paulo-coelho","to_ping":"","pinged":"","post_modified":"2022-09-30 09:48:25","post_modified_gmt":"2022-09-30 07:48:25","post_content_filtered":"","post_parent":0,"guid":"http:\/\/dev.claret.cat\/autor\/paulo-coelho\/","menu_order":0,"post_type":"autor","post_mime_type":"","comment_count":"0","filter":"raw"}]},"aioseo_notices":[],"_links":{"self":[{"href":"https:\/\/www.claret.cat\/es\/wp-json\/wp\/v2\/product\/374339","targetHints":{"allow":["GET"]}}],"collection":[{"href":"https:\/\/www.claret.cat\/es\/wp-json\/wp\/v2\/product"}],"about":[{"href":"https:\/\/www.claret.cat\/es\/wp-json\/wp\/v2\/types\/product"}],"wp:featuredmedia":[{"embeddable":true,"href":"https:\/\/www.claret.cat\/es\/wp-json\/wp\/v2\/media\/375780"}],"wp:attachment":[{"href":"https:\/\/www.claret.cat\/es\/wp-json\/wp\/v2\/media?parent=374339"}],"wp:term":[{"taxonomy":"product_brand","embeddable":true,"href":"https:\/\/www.claret.cat\/es\/wp-json\/wp\/v2\/product_brand?post=374339"},{"taxonomy":"product_cat","embeddable":true,"href":"https:\/\/www.claret.cat\/es\/wp-json\/wp\/v2\/product_cat?post=374339"},{"taxonomy":"product_tag","embeddable":true,"href":"https:\/\/www.claret.cat\/es\/wp-json\/wp\/v2\/product_tag?post=374339"}],"curies":[{"name":"wp","href":"https:\/\/api.w.org\/{rel}","templated":true}]}}