{"id":374346,"date":"2023-01-20T19:16:11","date_gmt":"2023-01-20T18:16:11","guid":{"rendered":"https:\/\/www.claret.cat\/llibre\/reina-9788408253167\/"},"modified":"2023-10-06T10:44:16","modified_gmt":"2023-10-06T08:44:16","slug":"reina-9788408253167","status":"publish","type":"product","link":"https:\/\/www.claret.cat\/es\/libro\/reina-9788408253167\/","title":{"rendered":"REINA"},"content":{"rendered":"<p>Reina, el esperado desenlace de Memorias de una salvaje, es m\u00e1s que un thriller. Es un desaf\u00edo a toda la sociedad.<br \/> Espa\u00f1a, a\u00f1o 2020. La vida de Kassandra Fern\u00e1ndez transcurre entre libros e intentos por superar su pasado, pero todo se tambalea cuando su mayor enemigo hace acto de presencia de la peor forma posible, dando lugar a una cruenta guerra fr\u00eda donde la estrategia, los negocios criminales y los l\u00edmites entre el bien y el mal se difuminan, y en la cual la protagonista se debatir\u00e1 internamente entre la venganza y la justicia, librando tambi\u00e9n una batalla interna donde tendr\u00e1 que averiguar qui\u00e9n es en realidad.<br \/> Mientras todo ocurre, el amor y la amistad parecen ser m\u00e1s dif\u00edciles de comprender que nunca. Abrir el caj\u00f3n donde guardaba las piezas de ajedrez no ser\u00e1 f\u00e1cil, pero Kassandra Fern\u00e1ndez ya no es solo una joven valiente y necesitada de conocer su destino, sino una salvaje mujer dispuesta a ganar la partida \u2014o quiz\u00e1s no.<\/p>\n","protected":false},"excerpt":{"rendered":"<p>FERN\u00c1NDEZ, BEBI<\/p>\n","protected":false},"featured_media":375782,"template":"","meta":{"_acf_changed":false,"om_disable_all_campaigns":false,"rs_blank_template":"","rs_page_bg_color":"","slide_template_v7":"","inline_featured_image":false,"_monsterinsights_skip_tracking":false,"_monsterinsights_sitenote_active":false,"_monsterinsights_sitenote_note":"","_monsterinsights_sitenote_category":0},"product_brand":[],"product_cat":[357],"product_tag":[],"class_list":{"0":"post-374346","1":"product","2":"type-product","3":"status-publish","4":"has-post-thumbnail","6":"product_cat-novela-contemporanea","8":"first","9":"instock","10":"taxable","11":"shipping-taxable","12":"purchasable","13":"product-type-simple"},"acf":{"editorial":[{"ID":6233,"post_author":"3","post_date":"2022-07-28 17:47:48","post_date_gmt":"2022-07-28 15:47:48","post_content":"","post_title":"EDITORIAL PLANETA","post_excerpt":"","post_status":"publish","comment_status":"closed","ping_status":"closed","post_password":"","post_name":"editorial-planeta","to_ping":"","pinged":"","post_modified":"2022-07-28 17:47:48","post_modified_gmt":"2022-07-28 15:47:48","post_content_filtered":"","post_parent":0,"guid":"http:\/\/dev.claret.cat\/editorial\/editorial-planeta\/","menu_order":0,"post_type":"editorial","post_mime_type":"","comment_count":"0","filter":"raw"}],"autor":"FERN\u00c1NDEZ, BEBI","codart":"840825316","libros-coleccion":"Novela","ediciones":"1","encuadernacion":"R\u00fastica","fecha_de_publicacion":"01\/02\/2022","novedad":"1","paginas":"320","subtitulo":"BILOG\u00cdA SALVAJE 2","orden":"0","portada":"0","idioma":"spa","autores-libros":[{"ID":5292,"post_author":"3","post_date":"2022-07-28 17:20:54","post_date_gmt":"2022-07-28 15:20:54","post_content":"","post_title":"BEBI FERN\u00c1NDEZ","post_excerpt":"","post_status":"publish","comment_status":"closed","ping_status":"closed","post_password":"","post_name":"bebi-fernandez","to_ping":"","pinged":"","post_modified":"2022-07-28 17:20:54","post_modified_gmt":"2022-07-28 15:20:54","post_content_filtered":"","post_parent":0,"guid":"http:\/\/dev.claret.cat\/autor\/bebi-fernandez\/","menu_order":0,"post_type":"autor","post_mime_type":"","comment_count":"0","filter":"raw"}]},"aioseo_notices":[],"_links":{"self":[{"href":"https:\/\/www.claret.cat\/es\/wp-json\/wp\/v2\/product\/374346","targetHints":{"allow":["GET"]}}],"collection":[{"href":"https:\/\/www.claret.cat\/es\/wp-json\/wp\/v2\/product"}],"about":[{"href":"https:\/\/www.claret.cat\/es\/wp-json\/wp\/v2\/types\/product"}],"wp:featuredmedia":[{"embeddable":true,"href":"https:\/\/www.claret.cat\/es\/wp-json\/wp\/v2\/media\/375782"}],"wp:attachment":[{"href":"https:\/\/www.claret.cat\/es\/wp-json\/wp\/v2\/media?parent=374346"}],"wp:term":[{"taxonomy":"product_brand","embeddable":true,"href":"https:\/\/www.claret.cat\/es\/wp-json\/wp\/v2\/product_brand?post=374346"},{"taxonomy":"product_cat","embeddable":true,"href":"https:\/\/www.claret.cat\/es\/wp-json\/wp\/v2\/product_cat?post=374346"},{"taxonomy":"product_tag","embeddable":true,"href":"https:\/\/www.claret.cat\/es\/wp-json\/wp\/v2\/product_tag?post=374346"}],"curies":[{"name":"wp","href":"https:\/\/api.w.org\/{rel}","templated":true}]}}