{"id":374375,"date":"2023-01-20T19:20:34","date_gmt":"2023-01-20T18:20:34","guid":{"rendered":"https:\/\/www.claret.cat\/llibre\/viaje-a-tierra-santa-9788408257509\/"},"modified":"2023-10-06T09:10:04","modified_gmt":"2023-10-06T07:10:04","slug":"viaje-a-tierra-santa-9788408257509","status":"publish","type":"product","link":"https:\/\/www.claret.cat\/es\/libro\/viaje-a-tierra-santa-9788408257509\/","title":{"rendered":"VIAJE A TIERRA SANTA"},"content":{"rendered":"<p>El mejor divulgador hist\u00f3rico de Espa\u00f1a, Juan Eslava Gal\u00e1n, se une a Antonio Pi\u00f1ero, uno de los grandes referentes mundiales en cristianismo, en este entretenido viaje por los episodios m\u00e1s relevantes del Nuevo Testamento.<br \/> Dos amigos jubilados, Bonoso y Antonio, viajan a Tierra Santa, Turqu\u00eda y Grecia para indagar los or\u00edgenes del cristianismo y, de paso, observar la variedad del mundo, las peculiares costumbres de aquellas tierras y de sus gastronom\u00edas. Desde el monte Sina\u00ed, donde Mois\u00e9s vio a Yahv\u00e9 en una zarza ardiente, la peregrinaci\u00f3n en busca de la verdad los llevar\u00e1 a seguir las huellas de Jes\u00fas y de la densa historia de aquellas disputadas tierras en las que arraigaron religiones, pueblos y pintorescas sectas.<br \/> Durante este largo periplo por los lugares clave de las Escrituras, los dos amigos reflexionan sobre la veracidad de los distintos episodios b\u00edblicos, discuten sobre conceptos universales como la muerte o la resurrecci\u00f3n y arrojan luz sobre temas tan candentes como el conflicto entre Israel y Palestina.<br \/> A trav\u00e9s de Bonoso y Antonio, Juan Eslava Gal\u00e1n y Antonio Pi\u00f1ero nos embarcan en un recorrido apasionante por los escenarios m\u00e1s c\u00e9lebres de Tierra Santa en una obra que combina con maestr\u00eda el rigor hist\u00f3rico y el entretenimiento de un relato de viajes.<\/p>\n","protected":false},"excerpt":{"rendered":"<p>ESLAVA GAL\u00c1N, JUAN<\/p>\n","protected":false},"featured_media":375786,"template":"","meta":{"_acf_changed":false,"om_disable_all_campaigns":false,"rs_blank_template":"","rs_page_bg_color":"","slide_template_v7":"","inline_featured_image":false,"_monsterinsights_skip_tracking":false,"_monsterinsights_sitenote_active":false,"_monsterinsights_sitenote_note":"","_monsterinsights_sitenote_category":0},"product_brand":[],"product_cat":[357],"product_tag":[],"class_list":{"0":"post-374375","1":"product","2":"type-product","3":"status-publish","4":"has-post-thumbnail","6":"product_cat-novela-contemporanea","8":"first","9":"instock","10":"taxable","11":"shipping-taxable","12":"purchasable","13":"product-type-simple"},"acf":{"editorial":[{"ID":6233,"post_author":"3","post_date":"2022-07-28 17:47:48","post_date_gmt":"2022-07-28 15:47:48","post_content":"","post_title":"EDITORIAL PLANETA","post_excerpt":"","post_status":"publish","comment_status":"closed","ping_status":"closed","post_password":"","post_name":"editorial-planeta","to_ping":"","pinged":"","post_modified":"2022-07-28 17:47:48","post_modified_gmt":"2022-07-28 15:47:48","post_content_filtered":"","post_parent":0,"guid":"http:\/\/dev.claret.cat\/editorial\/editorial-planeta\/","menu_order":0,"post_type":"editorial","post_mime_type":"","comment_count":"0","filter":"raw"}],"autor":"ESLAVA GAL\u00c1N, JUAN","codart":"840825750","libros-coleccion":"Divulgaci\u00f3n","ediciones":"1","encuadernacion":"R\u00fastica","fecha_de_publicacion":"01\/05\/2022","novedad":"1","paginas":"462","subtitulo":"","orden":"0","portada":"0","idioma":"spa","autores-libros":[{"ID":161034,"post_author":"3","post_date":"2022-10-14 15:57:52","post_date_gmt":"2022-10-14 13:57:52","post_content":"","post_title":"JUAN ESLAVA GAL\u00c1N","post_excerpt":"","post_status":"publish","comment_status":"closed","ping_status":"closed","post_password":"","post_name":"juan-eslava-galan","to_ping":"","pinged":"","post_modified":"2022-10-14 15:57:52","post_modified_gmt":"2022-10-14 13:57:52","post_content_filtered":"","post_parent":0,"guid":"http:\/\/dev.claret.cat\/autor\/juan-eslava-galan\/","menu_order":0,"post_type":"autor","post_mime_type":"","comment_count":"0","filter":"raw"}]},"aioseo_notices":[],"_links":{"self":[{"href":"https:\/\/www.claret.cat\/es\/wp-json\/wp\/v2\/product\/374375","targetHints":{"allow":["GET"]}}],"collection":[{"href":"https:\/\/www.claret.cat\/es\/wp-json\/wp\/v2\/product"}],"about":[{"href":"https:\/\/www.claret.cat\/es\/wp-json\/wp\/v2\/types\/product"}],"wp:featuredmedia":[{"embeddable":true,"href":"https:\/\/www.claret.cat\/es\/wp-json\/wp\/v2\/media\/375786"}],"wp:attachment":[{"href":"https:\/\/www.claret.cat\/es\/wp-json\/wp\/v2\/media?parent=374375"}],"wp:term":[{"taxonomy":"product_brand","embeddable":true,"href":"https:\/\/www.claret.cat\/es\/wp-json\/wp\/v2\/product_brand?post=374375"},{"taxonomy":"product_cat","embeddable":true,"href":"https:\/\/www.claret.cat\/es\/wp-json\/wp\/v2\/product_cat?post=374375"},{"taxonomy":"product_tag","embeddable":true,"href":"https:\/\/www.claret.cat\/es\/wp-json\/wp\/v2\/product_tag?post=374375"}],"curies":[{"name":"wp","href":"https:\/\/api.w.org\/{rel}","templated":true}]}}