{"id":374486,"date":"2023-01-20T19:38:36","date_gmt":"2023-01-20T18:38:36","guid":{"rendered":"https:\/\/www.claret.cat\/llibre\/puerto-escondido-9788423361472\/"},"modified":"2024-05-29T16:50:56","modified_gmt":"2024-05-29T14:50:56","slug":"puerto-escondido-9788423361472","status":"publish","type":"product","link":"https:\/\/www.claret.cat\/es\/libro\/puerto-escondido-9788423361472\/","title":{"rendered":"PUERTO ESCONDIDO"},"content":{"rendered":"<p>Primer t\u00edtulo de la serie Los libros del Puerto Escondido, ambientada en Cantabria, que ha consagrado a Mar\u00eda Oru\u00f1a como una de las voces m\u00e1s destacadas de la novela negra espa\u00f1ola.<br \/> Oliver, un joven londinense con una peculiar situaci\u00f3n familiar y una triste p\u00e9rdida a sus espaldas, hereda una casona colonial, Villa Marina, a pie de playa en el pue\u00adblecito de Suances, en Cantabria. Durante las obras de remodelaci\u00f3n se descubre, en el s\u00f3tano, el cad\u00e1ver emparedado de un beb\u00e9, al que acompa\u00f1a un objeto que resulta completamente anacr\u00f3nico. Tras este ha\u00adllazgo comienzan a sucederse, de forma vertiginosa, diversos asesinatos en distintas ciudades de Cantabria que, unidos a los ins\u00f3litos resultados forenses de las v\u00edctimas, ponen en jaque a la Secci\u00f3n de Investigaci\u00f3n de la Guardia Civil y al propio Oliver, que iniciar\u00e1 un denso viaje personal y una carrera contrarreloj para des\u00adcubrir al asesino.<br \/> \u00bfD\u00f3nde se encuentra el escondite perfecto, el basti\u00f3n intocable en el que respirar la calma absoluta y el abando\u00adno de todo lo que impone la edad, el entorno y el tiempo? \u00bfHacia d\u00f3nde habr\u00e1 que dirigirse para hallar ese refugio en el que atesoramos, sin saberlo, la m\u00e1s pura felicidad? S\u00f3lo siguiendo el curso de la marea se esquiva el miedo.<br \/> Cuando llegues a Puerto escondido descubrir\u00e1s que el camino, afilado, aterrador, vivo, hab\u00eda estado ante tus ojos desde el principio\u2026<\/p>\n","protected":false},"excerpt":{"rendered":"<p>ORU\u00d1A, MAR\u00cdA<\/p>\n","protected":false},"featured_media":375858,"template":"","meta":{"_acf_changed":false,"om_disable_all_campaigns":false,"rs_blank_template":"","rs_page_bg_color":"","slide_template_v7":"","inline_featured_image":false,"_monsterinsights_skip_tracking":false,"_monsterinsights_sitenote_active":false,"_monsterinsights_sitenote_note":"","_monsterinsights_sitenote_category":0},"product_brand":[],"product_cat":[131,361],"product_tag":[],"class_list":{"0":"post-374486","1":"product","2":"type-product","3":"status-publish","4":"has-post-thumbnail","6":"product_cat-contes-per-infants-0-6-anys","7":"product_cat-cuentos-para-ninos-0-6-anos","9":"first","10":"instock","11":"taxable","12":"shipping-taxable","13":"purchasable","14":"product-type-simple"},"acf":{"editorial":[{"ID":6182,"post_author":"3","post_date":"2022-07-28 17:46:40","post_date_gmt":"2022-07-28 15:46:40","post_content":"","post_title":"DESTINO, S.L.","post_excerpt":"","post_status":"publish","comment_status":"closed","ping_status":"closed","post_password":"","post_name":"destino-s-l","to_ping":"","pinged":"","post_modified":"2022-07-28 17:46:40","post_modified_gmt":"2022-07-28 15:46:40","post_content_filtered":"","post_parent":0,"guid":"http:\/\/dev.claret.cat\/editorial\/destino-s-l\/","menu_order":0,"post_type":"editorial","post_mime_type":"","comment_count":"0","filter":"raw"}],"autor":"ORU\u00d1A, MAR\u00cdA","codart":"842336147","libros-coleccion":"Crimen y Misterio","ediciones":"1","encuadernacion":"R\u00fastica","fecha_de_publicacion":"01\/05\/2022","novedad":"1","paginas":"430","subtitulo":"LOS LIBROS DEL PUERTO ESCONDIDO 1","orden":"0","portada":"0","idioma":"spa","autores-libros":[{"ID":163733,"post_author":"3","post_date":"2022-10-14 17:41:24","post_date_gmt":"2022-10-14 15:41:24","post_content":"","post_title":"MAR\u00cdA ORU\u00d1A","post_excerpt":"","post_status":"publish","comment_status":"closed","ping_status":"closed","post_password":"","post_name":"maria-oruna","to_ping":"","pinged":"","post_modified":"2022-10-14 17:41:24","post_modified_gmt":"2022-10-14 15:41:24","post_content_filtered":"","post_parent":0,"guid":"http:\/\/dev.claret.cat\/autor\/maria-oruna\/","menu_order":0,"post_type":"autor","post_mime_type":"","comment_count":"0","filter":"raw"}]},"aioseo_notices":[],"_links":{"self":[{"href":"https:\/\/www.claret.cat\/es\/wp-json\/wp\/v2\/product\/374486","targetHints":{"allow":["GET"]}}],"collection":[{"href":"https:\/\/www.claret.cat\/es\/wp-json\/wp\/v2\/product"}],"about":[{"href":"https:\/\/www.claret.cat\/es\/wp-json\/wp\/v2\/types\/product"}],"wp:featuredmedia":[{"embeddable":true,"href":"https:\/\/www.claret.cat\/es\/wp-json\/wp\/v2\/media\/375858"}],"wp:attachment":[{"href":"https:\/\/www.claret.cat\/es\/wp-json\/wp\/v2\/media?parent=374486"}],"wp:term":[{"taxonomy":"product_brand","embeddable":true,"href":"https:\/\/www.claret.cat\/es\/wp-json\/wp\/v2\/product_brand?post=374486"},{"taxonomy":"product_cat","embeddable":true,"href":"https:\/\/www.claret.cat\/es\/wp-json\/wp\/v2\/product_cat?post=374486"},{"taxonomy":"product_tag","embeddable":true,"href":"https:\/\/www.claret.cat\/es\/wp-json\/wp\/v2\/product_tag?post=374486"}],"curies":[{"name":"wp","href":"https:\/\/api.w.org\/{rel}","templated":true}]}}