{"id":374860,"date":"2023-01-23T16:25:33","date_gmt":"2023-01-23T15:25:33","guid":{"rendered":"https:\/\/www.claret.cat\/llibre\/animales-de-granja-9788491019213\/"},"modified":"2023-10-06T06:22:17","modified_gmt":"2023-10-06T04:22:17","slug":"animales-de-granja-9788491019213","status":"publish","type":"product","link":"https:\/\/www.claret.cat\/es\/libro\/animales-de-granja-9788491019213\/","title":{"rendered":"ANIMALES DE GRANJA"},"content":{"rendered":"<p>Un nuevo t\u00edtulo de la colecci\u00f3n sobre los animales de granja. El libro presenta los animales y los espacios que podemos encontrar habitualmente en una granja a partir de elementos que los m\u00e1s peque\u00f1os podr\u00e1n tocar y explorar. Con texturas, colores vivos y p\u00e1ginas de cart\u00f3n indexadas en forma de cinco animales de granja<\/p>\n","protected":false},"excerpt":{"rendered":"<p>LEMON RIBBON STUDIO<\/p>\n","protected":false},"featured_media":374880,"template":"","meta":{"_acf_changed":false,"om_disable_all_campaigns":false,"rs_blank_template":"","rs_page_bg_color":"","slide_template_v7":"","inline_featured_image":false,"_monsterinsights_skip_tracking":false,"_monsterinsights_sitenote_active":false,"_monsterinsights_sitenote_note":"","_monsterinsights_sitenote_category":0},"product_brand":[],"product_cat":[361],"product_tag":[],"class_list":{"0":"post-374860","1":"product","2":"type-product","3":"status-publish","4":"has-post-thumbnail","6":"product_cat-cuentos-para-ninos-0-6-anos","8":"first","9":"instock","10":"taxable","11":"shipping-taxable","12":"purchasable","13":"product-type-simple"},"acf":{"editorial":[{"ID":147649,"post_author":"3","post_date":"2022-10-14 11:52:11","post_date_gmt":"2022-10-14 09:52:11","post_content":"","post_title":"COMBEL EDITORIAL","post_excerpt":"","post_status":"publish","comment_status":"closed","ping_status":"closed","post_password":"","post_name":"combel-editorial","to_ping":"","pinged":"","post_modified":"2022-10-14 11:52:11","post_modified_gmt":"2022-10-14 09:52:11","post_content_filtered":"","post_parent":0,"guid":"http:\/\/dev.claret.cat\/editorial\/combel-editorial\/","menu_order":0,"post_type":"editorial","post_mime_type":"","comment_count":"0","filter":"raw"}],"autor":"LEMON RIBBON STUDIO","codart":"849101921","libros-coleccion":"","ediciones":"1","encuadernacion":"R\u00fastica","fecha_de_publicacion":"23\/01\/2023","novedad":"1","paginas":"10","subtitulo":"","orden":"0","portada":"0","idioma":"spa","autores-libros":[{"ID":162097,"post_author":"3","post_date":"2022-10-14 17:28:20","post_date_gmt":"2022-10-14 15:28:20","post_content":"","post_title":"LEMON RIBBON STUDIO","post_excerpt":"","post_status":"publish","comment_status":"closed","ping_status":"closed","post_password":"","post_name":"lemon-ribbon-studio-2","to_ping":"","pinged":"","post_modified":"2022-10-14 17:28:20","post_modified_gmt":"2022-10-14 15:28:20","post_content_filtered":"","post_parent":0,"guid":"http:\/\/dev.claret.cat\/autor\/lemon-ribbon-studio-2\/","menu_order":0,"post_type":"autor","post_mime_type":"","comment_count":"0","filter":"raw"}]},"aioseo_notices":[],"_links":{"self":[{"href":"https:\/\/www.claret.cat\/es\/wp-json\/wp\/v2\/product\/374860","targetHints":{"allow":["GET"]}}],"collection":[{"href":"https:\/\/www.claret.cat\/es\/wp-json\/wp\/v2\/product"}],"about":[{"href":"https:\/\/www.claret.cat\/es\/wp-json\/wp\/v2\/types\/product"}],"wp:featuredmedia":[{"embeddable":true,"href":"https:\/\/www.claret.cat\/es\/wp-json\/wp\/v2\/media\/374880"}],"wp:attachment":[{"href":"https:\/\/www.claret.cat\/es\/wp-json\/wp\/v2\/media?parent=374860"}],"wp:term":[{"taxonomy":"product_brand","embeddable":true,"href":"https:\/\/www.claret.cat\/es\/wp-json\/wp\/v2\/product_brand?post=374860"},{"taxonomy":"product_cat","embeddable":true,"href":"https:\/\/www.claret.cat\/es\/wp-json\/wp\/v2\/product_cat?post=374860"},{"taxonomy":"product_tag","embeddable":true,"href":"https:\/\/www.claret.cat\/es\/wp-json\/wp\/v2\/product_tag?post=374860"}],"curies":[{"name":"wp","href":"https:\/\/api.w.org\/{rel}","templated":true}]}}