{"id":375053,"date":"2023-01-23T18:57:34","date_gmt":"2023-01-23T17:57:34","guid":{"rendered":"https:\/\/www.claret.cat\/llibre\/el-bocamoll-honrat-9788418292620\/"},"modified":"2024-05-24T11:29:09","modified_gmt":"2024-05-24T09:29:09","slug":"el-bocamoll-honrat-9788418292620","status":"publish","type":"product","link":"https:\/\/www.claret.cat\/es\/libro\/el-bocamoll-honrat-9788418292620\/","title":{"rendered":"EL BOCAMOLL HONRAT"},"content":{"rendered":"<p>Estructurat a la manera de les hist\u00f2ries de Sherlock Holmes, El bocamoll honrat (publicat per primer cop el juliol de 1929 a \u00abStoryteller \u00bb) \u00e9s un s\u00f2lid i consistent relat en el qual G.K. Chesterton demostra la seva gran capacitat de polemista i humorista, com tamb\u00e9 el seu sentit anti-cient\u00edfic, exposat de manera desenfadada<br \/> i desimbolta.<\/p>\n","protected":false},"excerpt":{"rendered":"<p>CHESTERTON, GILBERT KEITH<\/p>\n","protected":false},"featured_media":876766,"template":"","meta":{"_acf_changed":false,"om_disable_all_campaigns":false,"rs_blank_template":"","rs_page_bg_color":"","slide_template_v7":"","inline_featured_image":false,"_monsterinsights_skip_tracking":false,"_monsterinsights_sitenote_active":false,"_monsterinsights_sitenote_note":"","_monsterinsights_sitenote_category":0},"product_brand":[],"product_cat":[354,123],"product_tag":[],"class_list":{"0":"post-375053","1":"product","2":"type-product","3":"status-publish","4":"has-post-thumbnail","6":"product_cat-clasica","7":"product_cat-classica","9":"first","10":"instock","11":"taxable","12":"shipping-taxable","13":"purchasable","14":"product-type-simple"},"acf":{"editorial":[{"ID":6282,"post_author":"3","post_date":"2022-07-28 17:48:51","post_date_gmt":"2022-07-28 15:48:51","post_content":"","post_title":"Laertes editorial","post_excerpt":"","post_status":"publish","comment_status":"closed","ping_status":"closed","post_password":"","post_name":"laertes-editorial","to_ping":"","pinged":"","post_modified":"2022-07-28 17:48:51","post_modified_gmt":"2022-07-28 15:48:51","post_content_filtered":"","post_parent":0,"guid":"http:\/\/dev.claret.cat\/editorial\/laertes-editorial\/","menu_order":0,"post_type":"editorial","post_mime_type":"","comment_count":"0","filter":"raw"}],"autor":"CHESTERTON, GILBERT KEITH","codart":"841829262","libros-coleccion":"FORA DE COL.LECCI\u00d3","ediciones":"1","encuadernacion":"R\u00fastica","fecha_de_publicacion":"01\/01\/2023","novedad":"1","paginas":"105","subtitulo":"","orden":"0","portada":"0","idioma":"cat","autores-libros":[{"ID":156882,"post_author":"3","post_date":"2022-10-14 15:24:23","post_date_gmt":"2022-10-14 13:24:23","post_content":"","post_title":"GILBERT KEITH CHESTERTON","post_excerpt":"","post_status":"publish","comment_status":"closed","ping_status":"closed","post_password":"","post_name":"gilbert-keith-chesterton","to_ping":"","pinged":"","post_modified":"2022-10-14 15:24:23","post_modified_gmt":"2022-10-14 13:24:23","post_content_filtered":"","post_parent":0,"guid":"http:\/\/dev.claret.cat\/autor\/gilbert-keith-chesterton\/","menu_order":0,"post_type":"autor","post_mime_type":"","comment_count":"0","filter":"raw"}]},"aioseo_notices":[],"_links":{"self":[{"href":"https:\/\/www.claret.cat\/es\/wp-json\/wp\/v2\/product\/375053","targetHints":{"allow":["GET"]}}],"collection":[{"href":"https:\/\/www.claret.cat\/es\/wp-json\/wp\/v2\/product"}],"about":[{"href":"https:\/\/www.claret.cat\/es\/wp-json\/wp\/v2\/types\/product"}],"wp:featuredmedia":[{"embeddable":true,"href":"https:\/\/www.claret.cat\/es\/wp-json\/wp\/v2\/media\/876766"}],"wp:attachment":[{"href":"https:\/\/www.claret.cat\/es\/wp-json\/wp\/v2\/media?parent=375053"}],"wp:term":[{"taxonomy":"product_brand","embeddable":true,"href":"https:\/\/www.claret.cat\/es\/wp-json\/wp\/v2\/product_brand?post=375053"},{"taxonomy":"product_cat","embeddable":true,"href":"https:\/\/www.claret.cat\/es\/wp-json\/wp\/v2\/product_cat?post=375053"},{"taxonomy":"product_tag","embeddable":true,"href":"https:\/\/www.claret.cat\/es\/wp-json\/wp\/v2\/product_tag?post=375053"}],"curies":[{"name":"wp","href":"https:\/\/api.w.org\/{rel}","templated":true}]}}