{"id":375063,"date":"2023-01-23T18:58:00","date_gmt":"2023-01-23T17:58:00","guid":{"rendered":"https:\/\/www.claret.cat\/llibre\/las-lecciones-del-profesor-tarambana-leccion-2-salud-9788426147967\/"},"modified":"2023-10-06T06:31:43","modified_gmt":"2023-10-06T04:31:43","slug":"las-lecciones-del-profesor-tarambana-leccion-2-salud-9788426147967","status":"publish","type":"product","link":"https:\/\/www.claret.cat\/es\/libro\/las-lecciones-del-profesor-tarambana-leccion-2-salud-9788426147967\/","title":{"rendered":"LAS LECCIONES DEL PROFESOR TARAMBANA. LECCI\u00d3N 2: SALUD"},"content":{"rendered":"<p>El profesor Tarambana es un experto en todolog\u00eda, y en esta segunda lecci\u00f3n nos ense\u00f1ar\u00e1 todo lo que sabe sobre la salud. Acompa\u00f1ado de su ayudante, N\u00famero 13, nos dar\u00e1 algunos consejos para mantenernos sanos: hacer quince comidas copiosas al d\u00eda, nunca acercarse a una fruta o verdura, y tener siempre las manos sucias.  Un libro que act\u00faa como una psicolog\u00eda inversa terriblemente efectiva para los ni\u00f1os. Para que funcione, es necesario que los lectores sepan captar la iron\u00eda tras las palabras del profesor, por lo que se recomienda para ni\u00f1os de m\u00e1s de 6 a\u00f1os.<\/p>\n","protected":false},"excerpt":{"rendered":"<p>GRAVEL, ELISE<\/p>\n","protected":false},"featured_media":375107,"template":"","meta":{"_acf_changed":false,"om_disable_all_campaigns":false,"rs_blank_template":"","rs_page_bg_color":"","slide_template_v7":"","inline_featured_image":false,"_monsterinsights_skip_tracking":false,"_monsterinsights_sitenote_active":false,"_monsterinsights_sitenote_note":"","_monsterinsights_sitenote_category":0},"product_brand":[],"product_cat":[90,540],"product_tag":[],"class_list":{"0":"post-375063","1":"product","2":"type-product","3":"status-publish","4":"has-post-thumbnail","6":"product_cat-altres","7":"product_cat-otros","9":"first","10":"instock","11":"taxable","12":"shipping-taxable","13":"purchasable","14":"product-type-simple"},"acf":{"editorial":[{"ID":6226,"post_author":"3","post_date":"2022-07-28 17:47:36","post_date_gmt":"2022-07-28 15:47:36","post_content":"","post_title":"EDITORIAL JUVENTUD","post_excerpt":"","post_status":"publish","comment_status":"closed","ping_status":"closed","post_password":"","post_name":"editorial-juventud","to_ping":"","pinged":"","post_modified":"2022-07-28 17:47:36","post_modified_gmt":"2022-07-28 15:47:36","post_content_filtered":"","post_parent":0,"guid":"http:\/\/dev.claret.cat\/editorial\/editorial-juventud\/","menu_order":0,"post_type":"editorial","post_mime_type":"","comment_count":"0","filter":"raw"}],"autor":"GRAVEL, ELISE","codart":"842614796","libros-coleccion":"JUVENTUD -C\u00d3MIC","ediciones":"1","encuadernacion":"R\u00fastica","fecha_de_publicacion":"01\/01\/2023","novedad":"1","paginas":"45","subtitulo":"","orden":"0","portada":"0","idioma":"spa","autores-libros":[{"ID":154834,"post_author":"3","post_date":"2022-10-14 15:08:01","post_date_gmt":"2022-10-14 13:08:01","post_content":"","post_title":"ELISE GRAVEL","post_excerpt":"","post_status":"publish","comment_status":"closed","ping_status":"closed","post_password":"","post_name":"elise-gravel","to_ping":"","pinged":"","post_modified":"2022-10-14 15:08:01","post_modified_gmt":"2022-10-14 13:08:01","post_content_filtered":"","post_parent":0,"guid":"http:\/\/dev.claret.cat\/autor\/elise-gravel\/","menu_order":0,"post_type":"autor","post_mime_type":"","comment_count":"0","filter":"raw"}]},"aioseo_notices":[],"_links":{"self":[{"href":"https:\/\/www.claret.cat\/es\/wp-json\/wp\/v2\/product\/375063","targetHints":{"allow":["GET"]}}],"collection":[{"href":"https:\/\/www.claret.cat\/es\/wp-json\/wp\/v2\/product"}],"about":[{"href":"https:\/\/www.claret.cat\/es\/wp-json\/wp\/v2\/types\/product"}],"wp:featuredmedia":[{"embeddable":true,"href":"https:\/\/www.claret.cat\/es\/wp-json\/wp\/v2\/media\/375107"}],"wp:attachment":[{"href":"https:\/\/www.claret.cat\/es\/wp-json\/wp\/v2\/media?parent=375063"}],"wp:term":[{"taxonomy":"product_brand","embeddable":true,"href":"https:\/\/www.claret.cat\/es\/wp-json\/wp\/v2\/product_brand?post=375063"},{"taxonomy":"product_cat","embeddable":true,"href":"https:\/\/www.claret.cat\/es\/wp-json\/wp\/v2\/product_cat?post=375063"},{"taxonomy":"product_tag","embeddable":true,"href":"https:\/\/www.claret.cat\/es\/wp-json\/wp\/v2\/product_tag?post=375063"}],"curies":[{"name":"wp","href":"https:\/\/api.w.org\/{rel}","templated":true}]}}