{"id":37514,"date":"2022-10-02T18:37:18","date_gmt":"2022-10-02T16:37:18","guid":{"rendered":"http:\/\/dev.claret.cat\/producte\/ja-no-necessito-el-bolquer\/"},"modified":"2025-10-20T19:58:51","modified_gmt":"2025-10-20T17:58:51","slug":"ja-no-necessito-el-bolquer-9788413891811","status":"publish","type":"product","link":"https:\/\/www.claret.cat\/es\/libro\/ja-no-necessito-el-bolquer-9788413891811\/","title":{"rendered":"JA NO NECESSITO EL BOLQUER"},"content":{"rendered":"<p>Tots els infants deixen el bolquer en algun moment, cadasc\u00fa al seu ritme. Aquest llibre explica com acompanyar respectuosament aquest proc\u00e9s, tractant-lo de manera natural, propera i comprensiva.<br \/> Un llibre escrit per\u00a0Romina Perez Toldi, pedagoga especialitzada en primera inf\u00e0ncia.\u00a0En l&#8217;\u00faltima p\u00e0gina inclou una guia per a fam\u00edlies amb les claus per a abordar aquest moment.<br \/> T\u00edtols de la col\u00b7lecci\u00f3 Salut i benestar per a nens:\u00a0<\/p>\n<p> Sabates noves<br \/> Ja no necessito el bolquer<br \/> Ja no necessito el xumet<br \/> Renta&#8217;t les mans!<br \/> Renta&#8217;t les dents!<\/p>\n","protected":false},"excerpt":{"rendered":"<p>PEREZ TOLDI, ROMINA<\/p>\n","protected":false},"featured_media":54755,"template":"","meta":{"_acf_changed":false,"om_disable_all_campaigns":false,"rs_blank_template":"","rs_page_bg_color":"","slide_template_v7":"","inline_featured_image":false,"_monsterinsights_skip_tracking":false,"_monsterinsights_sitenote_active":false,"_monsterinsights_sitenote_note":"","_monsterinsights_sitenote_category":0},"product_brand":[],"product_cat":[131,361],"product_tag":[],"class_list":{"0":"post-37514","1":"product","2":"type-product","3":"status-publish","4":"has-post-thumbnail","6":"product_cat-contes-per-infants-0-6-anys","7":"product_cat-cuentos-para-ninos-0-6-anos","9":"first","10":"instock","11":"taxable","12":"shipping-taxable","13":"purchasable","14":"product-type-simple"},"acf":{"autor":"PEREZ TOLDI, ROMINA","codart":"841389181","libros-coleccion":"Salut i benestar","ediciones":"1","encuadernacion":"Carton\u00e9","fecha_de_publicacion":"01\/05\/2022","novedad":"1","paginas":"10","subtitulo":"","orden":"0","portada":"0","idioma":"cat","editorial":[{"ID":6249,"post_author":"3","post_date":"2022-07-28 17:48:09","post_date_gmt":"2022-07-28 15:48:09","post_content":"","post_title":"Estrella Polar","post_excerpt":"","post_status":"publish","comment_status":"closed","ping_status":"closed","post_password":"","post_name":"estrella-polar","to_ping":"","pinged":"","post_modified":"2022-07-28 17:48:09","post_modified_gmt":"2022-07-28 15:48:09","post_content_filtered":"","post_parent":0,"guid":"http:\/\/dev.claret.cat\/editorial\/estrella-polar\/","menu_order":0,"post_type":"editorial","post_mime_type":"","comment_count":"0","filter":"raw"}],"autores-libros":[{"ID":168441,"post_author":"3","post_date":"2022-10-14 22:19:08","post_date_gmt":"2022-10-14 20:19:08","post_content":"","post_title":"ROMINA PEREZ TOLDI","post_excerpt":"","post_status":"publish","comment_status":"closed","ping_status":"closed","post_password":"","post_name":"romina-perez-toldi","to_ping":"","pinged":"","post_modified":"2022-10-14 22:19:08","post_modified_gmt":"2022-10-14 20:19:08","post_content_filtered":"","post_parent":0,"guid":"http:\/\/dev.claret.cat\/autor\/romina-perez-toldi\/","menu_order":0,"post_type":"autor","post_mime_type":"","comment_count":"0","filter":"raw"}],"booktrailer":"","resenas":""},"aioseo_notices":[],"_links":{"self":[{"href":"https:\/\/www.claret.cat\/es\/wp-json\/wp\/v2\/product\/37514","targetHints":{"allow":["GET"]}}],"collection":[{"href":"https:\/\/www.claret.cat\/es\/wp-json\/wp\/v2\/product"}],"about":[{"href":"https:\/\/www.claret.cat\/es\/wp-json\/wp\/v2\/types\/product"}],"wp:featuredmedia":[{"embeddable":true,"href":"https:\/\/www.claret.cat\/es\/wp-json\/wp\/v2\/media\/54755"}],"wp:attachment":[{"href":"https:\/\/www.claret.cat\/es\/wp-json\/wp\/v2\/media?parent=37514"}],"wp:term":[{"taxonomy":"product_brand","embeddable":true,"href":"https:\/\/www.claret.cat\/es\/wp-json\/wp\/v2\/product_brand?post=37514"},{"taxonomy":"product_cat","embeddable":true,"href":"https:\/\/www.claret.cat\/es\/wp-json\/wp\/v2\/product_cat?post=37514"},{"taxonomy":"product_tag","embeddable":true,"href":"https:\/\/www.claret.cat\/es\/wp-json\/wp\/v2\/product_tag?post=37514"}],"curies":[{"name":"wp","href":"https:\/\/api.w.org\/{rel}","templated":true}]}}