{"id":375235,"date":"2023-01-24T12:20:31","date_gmt":"2023-01-24T11:20:31","guid":{"rendered":"https:\/\/www.claret.cat\/llibre\/el-evangelio-ferial-leido-en-la-tradicion-cristiana-tiempo-de-cuaresma-9788497155472\/"},"modified":"2025-05-13T10:55:13","modified_gmt":"2025-05-13T08:55:13","slug":"el-evangelio-ferial-leido-en-la-tradicion-cristiana-tiempo-de-cuaresma-9788497155472","status":"publish","type":"product","link":"https:\/\/www.claret.cat\/es\/libro\/el-evangelio-ferial-leido-en-la-tradicion-cristiana-tiempo-de-cuaresma-9788497155472\/","title":{"rendered":"EL EVANGELIO FERIAL LE\u00cdDO EN LA TRADICI\u00d3N CRISTIANA . TIEMPO DE CUARESMA"},"content":{"rendered":"<p>\u00abAl filo de los Evangelios feriales de Cuaresma, este libro ofrece una amplia y selecta antolog\u00eda de textos de autores cristianos de todos los tiempos, desde los Padres Apost\u00f3licos hasta autores recientes. Son textos de muy diversos autores y g\u00e9neros literarios, textos magisteriales y teol\u00f3gicos, pastorales y espirituales. Todos ellos testimonian c\u00f3mo la palabra de Dios ha sido viva y operante en la Iglesia, c\u00f3mo ha movido la piedad y ha guiado la ense\u00f1anza, ha provocado la reflexi\u00f3n y ha introducido en el misterio que nos sobrepasa. Estos textos no se interponen entre el Evangelio y nosotros; todo lo contrario: nos introducen en \u00e9l, nos hacen entender su letra y penetrar en su esp\u00edritu, son como una nube de testigos que nos ayudan a leerlo \u2013como nos ense\u00f1a el concilio Vaticano II\u2013 en el mismo Esp\u00edritu que lo ha inspirado.<br \/> \u00bbEste libro viene a llenar una laguna. Ser\u00e1 de verdadera utilidad para todos. Su autor ha elegido los textos con mucho acierto. Los ejemplos que aqu\u00ed se ofrecen pueden estimular el deseo de ampliar la lectura, de descubrir otros panoramas. Son como una ventana que nos abre a un paisaje mucho m\u00e1s amplio y variado, que va m\u00e1s all\u00e1 de lo que nuestros ojos pueden abarcar\u00bb.<\/p>\n<p> Del pr\u00f3logo del Card. Luis F. Ladaria<br \/> Prefecto de la Congregaci\u00f3n para la Doctrina de la Fe<\/p>\n","protected":false},"excerpt":{"rendered":"<p>CERVERA BARRANCO, PABLO<\/p>\n","protected":false},"featured_media":387937,"template":"","meta":{"_acf_changed":false,"om_disable_all_campaigns":false,"rs_blank_template":"","rs_page_bg_color":"","slide_template_v7":"","inline_featured_image":false,"_monsterinsights_skip_tracking":false,"_monsterinsights_sitenote_active":false,"_monsterinsights_sitenote_note":"","_monsterinsights_sitenote_category":0},"product_brand":[],"product_cat":[253,399,501,256],"product_tag":[],"class_list":{"0":"post-375235","1":"product","2":"type-product","3":"status-publish","4":"has-post-thumbnail","6":"product_cat-any-liturgic","7":"product_cat-any-liturgic-liturgia-1_espiritualidad","8":"product_cat-homiletica-liturgia-1_espiritualidad","9":"product_cat-homiletica","11":"first","12":"instock","13":"taxable","14":"shipping-taxable","15":"purchasable","16":"product-type-simple"},"acf":{"editorial":[{"ID":6157,"post_author":"3","post_date":"2022-07-28 17:46:07","post_date_gmt":"2022-07-28 15:46:07","post_content":"","post_title":"Ciudad Nueva","post_excerpt":"","post_status":"publish","comment_status":"closed","ping_status":"closed","post_password":"","post_name":"ciudad-nueva","to_ping":"","pinged":"","post_modified":"2022-07-28 17:46:07","post_modified_gmt":"2022-07-28 15:46:07","post_content_filtered":"","post_parent":0,"guid":"http:\/\/dev.claret.cat\/editorial\/ciudad-nueva\/","menu_order":0,"post_type":"editorial","post_mime_type":"","comment_count":"0","filter":"raw"}],"autor":"CERVERA BARRANCO, PABLO","codart":"849715547","libros-coleccion":"FORA DE COL.LECCI\u00d3","ediciones":"1","encuadernacion":"R\u00fastica","fecha_de_publicacion":"20\/01\/2023","novedad":"1","paginas":"218","subtitulo":"TIEMPO DE CUARESMA","orden":"0","portada":"1","idioma":"spa","autores-libros":[{"ID":166400,"post_author":"3","post_date":"2022-10-14 18:02:52","post_date_gmt":"2022-10-14 16:02:52","post_content":"","post_title":"PABLO CERVERA BARRANCO","post_excerpt":"","post_status":"publish","comment_status":"closed","ping_status":"closed","post_password":"","post_name":"pablo-cervera-barranco","to_ping":"","pinged":"","post_modified":"2022-10-14 18:02:52","post_modified_gmt":"2022-10-14 16:02:52","post_content_filtered":"","post_parent":0,"guid":"http:\/\/dev.claret.cat\/autor\/pablo-cervera-barranco\/","menu_order":0,"post_type":"autor","post_mime_type":"","comment_count":"0","filter":"raw"}],"booktrailer":"","resenas":""},"aioseo_notices":[],"_links":{"self":[{"href":"https:\/\/www.claret.cat\/es\/wp-json\/wp\/v2\/product\/375235","targetHints":{"allow":["GET"]}}],"collection":[{"href":"https:\/\/www.claret.cat\/es\/wp-json\/wp\/v2\/product"}],"about":[{"href":"https:\/\/www.claret.cat\/es\/wp-json\/wp\/v2\/types\/product"}],"wp:featuredmedia":[{"embeddable":true,"href":"https:\/\/www.claret.cat\/es\/wp-json\/wp\/v2\/media\/387937"}],"wp:attachment":[{"href":"https:\/\/www.claret.cat\/es\/wp-json\/wp\/v2\/media?parent=375235"}],"wp:term":[{"taxonomy":"product_brand","embeddable":true,"href":"https:\/\/www.claret.cat\/es\/wp-json\/wp\/v2\/product_brand?post=375235"},{"taxonomy":"product_cat","embeddable":true,"href":"https:\/\/www.claret.cat\/es\/wp-json\/wp\/v2\/product_cat?post=375235"},{"taxonomy":"product_tag","embeddable":true,"href":"https:\/\/www.claret.cat\/es\/wp-json\/wp\/v2\/product_tag?post=375235"}],"curies":[{"name":"wp","href":"https:\/\/api.w.org\/{rel}","templated":true}]}}