{"id":375437,"date":"2023-01-24T18:20:14","date_gmt":"2023-01-24T17:20:14","guid":{"rendered":"https:\/\/www.claret.cat\/llibre\/reflexions-sobre-cinema-9788466430036\/"},"modified":"2024-01-31T16:28:43","modified_gmt":"2024-01-31T15:28:43","slug":"reflexions-sobre-cinema-9788466430036","status":"publish","type":"product","link":"https:\/\/www.claret.cat\/es\/libro\/reflexions-sobre-cinema-9788466430036\/","title":{"rendered":"REFLEXIONS SOBRE CINEMA"},"content":{"rendered":"<p>L&#8221;esperad\u00edssima primera obra de no-ficci\u00f3 de Quentin Tarantino. Un llibre molt personal: un viatge \u00edntim per les seves pel\u00b7l\u00edcules preferides que ens fa entendre per qu\u00e8 Tarantino fa el cinema que fa.<br \/> A m\u00e9s de ser un dels cineastes contemporanis m\u00e9s c\u00e8lebres que hi ha, Quentin Tarantino \u00e9s probablement l&#8221;espectador de cinema m\u00e9s capa\u00e7 de contagiar el seu amor pel set\u00e8 art. Durant anys ha repetit que no estava a punt per escriure llibres sobre pel\u00b7l\u00edcules. Finalment ho ha fet, i val a dir que llegint-lo es compr\u00e8n profundament per qu\u00e8 Tarantino fa el tipus de cinema que fa. Organitzat al voltant de les pel\u00b7l\u00edcules americanes m\u00e9s importants dels anys setanta (de les m\u00e9s violentes a les m\u00e9s t\u00f2rrides), que va veure per primer cop de nen i que ha anat revisitant compulsivament al llarg de la seva vida, aquest llibre \u00e9s tan intel\u00b7lectualment rigor\u00f3s i perspica\u00e7 com divertit i entretingut.<br \/> Reflexions sobre cinema \u00e9s, alhora, cr\u00edtica cinematogr\u00e0fica i teoria del cinema, un meravell\u00f3s reportatge literari i unes mem\u00f2ries excepcionals, a l&#8221;altura de cl\u00e0ssics del g\u00e8nere com Hitchcock i Truffaut o Bu\u00f1uel.<br \/> \u00a0<br \/> El que n&#8221;ha dit la cr\u00edtica:<br \/> \u00abNo pot sorprendre ning\u00fa que la cr\u00edtica cinematogr\u00e0fica de Tarantino sigui tan rotunda, intel\u00b7ligent i enlluernadora com les seves pel\u00b7l\u00edcules\u00bb. The New York Times <br \/> \u00abL&#8221;entusiasme, la generositat i el singular punt de vista de Tarantino reforcen els seus arguments, i fins i tot quan fa caure els seus herois, ho fa per amor&#8230; Intel\u00b7ligent i obsessiu, Tarantino \u00e9s molt divertit i dif\u00edcil de superar\u00bb. Publishers Weekly <br \/> \u00abDescarat i auda\u00e7 [&#8230;]. Nodreix tant com apassiona, est\u00e0 ple de vida en el millor sentit possible. Es nota que a Tarantino li agrada analitzar les pel\u00b7l\u00edcules a fons\u00bb. The Guardian <br \/> \u00abUn debut de no-ficci\u00f3 de primer nivell d&#8221;un artista \u00fanic\u00bb. Kirkus Reviews <br \/> \u00abReflexions sobre cinema \u00e9s un llibre del tot captivador. Amb observacions agudes i intel\u00b7ligents, opinions disteses i an\u00e0lisis afilades entre personalitats i \u00e8poques, sembla dissenyat per afavorir grans discussions\u00bb. The New Yorker<\/p>\n","protected":false},"excerpt":{"rendered":"<p>TARANTINO, QUENTIN<\/p>\n","protected":false},"featured_media":380012,"template":"","meta":{"_acf_changed":false,"om_disable_all_campaigns":false,"rs_blank_template":"","rs_page_bg_color":"","slide_template_v7":"","inline_featured_image":false,"_monsterinsights_skip_tracking":false,"_monsterinsights_sitenote_active":false,"_monsterinsights_sitenote_note":"","_monsterinsights_sitenote_category":0},"product_brand":[],"product_cat":[561,112],"product_tag":[],"class_list":{"0":"post-375437","1":"product","2":"type-product","3":"status-publish","4":"has-post-thumbnail","6":"product_cat-cine-y-television","7":"product_cat-cinema-i-televisio","9":"first","10":"instock","11":"taxable","12":"shipping-taxable","13":"purchasable","14":"product-type-simple"},"acf":{"editorial":[{"ID":6166,"post_author":"3","post_date":"2022-07-28 17:46:19","post_date_gmt":"2022-07-28 15:46:19","post_content":"","post_title":"Columna CAT","post_excerpt":"","post_status":"publish","comment_status":"closed","ping_status":"closed","post_password":"","post_name":"columna-cat","to_ping":"","pinged":"","post_modified":"2022-07-28 17:46:19","post_modified_gmt":"2022-07-28 15:46:19","post_content_filtered":"","post_parent":0,"guid":"http:\/\/dev.claret.cat\/editorial\/columna-cat\/","menu_order":0,"post_type":"editorial","post_mime_type":"","comment_count":"0","filter":"raw"}],"autor":"TARANTINO, QUENTIN","codart":"846643003","libros-coleccion":"NO FICCI\u00d3 COLUMNA","ediciones":"1","encuadernacion":"R\u00fastica","fecha_de_publicacion":"01\/01\/2023","novedad":"1","paginas":"458","subtitulo":"","orden":"0","portada":"1","idioma":"cat","autores-libros":[{"ID":167453,"post_author":"3","post_date":"2022-10-14 18:11:19","post_date_gmt":"2022-10-14 16:11:19","post_content":"","post_title":"QUENTIN TARANTINO","post_excerpt":"","post_status":"publish","comment_status":"closed","ping_status":"closed","post_password":"","post_name":"quentin-tarantino","to_ping":"","pinged":"","post_modified":"2022-10-14 18:11:19","post_modified_gmt":"2022-10-14 16:11:19","post_content_filtered":"","post_parent":0,"guid":"http:\/\/dev.claret.cat\/autor\/quentin-tarantino\/","menu_order":0,"post_type":"autor","post_mime_type":"","comment_count":"0","filter":"raw"}]},"aioseo_notices":[],"_links":{"self":[{"href":"https:\/\/www.claret.cat\/es\/wp-json\/wp\/v2\/product\/375437","targetHints":{"allow":["GET"]}}],"collection":[{"href":"https:\/\/www.claret.cat\/es\/wp-json\/wp\/v2\/product"}],"about":[{"href":"https:\/\/www.claret.cat\/es\/wp-json\/wp\/v2\/types\/product"}],"wp:featuredmedia":[{"embeddable":true,"href":"https:\/\/www.claret.cat\/es\/wp-json\/wp\/v2\/media\/380012"}],"wp:attachment":[{"href":"https:\/\/www.claret.cat\/es\/wp-json\/wp\/v2\/media?parent=375437"}],"wp:term":[{"taxonomy":"product_brand","embeddable":true,"href":"https:\/\/www.claret.cat\/es\/wp-json\/wp\/v2\/product_brand?post=375437"},{"taxonomy":"product_cat","embeddable":true,"href":"https:\/\/www.claret.cat\/es\/wp-json\/wp\/v2\/product_cat?post=375437"},{"taxonomy":"product_tag","embeddable":true,"href":"https:\/\/www.claret.cat\/es\/wp-json\/wp\/v2\/product_tag?post=375437"}],"curies":[{"name":"wp","href":"https:\/\/api.w.org\/{rel}","templated":true}]}}