{"id":37544,"date":"2022-10-02T18:37:47","date_gmt":"2022-10-02T16:37:47","guid":{"rendered":"http:\/\/dev.claret.cat\/producte\/tres-amigos-de-jesus\/"},"modified":"2024-05-02T05:28:12","modified_gmt":"2024-05-02T03:28:12","slug":"tres-amigos-de-jesus-9788428838634","status":"publish","type":"product","link":"https:\/\/www.claret.cat\/es\/libro\/tres-amigos-de-jesus-9788428838634\/","title":{"rendered":"TRES AMIGOS DE JES\u00daS"},"content":{"rendered":"<p>Ana, Marcos y Mara son tres amigos que viven en Cafarna\u00fam. De manera inesperada, Jes\u00fas entra a formar parte de sus vidas y, a partir de ese momento, todo cambia en ellas&#8230; \u00c9l les ense\u00f1a una nueva forma de relacionarse con Dios y con los dem\u00e1s desde el respeto, la misericordia y el amor.Las narraciones de este libro de Ana Llorens, ilustrado por Gema Garc\u00eda,\u00a0&#8216;tienen algo de magia y de sorpresa: al leerlas descubrimos que ya est\u00e1bamos dentro, que nos estaban esperando para que form\u00e1ramos parte del grupo de Ana, Marcos y Mara, los tres amigos de Jes\u00fas. Y es que a \u00e9l le gustaba tener cerca a la gente que quer\u00eda y ahora, los que le vamos conociendo, somos sus amigos de verdad&#8217; (D. Aleixandre).<\/p>\n","protected":false},"excerpt":{"rendered":"<p>LLORENS FOR\u00c9S, ANA; GARC\u00cdA INGELMO, GEMA<\/p>\n","protected":false},"featured_media":338411,"template":"","meta":{"_acf_changed":false,"om_disable_all_campaigns":false,"rs_blank_template":"","rs_page_bg_color":"","slide_template_v7":"","inline_featured_image":false,"_monsterinsights_skip_tracking":false,"_monsterinsights_sitenote_active":false,"_monsterinsights_sitenote_note":"","_monsterinsights_sitenote_category":0},"product_brand":[],"product_cat":[482,224,225,483,227,389],"product_tag":[],"class_list":{"0":"post-37544","1":"product","2":"type-product","3":"status-publish","4":"has-post-thumbnail","6":"product_cat-biblias-didacticas","7":"product_cat-biblies-didactiques","8":"product_cat-catecismes","9":"product_cat-catecismos","10":"product_cat-formacio","11":"product_cat-formacion","13":"first","14":"instock","15":"taxable","16":"shipping-taxable","17":"purchasable","18":"product-type-simple"},"acf":{"autor":"LLORENS FOR\u00c9S, ANA; GARC\u00cdA INGELMO, GEMA","codart":"842883863","libros-coleccion":"FUERA DE COLECCI\u00d3N","ediciones":"1","encuadernacion":"Carton\u00e9","fecha_de_publicacion":"04\/05\/2022","novedad":"1","paginas":"70","subtitulo":"","orden":"0","portada":"0","idioma":"spa","editorial":[{"ID":6335,"post_author":"3","post_date":"2022-07-28 17:49:59","post_date_gmt":"2022-07-28 15:49:59","post_content":"","post_title":"PPC altres","post_excerpt":"","post_status":"publish","comment_status":"closed","ping_status":"closed","post_password":"","post_name":"ppc-altres","to_ping":"","pinged":"","post_modified":"2022-07-28 17:49:59","post_modified_gmt":"2022-07-28 15:49:59","post_content_filtered":"","post_parent":0,"guid":"http:\/\/dev.claret.cat\/editorial\/ppc-altres\/","menu_order":0,"post_type":"editorial","post_mime_type":"","comment_count":"0","filter":"raw"}],"autores-libros":[{"ID":156654,"post_author":"3","post_date":"2022-10-14 15:22:32","post_date_gmt":"2022-10-14 13:22:32","post_content":"","post_title":"GEMA GARC\u00cdA INGELMO","post_excerpt":"","post_status":"publish","comment_status":"closed","ping_status":"closed","post_password":"","post_name":"gema-garcia-ingelmo","to_ping":"","pinged":"","post_modified":"2022-10-14 15:22:32","post_modified_gmt":"2022-10-14 13:22:32","post_content_filtered":"","post_parent":0,"guid":"http:\/\/dev.claret.cat\/autor\/gema-garcia-ingelmo\/","menu_order":0,"post_type":"autor","post_mime_type":"","comment_count":"0","filter":"raw"},{"ID":150095,"post_author":"3","post_date":"2022-10-14 14:30:11","post_date_gmt":"2022-10-14 12:30:11","post_content":"","post_title":"ANA LLORENS FOR\u00c9S","post_excerpt":"","post_status":"publish","comment_status":"closed","ping_status":"closed","post_password":"","post_name":"ana-llorens-fores","to_ping":"","pinged":"","post_modified":"2022-10-14 14:30:11","post_modified_gmt":"2022-10-14 12:30:11","post_content_filtered":"","post_parent":0,"guid":"http:\/\/dev.claret.cat\/autor\/ana-llorens-fores\/","menu_order":0,"post_type":"autor","post_mime_type":"","comment_count":"0","filter":"raw"}]},"aioseo_notices":[],"_links":{"self":[{"href":"https:\/\/www.claret.cat\/es\/wp-json\/wp\/v2\/product\/37544","targetHints":{"allow":["GET"]}}],"collection":[{"href":"https:\/\/www.claret.cat\/es\/wp-json\/wp\/v2\/product"}],"about":[{"href":"https:\/\/www.claret.cat\/es\/wp-json\/wp\/v2\/types\/product"}],"wp:featuredmedia":[{"embeddable":true,"href":"https:\/\/www.claret.cat\/es\/wp-json\/wp\/v2\/media\/338411"}],"wp:attachment":[{"href":"https:\/\/www.claret.cat\/es\/wp-json\/wp\/v2\/media?parent=37544"}],"wp:term":[{"taxonomy":"product_brand","embeddable":true,"href":"https:\/\/www.claret.cat\/es\/wp-json\/wp\/v2\/product_brand?post=37544"},{"taxonomy":"product_cat","embeddable":true,"href":"https:\/\/www.claret.cat\/es\/wp-json\/wp\/v2\/product_cat?post=37544"},{"taxonomy":"product_tag","embeddable":true,"href":"https:\/\/www.claret.cat\/es\/wp-json\/wp\/v2\/product_tag?post=37544"}],"curies":[{"name":"wp","href":"https:\/\/api.w.org\/{rel}","templated":true}]}}