{"id":375508,"date":"2023-01-24T19:00:02","date_gmt":"2023-01-24T18:00:02","guid":{"rendered":"https:\/\/www.claret.cat\/llibre\/triomfador-9788412538472\/"},"modified":"2025-03-18T16:41:48","modified_gmt":"2025-03-18T15:41:48","slug":"triomfador-9788412538472","status":"publish","type":"product","link":"https:\/\/www.claret.cat\/es\/libro\/triomfador-9788412538472\/","title":{"rendered":"TRIOMFADOR"},"content":{"rendered":"<p>L&#8217;Ulisses t\u00e9 13 anys i acaba de fitxar pel Bar\u00e7a, aix\u00ed que s&#8217;instal\u00b7la a La Masia, on espera poder assolir el somni de convertir-se en jugador professional. A partir d&#8217;aquest moment, la il\u00b7lusi\u00f3 de la seva vida es transforma en un malson.<br \/> Amb una prosa quir\u00fargica i incisiva, Joan Jordi Miralles ens trasllada a principis dels anys 90, a l&#8217; ambient viciat d&#8217;un centre de formaci\u00f3 per a joves esportistes on les pallisses, la humiliaci\u00f3 constant i l&#8217;anul\u00b7laci\u00f3 de la personalitat s\u00f3n la norma. Un entorn mascul\u00ed on impera la llei del m\u00e9s fort i on es sobreviu a base d&#8217;amagar les ll\u00e0grimes. Triomfador \u00e9s una novel\u00b7la que causa un efecte gaireb\u00e9 f\u00edsic en el lector, un llibre que q\u00fcestiona els valors depredadors sobre els que es fonamenta l&#8217;esport d&#8217;elit, i bona part de la nostra societat.<\/p>\n","protected":false},"excerpt":{"rendered":"<p>MIRALLES, JOAN JORDI<\/p>\n","protected":false},"featured_media":378932,"template":"","meta":{"_acf_changed":false,"om_disable_all_campaigns":false,"rs_blank_template":"","rs_page_bg_color":"","slide_template_v7":"","inline_featured_image":false,"_monsterinsights_skip_tracking":false,"_monsterinsights_sitenote_active":false,"_monsterinsights_sitenote_note":"","_monsterinsights_sitenote_category":0},"product_brand":[],"product_cat":[127,357],"product_tag":[],"class_list":{"0":"post-375508","1":"product","2":"type-product","3":"status-publish","4":"has-post-thumbnail","6":"product_cat-novella-contemporania","7":"product_cat-novela-contemporanea","9":"first","10":"instock","11":"taxable","12":"shipping-taxable","13":"purchasable","14":"product-type-simple"},"acf":{"editorial":[{"ID":6230,"post_author":"3","post_date":"2022-07-28 17:47:42","post_date_gmt":"2022-07-28 15:47:42","post_content":"","post_title":"Editorial Males Herbes","post_excerpt":"","post_status":"publish","comment_status":"closed","ping_status":"closed","post_password":"","post_name":"editorial-males-herbes","to_ping":"","pinged":"","post_modified":"2022-07-28 17:47:42","post_modified_gmt":"2022-07-28 15:47:42","post_content_filtered":"","post_parent":0,"guid":"http:\/\/dev.claret.cat\/editorial\/editorial-males-herbes\/","menu_order":0,"post_type":"editorial","post_mime_type":"","comment_count":"0","filter":"raw"}],"autor":"MIRALLES, JOAN JORDI","codart":"841253847","libros-coleccion":"Distorsions","ediciones":"1","encuadernacion":"R\u00fastica","fecha_de_publicacion":"01\/01\/2023","novedad":"1","paginas":"208","subtitulo":"","orden":"0","portada":"0","idioma":"cat","autores-libros":[{"ID":159333,"post_author":"3","post_date":"2022-10-14 15:43:59","post_date_gmt":"2022-10-14 13:43:59","post_content":"","post_title":"JOAN JORDI MIRALLES","post_excerpt":"","post_status":"publish","comment_status":"closed","ping_status":"closed","post_password":"","post_name":"joan-jordi-miralles-2","to_ping":"","pinged":"","post_modified":"2022-10-14 15:43:59","post_modified_gmt":"2022-10-14 13:43:59","post_content_filtered":"","post_parent":0,"guid":"http:\/\/dev.claret.cat\/autor\/joan-jordi-miralles-2\/","menu_order":0,"post_type":"autor","post_mime_type":"","comment_count":"0","filter":"raw"}]},"aioseo_notices":[],"_links":{"self":[{"href":"https:\/\/www.claret.cat\/es\/wp-json\/wp\/v2\/product\/375508","targetHints":{"allow":["GET"]}}],"collection":[{"href":"https:\/\/www.claret.cat\/es\/wp-json\/wp\/v2\/product"}],"about":[{"href":"https:\/\/www.claret.cat\/es\/wp-json\/wp\/v2\/types\/product"}],"wp:featuredmedia":[{"embeddable":true,"href":"https:\/\/www.claret.cat\/es\/wp-json\/wp\/v2\/media\/378932"}],"wp:attachment":[{"href":"https:\/\/www.claret.cat\/es\/wp-json\/wp\/v2\/media?parent=375508"}],"wp:term":[{"taxonomy":"product_brand","embeddable":true,"href":"https:\/\/www.claret.cat\/es\/wp-json\/wp\/v2\/product_brand?post=375508"},{"taxonomy":"product_cat","embeddable":true,"href":"https:\/\/www.claret.cat\/es\/wp-json\/wp\/v2\/product_cat?post=375508"},{"taxonomy":"product_tag","embeddable":true,"href":"https:\/\/www.claret.cat\/es\/wp-json\/wp\/v2\/product_tag?post=375508"}],"curies":[{"name":"wp","href":"https:\/\/api.w.org\/{rel}","templated":true}]}}