{"id":375521,"date":"2023-01-24T19:10:02","date_gmt":"2023-01-24T18:10:02","guid":{"rendered":"https:\/\/www.claret.cat\/llibre\/religarnos-9788411211253\/"},"modified":"2023-10-06T06:36:38","modified_gmt":"2023-10-06T04:36:38","slug":"religarnos-mas-alla-del-monopolio-de-la-religion-9788411211253","status":"publish","type":"product","link":"https:\/\/www.claret.cat\/es\/libro\/religarnos-mas-alla-del-monopolio-de-la-religion-9788411211253\/","title":{"rendered":"RELIGARNOS. M\u00c1S ALL\u00c1 DEL MONOPOLIO DE LA RELIGI\u00d3N"},"content":{"rendered":"<p>La cr\u00edtica a la religi\u00f3n se ha convertido en un lugar com\u00fan. Abundan tanto las denuncias a sus abusos hist\u00f3ricos e institucionales como las propuestas que apelan por una \u00abespiritualidad sin religi\u00f3n\u00bb. De lo que no se ha hablado suficientemente es de su papel en la crisis civilizatoria. <br \/>  Este libro denuncia la dimensi\u00f3n religiosa de la crisis actual. Desvela a la religi\u00f3n como el monopolio radical que secuestra las capacidades personales y colectivas para relacionarnos con el Misterio, enajen\u00e1ndonos de la realidad en aras de un proyecto de mundo puramente artificial. El autor se aleja en su an\u00e1lisis tanto de las religiones institucionalizadas como de los rostros de la espiritualidad asimilada por el mercado. Busca la recuperaci\u00f3n de la relaci\u00f3n personal y comunitaria con la misteriosidad de lo real a trav\u00e9s de la amistad y el retorno a los sentidos.<\/p>\n","protected":false},"excerpt":{"rendered":"<p>GONZ\u00c1LEZ G\u00d3MEZ, EL\u00cdAS<\/p>\n","protected":false},"featured_media":375803,"template":"","meta":{"_acf_changed":false,"om_disable_all_campaigns":false,"rs_blank_template":"","rs_page_bg_color":"","slide_template_v7":"","inline_featured_image":false,"_monsterinsights_skip_tracking":false,"_monsterinsights_sitenote_active":false,"_monsterinsights_sitenote_note":"","_monsterinsights_sitenote_category":0},"product_brand":[],"product_cat":[544],"product_tag":[],"class_list":{"0":"post-375521","1":"product","2":"type-product","3":"status-publish","4":"has-post-thumbnail","6":"product_cat-religiones","8":"first","9":"instock","10":"taxable","11":"shipping-taxable","12":"purchasable","13":"product-type-simple"},"acf":{"editorial":[{"ID":147993,"post_author":"3","post_date":"2022-10-14 11:54:48","post_date_gmt":"2022-10-14 09:54:48","post_content":"","post_title":"Editorial Kair\u00f3s SA","post_excerpt":"","post_status":"publish","comment_status":"closed","ping_status":"closed","post_password":"","post_name":"editorial-kairos-sa","to_ping":"","pinged":"","post_modified":"2022-10-14 11:54:48","post_modified_gmt":"2022-10-14 09:54:48","post_content_filtered":"","post_parent":0,"guid":"http:\/\/dev.claret.cat\/editorial\/editorial-kairos-sa\/","menu_order":0,"post_type":"editorial","post_mime_type":"","comment_count":"0","filter":"raw"}],"autor":"GONZ\u00c1LEZ G\u00d3MEZ, EL\u00cdAS","codart":"841121125","libros-coleccion":"Sabidur\u00eda perenne","ediciones":"1","encuadernacion":"R\u00fastica","fecha_de_publicacion":"01\/01\/2023","novedad":"1","paginas":"445","subtitulo":"M\u00c1S ALL\u00c1 DEL MONOPOLIO DE LA RELIGI\u00d3N","orden":"0","portada":"0","idioma":"spa","autores-libros":[{"ID":422149,"post_author":"3","post_date":"2023-05-16 07:12:56","post_date_gmt":"2023-05-16 05:12:56","post_content":"","post_title":"EL\u00cdAS GONZ\u00c1LEZ G\u00d3MEZ","post_excerpt":"","post_status":"publish","comment_status":"closed","ping_status":"closed","post_password":"","post_name":"elias-gonzalez-gomez","to_ping":"","pinged":"","post_modified":"2023-05-16 07:12:56","post_modified_gmt":"2023-05-16 05:12:56","post_content_filtered":"","post_parent":0,"guid":"https:\/\/www.claret.cat\/autor\/elias-gonzalez-gomez\/","menu_order":0,"post_type":"autor","post_mime_type":"","comment_count":"0","filter":"raw"}]},"aioseo_notices":[],"_links":{"self":[{"href":"https:\/\/www.claret.cat\/es\/wp-json\/wp\/v2\/product\/375521","targetHints":{"allow":["GET"]}}],"collection":[{"href":"https:\/\/www.claret.cat\/es\/wp-json\/wp\/v2\/product"}],"about":[{"href":"https:\/\/www.claret.cat\/es\/wp-json\/wp\/v2\/types\/product"}],"wp:featuredmedia":[{"embeddable":true,"href":"https:\/\/www.claret.cat\/es\/wp-json\/wp\/v2\/media\/375803"}],"wp:attachment":[{"href":"https:\/\/www.claret.cat\/es\/wp-json\/wp\/v2\/media?parent=375521"}],"wp:term":[{"taxonomy":"product_brand","embeddable":true,"href":"https:\/\/www.claret.cat\/es\/wp-json\/wp\/v2\/product_brand?post=375521"},{"taxonomy":"product_cat","embeddable":true,"href":"https:\/\/www.claret.cat\/es\/wp-json\/wp\/v2\/product_cat?post=375521"},{"taxonomy":"product_tag","embeddable":true,"href":"https:\/\/www.claret.cat\/es\/wp-json\/wp\/v2\/product_tag?post=375521"}],"curies":[{"name":"wp","href":"https:\/\/api.w.org\/{rel}","templated":true}]}}