{"id":375611,"date":"2023-01-24T19:20:44","date_gmt":"2023-01-24T18:20:44","guid":{"rendered":"https:\/\/www.claret.cat\/llibre\/algo-supuestamente-divertido-que-nunca-volvere-a-hacer-9788499083568\/"},"modified":"2024-04-18T12:15:52","modified_gmt":"2024-04-18T10:15:52","slug":"algo-supuestamente-divertido-que-nunca-volvere-a-hacer-9788499083568","status":"publish","type":"product","link":"https:\/\/www.claret.cat\/es\/libro\/algo-supuestamente-divertido-que-nunca-volvere-a-hacer-9788499083568\/","title":{"rendered":"ALGO SUPUESTAMENTE DIVERTIDO QUE NUNCA VOLVER\u00c9 A HACER"},"content":{"rendered":"<p>Este art\u00edculo es una de las radiograf\u00edas m\u00e1s agudas e irreverentes de  la cultura americana de fin de siglo, en la que se entremezclan la familiaridad, el asombro y una mordacidad descabellada. Foster Wallace elabora en Algo supuestamente divertido que nunca volver\u00e9 a hacer una postal gigantesca basada en su  experiencia en un crucero de lujo por el Caribe. Lo que a primera vista  parece ser un simple viaje \u00abpara relajarse\u00bb, en manos de un humor  delirante y un cinismo corrosivo acabar\u00e1 convirti\u00e9ndose en el horror m\u00e1s  absoluto. Foster Wallace reflexiona sobre la presi\u00f3n para relajarse y  disfrutar y c\u00f3mo las indulgencias del viaje le llevan a una introspecci\u00f3n autoflagelante. La cr\u00edtica ha dicho&#8230;<br \/>\u00abLa obra de no ficci\u00f3n m\u00e1s brillante y divertida que se ha escrito en los \u00faltimos a\u00f1os.\u00bb<br \/>John Glassie, Time Out New York \u00abAnimado por una prosa maravillosamente exuberante [&#8230;] este volumen  confirma al se\u00f1or Wallace como uno de los talentos m\u00e1s destacados de su generaci\u00f3n.\u00bb<br \/>The New York Times \u00abWallace escribe con una intensidad que transforma un reportaje err\u00e1tico en una forma sui generis de filosof\u00eda.\u00bb<br \/>Kirkus Reviews \u00abSu instinto para reproducir lo coloquial avergonzar\u00eda a maestros como  Pynchon y DeLillo, y la sobriedad humana que confiere a sus temas, de  ficci\u00f3n o de no ficci\u00f3n, deber\u00edan ser un modelo para cualquiera que  escriba cr\u00edtica cultural, tanto en la forma de relatos  como en ensayos como estos.\u00bb<br \/>Publishers Weekly<\/p>\n","protected":false},"excerpt":{"rendered":"<p>WALLACE, DAVID FOSTER<\/p>\n","protected":false},"featured_media":380500,"template":"","meta":{"_acf_changed":false,"om_disable_all_campaigns":false,"rs_blank_template":"","rs_page_bg_color":"","slide_template_v7":"","inline_featured_image":false,"_monsterinsights_skip_tracking":false,"_monsterinsights_sitenote_active":false,"_monsterinsights_sitenote_note":"","_monsterinsights_sitenote_category":0},"product_brand":[],"product_cat":[90,540],"product_tag":[],"class_list":{"0":"post-375611","1":"product","2":"type-product","3":"status-publish","4":"has-post-thumbnail","6":"product_cat-altres","7":"product_cat-otros","9":"first","10":"instock","11":"taxable","12":"shipping-taxable","13":"purchasable","14":"product-type-simple"},"acf":{"editorial":[{"ID":6178,"post_author":"3","post_date":"2022-07-28 17:46:34","post_date_gmt":"2022-07-28 15:46:34","post_content":"","post_title":"DEBOLSILLO","post_excerpt":"","post_status":"publish","comment_status":"closed","ping_status":"closed","post_password":"","post_name":"debolsillo","to_ping":"","pinged":"","post_modified":"2022-07-28 17:46:34","post_modified_gmt":"2022-07-28 15:46:34","post_content_filtered":"","post_parent":0,"guid":"http:\/\/dev.claret.cat\/editorial\/debolsillo\/","menu_order":0,"post_type":"editorial","post_mime_type":"","comment_count":"0","filter":"raw"}],"autor":"WALLACE, DAVID FOSTER","codart":"849908356","libros-coleccion":"CONTEMPORANEA","ediciones":"1","encuadernacion":"R\u00fastica","fecha_de_publicacion":"01\/02\/2010","novedad":"1","paginas":"0","subtitulo":"","orden":"0","portada":"0","idioma":"spa","autores-libros":[{"ID":380499,"post_author":"3","post_date":"2023-02-02 13:12:52","post_date_gmt":"2023-02-02 12:12:52","post_content":"","post_title":"DAVID FOSTER WALLACE","post_excerpt":"","post_status":"publish","comment_status":"closed","ping_status":"closed","post_password":"","post_name":"david-foster-wallace-2","to_ping":"","pinged":"","post_modified":"2023-02-02 13:12:52","post_modified_gmt":"2023-02-02 12:12:52","post_content_filtered":"","post_parent":0,"guid":"https:\/\/www.claret.cat\/autor\/david-foster-wallace-2\/","menu_order":0,"post_type":"autor","post_mime_type":"","comment_count":"0","filter":"raw"}]},"aioseo_notices":[],"_links":{"self":[{"href":"https:\/\/www.claret.cat\/es\/wp-json\/wp\/v2\/product\/375611","targetHints":{"allow":["GET"]}}],"collection":[{"href":"https:\/\/www.claret.cat\/es\/wp-json\/wp\/v2\/product"}],"about":[{"href":"https:\/\/www.claret.cat\/es\/wp-json\/wp\/v2\/types\/product"}],"wp:featuredmedia":[{"embeddable":true,"href":"https:\/\/www.claret.cat\/es\/wp-json\/wp\/v2\/media\/380500"}],"wp:attachment":[{"href":"https:\/\/www.claret.cat\/es\/wp-json\/wp\/v2\/media?parent=375611"}],"wp:term":[{"taxonomy":"product_brand","embeddable":true,"href":"https:\/\/www.claret.cat\/es\/wp-json\/wp\/v2\/product_brand?post=375611"},{"taxonomy":"product_cat","embeddable":true,"href":"https:\/\/www.claret.cat\/es\/wp-json\/wp\/v2\/product_cat?post=375611"},{"taxonomy":"product_tag","embeddable":true,"href":"https:\/\/www.claret.cat\/es\/wp-json\/wp\/v2\/product_tag?post=375611"}],"curies":[{"name":"wp","href":"https:\/\/api.w.org\/{rel}","templated":true}]}}