{"id":37571,"date":"2022-10-02T18:38:12","date_gmt":"2022-10-02T16:38:12","guid":{"rendered":"http:\/\/dev.claret.cat\/producte\/mandalas-bollywood\/"},"modified":"2023-10-06T09:33:31","modified_gmt":"2023-10-06T07:33:31","slug":"mandalas-bollywood-9788418882944","status":"publish","type":"product","link":"https:\/\/www.claret.cat\/es\/libro\/mandalas-bollywood-9788418882944\/","title":{"rendered":"MANDALAS. BOLLYWOOD"},"content":{"rendered":"<p>M\u00e1s de 60 motivos inspirados en la rica y variedad oferta f\u00edlmica de la India, para colorear a tu gusto. Rotuladores, pinturas, pasteles&#8230; sorpr\u00e9ndete con diferentes t\u00e9cnicas y deja volar la imaginaci\u00f3n y la creatividad. Con el paso de las p\u00e1ginas, tu Art Book para colorear \u00a1se transforma en un original libro de arte! Escoge tus m\u00e1s bellas creaciones y convi\u00e9rtelas en decorativos cuadros para colgar o regalar.<\/p>\n","protected":false},"excerpt":{"rendered":"<p>\u00c9DITIONS LAROUSSE<\/p>\n","protected":false},"featured_media":54793,"template":"","meta":{"_acf_changed":false,"om_disable_all_campaigns":false,"rs_blank_template":"","rs_page_bg_color":"","slide_template_v7":"","inline_featured_image":false,"_monsterinsights_skip_tracking":false,"_monsterinsights_sitenote_active":false,"_monsterinsights_sitenote_note":"","_monsterinsights_sitenote_category":0},"product_brand":[],"product_cat":[551],"product_tag":[],"class_list":{"0":"post-37571","1":"product","2":"type-product","3":"status-publish","4":"has-post-thumbnail","6":"product_cat-manualidades","8":"first","9":"instock","10":"taxable","11":"shipping-taxable","12":"purchasable","13":"product-type-simple"},"acf":{"autor":"\u00c9DITIONS LAROUSSE","codart":"841888294","libros-coleccion":"Larousse - Libros Ilustrados\/ Pr\u00e1cticos","ediciones":"1","encuadernacion":"R\u00fastica","fecha_de_publicacion":"01\/04\/2022","novedad":"1","paginas":"64","subtitulo":"","orden":"0","portada":"0","idioma":"spa","editorial":[{"ID":148398,"post_author":"3","post_date":"2022-10-14 11:57:56","post_date_gmt":"2022-10-14 09:57:56","post_content":"","post_title":"Larousse","post_excerpt":"","post_status":"publish","comment_status":"closed","ping_status":"closed","post_password":"","post_name":"larousse","to_ping":"","pinged":"","post_modified":"2022-10-14 11:57:56","post_modified_gmt":"2022-10-14 09:57:56","post_content_filtered":"","post_parent":0,"guid":"http:\/\/dev.claret.cat\/editorial\/larousse\/","menu_order":0,"post_type":"editorial","post_mime_type":"","comment_count":"0","filter":"raw"}],"autores-libros":[{"ID":154517,"post_author":"3","post_date":"2022-10-14 15:05:26","post_date_gmt":"2022-10-14 13:05:26","post_content":"","post_title":"\u00c9DITIONS LAROUSSE","post_excerpt":"","post_status":"publish","comment_status":"closed","ping_status":"closed","post_password":"","post_name":"editions-larousse","to_ping":"","pinged":"","post_modified":"2022-10-14 15:05:26","post_modified_gmt":"2022-10-14 13:05:26","post_content_filtered":"","post_parent":0,"guid":"http:\/\/dev.claret.cat\/autor\/editions-larousse\/","menu_order":0,"post_type":"autor","post_mime_type":"","comment_count":"0","filter":"raw"}]},"aioseo_notices":[],"_links":{"self":[{"href":"https:\/\/www.claret.cat\/es\/wp-json\/wp\/v2\/product\/37571","targetHints":{"allow":["GET"]}}],"collection":[{"href":"https:\/\/www.claret.cat\/es\/wp-json\/wp\/v2\/product"}],"about":[{"href":"https:\/\/www.claret.cat\/es\/wp-json\/wp\/v2\/types\/product"}],"wp:featuredmedia":[{"embeddable":true,"href":"https:\/\/www.claret.cat\/es\/wp-json\/wp\/v2\/media\/54793"}],"wp:attachment":[{"href":"https:\/\/www.claret.cat\/es\/wp-json\/wp\/v2\/media?parent=37571"}],"wp:term":[{"taxonomy":"product_brand","embeddable":true,"href":"https:\/\/www.claret.cat\/es\/wp-json\/wp\/v2\/product_brand?post=37571"},{"taxonomy":"product_cat","embeddable":true,"href":"https:\/\/www.claret.cat\/es\/wp-json\/wp\/v2\/product_cat?post=37571"},{"taxonomy":"product_tag","embeddable":true,"href":"https:\/\/www.claret.cat\/es\/wp-json\/wp\/v2\/product_tag?post=37571"}],"curies":[{"name":"wp","href":"https:\/\/api.w.org\/{rel}","templated":true}]}}