{"id":375954,"date":"2023-01-25T18:15:10","date_gmt":"2023-01-25T17:15:10","guid":{"rendered":"https:\/\/www.claret.cat\/llibre\/carlos-de-foucauld-9788497155366\/"},"modified":"2024-10-15T11:12:13","modified_gmt":"2024-10-15T09:12:13","slug":"carlos-de-foucauld-9788497155366","status":"publish","type":"product","link":"https:\/\/www.claret.cat\/es\/libro\/carlos-de-foucauld-9788497155366\/","title":{"rendered":"CARLOS DE FOUCAULD"},"content":{"rendered":"<p>\u00abQuerer rezar con un santo nos lleva a penetrar en su universo espiritual y a descubrir las fuentes de su vida, pues la vida empapa la oraci\u00f3n del mismo modo que \u00e9sta inspira nuestro comportamiento. Desde aqu\u00ed formulo el deseo de que esta selecci\u00f3n de textos de Carlos de Foucauld, y los comentarios que los acompa\u00f1an, puedan ayudarte a rezar y tambi\u00e9n a vivir, \u00a1y m\u00e1s de quince d\u00edas!\u00bb. (De la Introducci\u00f3n de 15 d\u00edas con Carlos de Foucauld)<\/p>\n","protected":false},"excerpt":{"rendered":"<p>LAFON, MICHEL<\/p>\n","protected":false},"featured_media":376189,"template":"","meta":{"_acf_changed":false,"om_disable_all_campaigns":false,"rs_blank_template":"","rs_page_bg_color":"","slide_template_v7":"","inline_featured_image":false,"_monsterinsights_skip_tracking":false,"_monsterinsights_sitenote_active":false,"_monsterinsights_sitenote_note":"","_monsterinsights_sitenote_category":0},"product_brand":[],"product_cat":[545,95,542,92],"product_tag":[],"class_list":{"0":"post-375954","1":"product","2":"type-product","3":"status-publish","4":"has-post-thumbnail","6":"product_cat-santoral-1_espiritualidad-spa","7":"product_cat-santoral","8":"product_cat-vida-religiosa-1_espiritualidad-spa","9":"product_cat-vida-religiosa","11":"first","12":"instock","13":"taxable","14":"shipping-taxable","15":"purchasable","16":"product-type-simple"},"acf":{"editorial":[{"ID":6157,"post_author":"3","post_date":"2022-07-28 17:46:07","post_date_gmt":"2022-07-28 15:46:07","post_content":"","post_title":"Ciudad Nueva","post_excerpt":"","post_status":"publish","comment_status":"closed","ping_status":"closed","post_password":"","post_name":"ciudad-nueva","to_ping":"","pinged":"","post_modified":"2022-07-28 17:46:07","post_modified_gmt":"2022-07-28 15:46:07","post_content_filtered":"","post_parent":0,"guid":"http:\/\/dev.claret.cat\/editorial\/ciudad-nueva\/","menu_order":0,"post_type":"editorial","post_mime_type":"","comment_count":"0","filter":"raw"}],"autor":"LAFON, MICHEL","codart":"849715536","libros-coleccion":"","ediciones":"1","encuadernacion":"R\u00fastica","fecha_de_publicacion":"25\/01\/2023","novedad":"0","paginas":"125","subtitulo":"","orden":"999","portada":"0","idioma":"spa","autores-libros":[{"ID":363232,"post_author":"3","post_date":"2023-01-15 10:46:13","post_date_gmt":"2023-01-15 09:46:13","post_content":"","post_title":"MICHEL LAFON","post_excerpt":"","post_status":"publish","comment_status":"closed","ping_status":"closed","post_password":"","post_name":"michel-lafon","to_ping":"","pinged":"","post_modified":"2023-01-15 10:46:13","post_modified_gmt":"2023-01-15 09:46:13","post_content_filtered":"","post_parent":0,"guid":"https:\/\/www.claret.cat\/autor\/michel-lafon\/","menu_order":0,"post_type":"autor","post_mime_type":"","comment_count":"0","filter":"raw"}]},"aioseo_notices":[],"_links":{"self":[{"href":"https:\/\/www.claret.cat\/es\/wp-json\/wp\/v2\/product\/375954","targetHints":{"allow":["GET"]}}],"collection":[{"href":"https:\/\/www.claret.cat\/es\/wp-json\/wp\/v2\/product"}],"about":[{"href":"https:\/\/www.claret.cat\/es\/wp-json\/wp\/v2\/types\/product"}],"wp:featuredmedia":[{"embeddable":true,"href":"https:\/\/www.claret.cat\/es\/wp-json\/wp\/v2\/media\/376189"}],"wp:attachment":[{"href":"https:\/\/www.claret.cat\/es\/wp-json\/wp\/v2\/media?parent=375954"}],"wp:term":[{"taxonomy":"product_brand","embeddable":true,"href":"https:\/\/www.claret.cat\/es\/wp-json\/wp\/v2\/product_brand?post=375954"},{"taxonomy":"product_cat","embeddable":true,"href":"https:\/\/www.claret.cat\/es\/wp-json\/wp\/v2\/product_cat?post=375954"},{"taxonomy":"product_tag","embeddable":true,"href":"https:\/\/www.claret.cat\/es\/wp-json\/wp\/v2\/product_tag?post=375954"}],"curies":[{"name":"wp","href":"https:\/\/api.w.org\/{rel}","templated":true}]}}