{"id":37601,"date":"2022-10-02T18:38:40","date_gmt":"2022-10-02T16:38:40","guid":{"rendered":"http:\/\/dev.claret.cat\/producte\/los-momentos-top-del-mayor-influencer-de-la-historia\/"},"modified":"2023-10-06T10:24:55","modified_gmt":"2023-10-06T08:24:55","slug":"los-momentos-top-del-mayor-influencer-de-la-historia-9788409394388","status":"publish","type":"product","link":"https:\/\/www.claret.cat\/es\/libro\/los-momentos-top-del-mayor-influencer-de-la-historia-9788409394388\/","title":{"rendered":"LOS MOMENTOS + TOP DEL MAYOR INFLUENCER DE LA HISTORIA"},"content":{"rendered":"","protected":false},"excerpt":{"rendered":"<p>GIL RUIZ, \u00c1LVARO<\/p>\n","protected":false},"featured_media":54835,"template":"","meta":{"_acf_changed":false,"om_disable_all_campaigns":false,"rs_blank_template":"","rs_page_bg_color":"","slide_template_v7":"","inline_featured_image":false,"_monsterinsights_skip_tracking":false,"_monsterinsights_sitenote_active":false,"_monsterinsights_sitenote_note":"","_monsterinsights_sitenote_category":0},"product_brand":[],"product_cat":[429],"product_tag":[],"class_list":{"0":"post-37601","1":"product","2":"type-product","3":"status-publish","4":"has-post-thumbnail","6":"product_cat-el-mundo-actual","8":"first","9":"instock","10":"taxable","11":"shipping-taxable","12":"purchasable","13":"product-type-simple"},"acf":{"autor":"GIL RUIZ, \u00c1LVARO","codart":"840939438","libros-coleccion":"","ediciones":"1","encuadernacion":"R\u00fastica","fecha_de_publicacion":"01\/03\/2022","novedad":"1","paginas":"55","subtitulo":"ACOMPA\u00d1O A JES\u00daS EN EL V\u00cdA CRUCIS","orden":"0","portada":"0","idioma":"spa","editorial":[{"ID":6167,"post_author":"3","post_date":"2022-07-28 17:46:20","post_date_gmt":"2022-07-28 15:46:20","post_content":"","post_title":"COMISSI\u00d3 AGENDA LLATINOAMERICANA","post_excerpt":"","post_status":"publish","comment_status":"closed","ping_status":"closed","post_password":"","post_name":"comissio-agenda-llatinoamericana","to_ping":"","pinged":"","post_modified":"2022-07-28 17:46:20","post_modified_gmt":"2022-07-28 15:46:20","post_content_filtered":"","post_parent":0,"guid":"http:\/\/dev.claret.cat\/editorial\/comissio-agenda-llatinoamericana\/","menu_order":0,"post_type":"editorial","post_mime_type":"","comment_count":"0","filter":"raw"}],"autores-libros":[{"ID":149935,"post_author":"3","post_date":"2022-10-14 14:28:54","post_date_gmt":"2022-10-14 12:28:54","post_content":"","post_title":"\u00c1LVARO GIL RUIZ","post_excerpt":"","post_status":"publish","comment_status":"closed","ping_status":"closed","post_password":"","post_name":"alvaro-gil-ruiz","to_ping":"","pinged":"","post_modified":"2022-10-14 14:28:54","post_modified_gmt":"2022-10-14 12:28:54","post_content_filtered":"","post_parent":0,"guid":"http:\/\/dev.claret.cat\/autor\/alvaro-gil-ruiz\/","menu_order":0,"post_type":"autor","post_mime_type":"","comment_count":"0","filter":"raw"}]},"aioseo_notices":[],"_links":{"self":[{"href":"https:\/\/www.claret.cat\/es\/wp-json\/wp\/v2\/product\/37601","targetHints":{"allow":["GET"]}}],"collection":[{"href":"https:\/\/www.claret.cat\/es\/wp-json\/wp\/v2\/product"}],"about":[{"href":"https:\/\/www.claret.cat\/es\/wp-json\/wp\/v2\/types\/product"}],"wp:featuredmedia":[{"embeddable":true,"href":"https:\/\/www.claret.cat\/es\/wp-json\/wp\/v2\/media\/54835"}],"wp:attachment":[{"href":"https:\/\/www.claret.cat\/es\/wp-json\/wp\/v2\/media?parent=37601"}],"wp:term":[{"taxonomy":"product_brand","embeddable":true,"href":"https:\/\/www.claret.cat\/es\/wp-json\/wp\/v2\/product_brand?post=37601"},{"taxonomy":"product_cat","embeddable":true,"href":"https:\/\/www.claret.cat\/es\/wp-json\/wp\/v2\/product_cat?post=37601"},{"taxonomy":"product_tag","embeddable":true,"href":"https:\/\/www.claret.cat\/es\/wp-json\/wp\/v2\/product_tag?post=37601"}],"curies":[{"name":"wp","href":"https:\/\/api.w.org\/{rel}","templated":true}]}}