{"id":376294,"date":"2023-01-26T16:05:02","date_gmt":"2023-01-26T15:05:02","guid":{"rendered":"https:\/\/www.claret.cat\/llibre\/el-club-de-las-canguro-6-un-gran-dia-para-kristy-9788418184468\/"},"modified":"2026-02-26T12:35:28","modified_gmt":"2026-02-26T11:35:28","slug":"el-club-de-las-canguro-6-un-gran-dia-para-kristy-9788418184468","status":"publish","type":"product","link":"https:\/\/www.claret.cat\/es\/libro\/el-club-de-las-canguro-6-un-gran-dia-para-kristy-9788418184468\/","title":{"rendered":"EL CLUB DE LAS CANGURO 6: UN GRAN D\u00cdA PARA KRISTY"},"content":{"rendered":"<p>Contin\u00faa la exitosa serie de novelas gr\u00e1ficas basadas en EL CLUB DE LAS CANGURO de Ann M. Martin.La primera gran fiesta a la que acuden todas las chicas del club.<\/p>\n","protected":false},"excerpt":{"rendered":"<p>GALLIGAN, GALE<\/p>\n","protected":false},"featured_media":376315,"template":"","meta":{"_acf_changed":false,"om_disable_all_campaigns":false,"rs_blank_template":"","rs_page_bg_color":"","slide_template_v7":"","inline_featured_image":false,"_monsterinsights_skip_tracking":false,"_monsterinsights_sitenote_active":false,"_monsterinsights_sitenote_note":"","_monsterinsights_sitenote_category":0},"product_brand":[],"product_cat":[90,540],"product_tag":[],"class_list":{"0":"post-376294","1":"product","2":"type-product","3":"status-publish","4":"has-post-thumbnail","6":"product_cat-altres","7":"product_cat-otros","9":"first","10":"instock","11":"taxable","12":"shipping-taxable","13":"purchasable","14":"product-type-simple"},"acf":{"editorial":[{"ID":6297,"post_author":"3","post_date":"2022-07-28 17:49:10","post_date_gmt":"2022-07-28 15:49:10","post_content":"","post_title":"Maeva Ediciones","post_excerpt":"","post_status":"publish","comment_status":"closed","ping_status":"closed","post_password":"","post_name":"maeva-ediciones","to_ping":"","pinged":"","post_modified":"2022-07-28 17:49:10","post_modified_gmt":"2022-07-28 15:49:10","post_content_filtered":"","post_parent":0,"guid":"http:\/\/dev.claret.cat\/editorial\/maeva-ediciones\/","menu_order":0,"post_type":"editorial","post_mime_type":"","comment_count":"0","filter":"raw"}],"autor":"GALLIGAN, GALE","codart":"841818446","libros-coleccion":"NOVELA GRAFICA","ediciones":"1","encuadernacion":"R\u00fastica","fecha_de_publicacion":"01\/05\/2021","novedad":"1","paginas":"0","subtitulo":"SIGUE LA SERIE DE EL CLUB DE LAS CANGURO EN MAEVAYOUNG","orden":"0","portada":"0","idioma":"spa","autores-libros":[{"ID":156590,"post_author":"3","post_date":"2022-10-14 15:22:01","post_date_gmt":"2022-10-14 13:22:01","post_content":"","post_title":"GALE GALLIGAN","post_excerpt":"","post_status":"publish","comment_status":"closed","ping_status":"closed","post_password":"","post_name":"gale-galligan","to_ping":"","pinged":"","post_modified":"2022-10-14 15:22:01","post_modified_gmt":"2022-10-14 13:22:01","post_content_filtered":"","post_parent":0,"guid":"http:\/\/dev.claret.cat\/autor\/gale-galligan\/","menu_order":0,"post_type":"autor","post_mime_type":"","comment_count":"0","filter":"raw"}],"booktrailer":"","resenas":""},"aioseo_notices":[],"_links":{"self":[{"href":"https:\/\/www.claret.cat\/es\/wp-json\/wp\/v2\/product\/376294","targetHints":{"allow":["GET"]}}],"collection":[{"href":"https:\/\/www.claret.cat\/es\/wp-json\/wp\/v2\/product"}],"about":[{"href":"https:\/\/www.claret.cat\/es\/wp-json\/wp\/v2\/types\/product"}],"wp:featuredmedia":[{"embeddable":true,"href":"https:\/\/www.claret.cat\/es\/wp-json\/wp\/v2\/media\/376315"}],"wp:attachment":[{"href":"https:\/\/www.claret.cat\/es\/wp-json\/wp\/v2\/media?parent=376294"}],"wp:term":[{"taxonomy":"product_brand","embeddable":true,"href":"https:\/\/www.claret.cat\/es\/wp-json\/wp\/v2\/product_brand?post=376294"},{"taxonomy":"product_cat","embeddable":true,"href":"https:\/\/www.claret.cat\/es\/wp-json\/wp\/v2\/product_cat?post=376294"},{"taxonomy":"product_tag","embeddable":true,"href":"https:\/\/www.claret.cat\/es\/wp-json\/wp\/v2\/product_tag?post=376294"}],"curies":[{"name":"wp","href":"https:\/\/api.w.org\/{rel}","templated":true}]}}