{"id":376312,"date":"2023-01-26T16:10:54","date_gmt":"2023-01-26T15:10:54","guid":{"rendered":"https:\/\/www.claret.cat\/llibre\/el-club-de-las-canguro-7-el-crush-de-stacey-9788418184901\/"},"modified":"2026-04-07T18:15:05","modified_gmt":"2026-04-07T16:15:05","slug":"el-club-de-las-canguro-7-el-crush-de-stacey-9788418184901","status":"publish","type":"product","link":"https:\/\/www.claret.cat\/es\/libro\/el-club-de-las-canguro-7-el-crush-de-stacey-9788418184901\/","title":{"rendered":"EL CLUB DE LAS CANGURO 7: EL CRUSH DE STACEY"},"content":{"rendered":"<p>Stacey y Mary Anne est\u00e1n muy contentas porque se van a\u00a0la playa con los Pike para ayudarles con sus ocho hijos. Sea City\u00a0est\u00e1 genial: una casa a pie de playa, un paseo mar\u00edtimo lleno\u00a0de tiendas, sol, arena&#8230; \u00a1Y Scott!, el crush de Stacey, el socorrista\u00a0m\u00e1s guapo del mundo, del que est\u00e1 enamorada. Se pasa el d\u00eda\u00a0buscando excusas para acercarse al puesto de los socorristas, lo que significa que Mary Anne tiene que hacer\u00a0el trabajo de las dos. Y, claro, est\u00e1 harta.<\/p>\n","protected":false},"excerpt":{"rendered":"<p>GALLIGAN, GALE<\/p>\n","protected":false},"featured_media":376327,"template":"","meta":{"_acf_changed":false,"om_disable_all_campaigns":false,"rs_blank_template":"","rs_page_bg_color":"","slide_template_v7":"","inline_featured_image":false,"_monsterinsights_skip_tracking":false,"_monsterinsights_sitenote_active":false,"_monsterinsights_sitenote_note":"","_monsterinsights_sitenote_category":0},"product_brand":[],"product_cat":[90,540],"product_tag":[],"class_list":{"0":"post-376312","1":"product","2":"type-product","3":"status-publish","4":"has-post-thumbnail","6":"product_cat-altres","7":"product_cat-otros","9":"first","10":"instock","11":"taxable","12":"shipping-taxable","13":"purchasable","14":"product-type-simple"},"acf":{"editorial":[{"ID":6297,"post_author":"3","post_date":"2022-07-28 17:49:10","post_date_gmt":"2022-07-28 15:49:10","post_content":"","post_title":"Maeva Ediciones","post_excerpt":"","post_status":"publish","comment_status":"closed","ping_status":"closed","post_password":"","post_name":"maeva-ediciones","to_ping":"","pinged":"","post_modified":"2022-07-28 17:49:10","post_modified_gmt":"2022-07-28 15:49:10","post_content_filtered":"","post_parent":0,"guid":"http:\/\/dev.claret.cat\/editorial\/maeva-ediciones\/","menu_order":0,"post_type":"editorial","post_mime_type":"","comment_count":"0","filter":"raw"}],"autor":"GALLIGAN, GALE","codart":"841818490","libros-coleccion":"NOVELA GRAFICA","ediciones":"1","encuadernacion":"R\u00fastica","fecha_de_publicacion":"01\/01\/2022","novedad":"1","paginas":"0","subtitulo":"","orden":"0","portada":"0","idioma":"spa","autores-libros":[{"ID":156590,"post_author":"3","post_date":"2022-10-14 15:22:01","post_date_gmt":"2022-10-14 13:22:01","post_content":"","post_title":"GALE GALLIGAN","post_excerpt":"","post_status":"publish","comment_status":"closed","ping_status":"closed","post_password":"","post_name":"gale-galligan","to_ping":"","pinged":"","post_modified":"2022-10-14 15:22:01","post_modified_gmt":"2022-10-14 13:22:01","post_content_filtered":"","post_parent":0,"guid":"http:\/\/dev.claret.cat\/autor\/gale-galligan\/","menu_order":0,"post_type":"autor","post_mime_type":"","comment_count":"0","filter":"raw"}],"booktrailer":"","resenas":""},"aioseo_notices":[],"_links":{"self":[{"href":"https:\/\/www.claret.cat\/es\/wp-json\/wp\/v2\/product\/376312","targetHints":{"allow":["GET"]}}],"collection":[{"href":"https:\/\/www.claret.cat\/es\/wp-json\/wp\/v2\/product"}],"about":[{"href":"https:\/\/www.claret.cat\/es\/wp-json\/wp\/v2\/types\/product"}],"wp:featuredmedia":[{"embeddable":true,"href":"https:\/\/www.claret.cat\/es\/wp-json\/wp\/v2\/media\/376327"}],"wp:attachment":[{"href":"https:\/\/www.claret.cat\/es\/wp-json\/wp\/v2\/media?parent=376312"}],"wp:term":[{"taxonomy":"product_brand","embeddable":true,"href":"https:\/\/www.claret.cat\/es\/wp-json\/wp\/v2\/product_brand?post=376312"},{"taxonomy":"product_cat","embeddable":true,"href":"https:\/\/www.claret.cat\/es\/wp-json\/wp\/v2\/product_cat?post=376312"},{"taxonomy":"product_tag","embeddable":true,"href":"https:\/\/www.claret.cat\/es\/wp-json\/wp\/v2\/product_tag?post=376312"}],"curies":[{"name":"wp","href":"https:\/\/api.w.org\/{rel}","templated":true}]}}