{"id":376489,"date":"2023-01-26T19:30:18","date_gmt":"2023-01-26T18:30:18","guid":{"rendered":"https:\/\/www.claret.cat\/llibre\/verdades-enterradas-9788408267430\/"},"modified":"2023-10-06T06:28:33","modified_gmt":"2023-10-06T04:28:33","slug":"verdades-enterradas-9788408267430","status":"publish","type":"product","link":"https:\/\/www.claret.cat\/es\/libro\/verdades-enterradas-9788408267430\/","title":{"rendered":"VERDADES ENTERRADAS"},"content":{"rendered":"<p>Verdades enterradas es la s\u00e9ptima entrega de la serie que ha conquistado a toda Europa con m\u00e1s de 5 millones de seguidores.<br \/> La Unidad de Homicidios de Estocolmo debe encargarse de un asesino en serie que ha dejado un rastro de cad\u00e1veres en la peque\u00f1a ciudad de Karlshamn. Sin pistas, testigos ni conexiones claras entre las v\u00edctimas, cualquiera puede ser el siguiente objetivo. Vanja y el equipo se encuentran en un callej\u00f3n sin salida y, adem\u00e1s, no pueden contar con la ayuda de Torkel, quien pasa por un mal momento personal, ni de Sebastian, que intenta llevar una vida m\u00e1s tranquila desde que es abuelo y recibe a pacientes en su consulta privada. Sin embargo, su mundo dar\u00e1 un vuelco cuando un hombre acuda a \u00e9l para superar su experiencia durante el tsunami de 2004, con el que Sebastian lo perdi\u00f3 todo y que nunca ha logrado olvidar. Mientras, Billy, que est\u00e1 a punto de ser padre, lucha por ocultar su oscuro secreto. Cuando la verdad sale a la luz, \u00bfhasta d\u00f3nde ser\u00e1 capaz de llegar para asegurarse de no ser descubierto?<br \/> \u00abUna serie excelente que refuerza el liderazgo del thriller sueco.\u00bb El Peri\u00f3dico<\/p>\n","protected":false},"excerpt":{"rendered":"<p>HJORTH, MICHAEL \/ ROSENFELDT, HANS<\/p>\n","protected":false},"featured_media":376948,"template":"","meta":{"_acf_changed":false,"om_disable_all_campaigns":false,"rs_blank_template":"","rs_page_bg_color":"","slide_template_v7":"","inline_featured_image":false,"_monsterinsights_skip_tracking":false,"_monsterinsights_sitenote_active":false,"_monsterinsights_sitenote_note":"","_monsterinsights_sitenote_category":0},"product_brand":[],"product_cat":[357],"product_tag":[],"class_list":{"0":"post-376489","1":"product","2":"type-product","3":"status-publish","4":"has-post-thumbnail","6":"product_cat-novela-contemporanea","8":"first","9":"instock","10":"taxable","11":"shipping-taxable","12":"purchasable","13":"product-type-simple"},"acf":{"editorial":[{"ID":6233,"post_author":"3","post_date":"2022-07-28 17:47:48","post_date_gmt":"2022-07-28 15:47:48","post_content":"","post_title":"EDITORIAL PLANETA","post_excerpt":"","post_status":"publish","comment_status":"closed","ping_status":"closed","post_password":"","post_name":"editorial-planeta","to_ping":"","pinged":"","post_modified":"2022-07-28 17:47:48","post_modified_gmt":"2022-07-28 15:47:48","post_content_filtered":"","post_parent":0,"guid":"http:\/\/dev.claret.cat\/editorial\/editorial-planeta\/","menu_order":0,"post_type":"editorial","post_mime_type":"","comment_count":"0","filter":"raw"}],"autores-libros":[{"ID":164804,"post_author":"3","post_date":"2022-10-14 17:50:01","post_date_gmt":"2022-10-14 15:50:01","post_content":"","post_title":"MICHAEL HJORTH","post_excerpt":"","post_status":"publish","comment_status":"closed","ping_status":"closed","post_password":"","post_name":"michael-hjorth","to_ping":"","pinged":"","post_modified":"2022-10-14 17:50:01","post_modified_gmt":"2022-10-14 15:50:01","post_content_filtered":"","post_parent":0,"guid":"http:\/\/dev.claret.cat\/autor\/michael-hjorth\/","menu_order":0,"post_type":"autor","post_mime_type":"","comment_count":"0","filter":"raw"},{"ID":157361,"post_author":"3","post_date":"2022-10-14 15:28:13","post_date_gmt":"2022-10-14 13:28:13","post_content":"","post_title":"HANS ROSENFELDT","post_excerpt":"","post_status":"publish","comment_status":"closed","ping_status":"closed","post_password":"","post_name":"hans-rosenfeldt","to_ping":"","pinged":"","post_modified":"2022-10-14 15:28:13","post_modified_gmt":"2022-10-14 13:28:13","post_content_filtered":"","post_parent":0,"guid":"http:\/\/dev.claret.cat\/autor\/hans-rosenfeldt\/","menu_order":0,"post_type":"autor","post_mime_type":"","comment_count":"0","filter":"raw"}],"autor":"HJORTH, MICHAEL \/ ROSENFELDT, HANS","codart":"840826743","libros-coleccion":"BOOKET","ediciones":"1","encuadernacion":"R\u00fastica","fecha_de_publicacion":"01\/01\/2023","novedad":"1","paginas":"502","subtitulo":"SERIE BERGMAN, 7","orden":"0","portada":"0","idioma":"spa"},"aioseo_notices":[],"_links":{"self":[{"href":"https:\/\/www.claret.cat\/es\/wp-json\/wp\/v2\/product\/376489","targetHints":{"allow":["GET"]}}],"collection":[{"href":"https:\/\/www.claret.cat\/es\/wp-json\/wp\/v2\/product"}],"about":[{"href":"https:\/\/www.claret.cat\/es\/wp-json\/wp\/v2\/types\/product"}],"wp:featuredmedia":[{"embeddable":true,"href":"https:\/\/www.claret.cat\/es\/wp-json\/wp\/v2\/media\/376948"}],"wp:attachment":[{"href":"https:\/\/www.claret.cat\/es\/wp-json\/wp\/v2\/media?parent=376489"}],"wp:term":[{"taxonomy":"product_brand","embeddable":true,"href":"https:\/\/www.claret.cat\/es\/wp-json\/wp\/v2\/product_brand?post=376489"},{"taxonomy":"product_cat","embeddable":true,"href":"https:\/\/www.claret.cat\/es\/wp-json\/wp\/v2\/product_cat?post=376489"},{"taxonomy":"product_tag","embeddable":true,"href":"https:\/\/www.claret.cat\/es\/wp-json\/wp\/v2\/product_tag?post=376489"}],"curies":[{"name":"wp","href":"https:\/\/api.w.org\/{rel}","templated":true}]}}