{"id":376551,"date":"2023-01-26T19:48:33","date_gmt":"2023-01-26T18:48:33","guid":{"rendered":"https:\/\/www.claret.cat\/llibre\/el-moment-mes-felic-llibre-de-tela-9788413892375\/"},"modified":"2025-10-20T18:10:12","modified_gmt":"2025-10-20T16:10:12","slug":"el-moment-mes-felic-llibre-de-tela-9788413892375","status":"publish","type":"product","link":"https:\/\/www.claret.cat\/es\/libro\/el-moment-mes-felic-llibre-de-tela-9788413892375\/","title":{"rendered":"EL MOMENT M\u00c9S FELI\u00c7. LLIBRE DE TELA"},"content":{"rendered":"<p>Un llibre de tela suau i tendre per compartir amb persones petites.<br \/> Mai \u00e9s massa d&#8221;hora per regalar un llibre! Els\u00a0llibres de tela\u00a0s\u00f3n, sovint, els\u00a0primers llibres del nad\u00f3. Que les criatures relacionin aquest moment de lectura amb l&#8221;afecte dels seus cuidadors pot refor\u00e7ar el\u00a0vincle familiar\u00a0i assentar les bases de l&#8221;amor per la lectura\u00a0a llarg termini.<br \/> Quin \u00e9s el teu moment preferit amb la teva criatura? Un llibre que recull els petits grans moments del dia amb una personeta: el somriure del mat\u00ed, un passeig, una tarda de jocs, l&#8221;hora del bany i quan es queda adormida al pit.<br \/> Les\u00a0il\u00b7lustracions s\u00f3n grans\u00a0i els colors brillants, i cridaran l&#8221;atenci\u00f3 dels nadons. A m\u00e9s a m\u00e9s, al tractar-se d&#8221;un llibre tou i lleuger, podran manipular-lo com vulguin des dels primers mesos de vida.<br \/> Un llibre commovedor de moments quotidians en el qual s&#8221;hi veuran reflectides moltes mares.<br \/> Un llibre per llegir, jugar, mossegar i acariciar.<br \/> Recomanat\u00a0a partir de 0 mesos.<\/p>\n","protected":false},"excerpt":{"rendered":"<p>LYONA<\/p>\n","protected":false},"featured_media":376554,"template":"","meta":{"_acf_changed":false,"om_disable_all_campaigns":false,"rs_blank_template":"","rs_page_bg_color":"","slide_template_v7":"","inline_featured_image":false,"_monsterinsights_skip_tracking":false,"_monsterinsights_sitenote_active":false,"_monsterinsights_sitenote_note":"","_monsterinsights_sitenote_category":0},"product_brand":[],"product_cat":[131,361],"product_tag":[],"class_list":{"0":"post-376551","1":"product","2":"type-product","3":"status-publish","4":"has-post-thumbnail","6":"product_cat-contes-per-infants-0-6-anys","7":"product_cat-cuentos-para-ninos-0-6-anos","9":"first","10":"instock","11":"taxable","12":"shipping-taxable","13":"purchasable","14":"product-type-simple"},"acf":{"editorial":[{"ID":6249,"post_author":"3","post_date":"2022-07-28 17:48:09","post_date_gmt":"2022-07-28 15:48:09","post_content":"","post_title":"Estrella Polar","post_excerpt":"","post_status":"publish","comment_status":"closed","ping_status":"closed","post_password":"","post_name":"estrella-polar","to_ping":"","pinged":"","post_modified":"2022-07-28 17:48:09","post_modified_gmt":"2022-07-28 15:48:09","post_content_filtered":"","post_parent":0,"guid":"http:\/\/dev.claret.cat\/editorial\/estrella-polar\/","menu_order":0,"post_type":"editorial","post_mime_type":"","comment_count":"0","filter":"raw"}],"autores-libros":[{"ID":162844,"post_author":"3","post_date":"2022-10-14 17:34:15","post_date_gmt":"2022-10-14 15:34:15","post_content":"","post_title":"LYONA","post_excerpt":"","post_status":"publish","comment_status":"closed","ping_status":"closed","post_password":"","post_name":"lyona","to_ping":"","pinged":"","post_modified":"2022-10-14 17:34:15","post_modified_gmt":"2022-10-14 15:34:15","post_content_filtered":"","post_parent":0,"guid":"http:\/\/dev.claret.cat\/autor\/lyona\/","menu_order":0,"post_type":"autor","post_mime_type":"","comment_count":"0","filter":"raw"}],"autor":"LYONA","codart":"841389237","libros-coleccion":"Llibres de roba","ediciones":"1","encuadernacion":"Carpeta","fecha_de_publicacion":"01\/01\/2023","novedad":"1","paginas":"6","subtitulo":"","orden":"0","portada":"0","idioma":"cat","booktrailer":"","resenas":""},"aioseo_notices":[],"_links":{"self":[{"href":"https:\/\/www.claret.cat\/es\/wp-json\/wp\/v2\/product\/376551","targetHints":{"allow":["GET"]}}],"collection":[{"href":"https:\/\/www.claret.cat\/es\/wp-json\/wp\/v2\/product"}],"about":[{"href":"https:\/\/www.claret.cat\/es\/wp-json\/wp\/v2\/types\/product"}],"wp:featuredmedia":[{"embeddable":true,"href":"https:\/\/www.claret.cat\/es\/wp-json\/wp\/v2\/media\/376554"}],"wp:attachment":[{"href":"https:\/\/www.claret.cat\/es\/wp-json\/wp\/v2\/media?parent=376551"}],"wp:term":[{"taxonomy":"product_brand","embeddable":true,"href":"https:\/\/www.claret.cat\/es\/wp-json\/wp\/v2\/product_brand?post=376551"},{"taxonomy":"product_cat","embeddable":true,"href":"https:\/\/www.claret.cat\/es\/wp-json\/wp\/v2\/product_cat?post=376551"},{"taxonomy":"product_tag","embeddable":true,"href":"https:\/\/www.claret.cat\/es\/wp-json\/wp\/v2\/product_tag?post=376551"}],"curies":[{"name":"wp","href":"https:\/\/api.w.org\/{rel}","templated":true}]}}