{"id":376706,"date":"2023-01-26T19:56:36","date_gmt":"2023-01-26T18:56:36","guid":{"rendered":"https:\/\/www.claret.cat\/llibre\/ay-humor-sin-receta-medica-9788467067699\/"},"modified":"2023-10-06T06:34:10","modified_gmt":"2023-10-06T04:34:10","slug":"ay-humor-sin-receta-medica-9788467067699","status":"publish","type":"product","link":"https:\/\/www.claret.cat\/es\/libro\/ay-humor-sin-receta-medica-9788467067699\/","title":{"rendered":"\u00a1AY! HUMOR SIN RECETA M\u00c9DICA"},"content":{"rendered":"<p>El humor es el ant\u00eddoto perfecto contra todo aquello que nos da miedo, tambi\u00e9n ante la enfermedad y el dolor. Por eso a lo largo de su carrera, Antonio Fraguas, Forges, hizo de la relaci\u00f3n entre los humanos y la enfermedad uno de los ejes de su obra.<br \/> \u00a1Ay! Humor sin receta m\u00e9dica es un desternillante homenaje a todo el sector sanitario, incluyendo al resto de personal de limpieza, cocina, mantenimiento, administraci\u00f3n&#8230; En este nuevo libro, Forges retrata desde la ternura y la irreverencia a pacientes, profesionales y a todos aquellos que velan por nuestra salud.<br \/> Un agradecimiento a la excelente labor que realizan y que qued\u00f3 patente durante la crisis sanitaria del COVID-19. Una recopilaci\u00f3n de las mejores vi\u00f1etas de Forges del mundo de la salud y la medicina.<\/p>\n","protected":false},"excerpt":{"rendered":"<p>FORGES<\/p>\n","protected":false},"featured_media":394539,"template":"","meta":{"_acf_changed":false,"om_disable_all_campaigns":false,"rs_blank_template":"","rs_page_bg_color":"","slide_template_v7":"","inline_featured_image":false,"_monsterinsights_skip_tracking":false,"_monsterinsights_sitenote_active":false,"_monsterinsights_sitenote_note":"","_monsterinsights_sitenote_category":0},"product_brand":[],"product_cat":[557],"product_tag":[],"class_list":{"0":"post-376706","1":"product","2":"type-product","3":"status-publish","4":"has-post-thumbnail","6":"product_cat-guias-de-viaje","8":"first","9":"instock","10":"taxable","11":"shipping-taxable","12":"purchasable","13":"product-type-simple"},"acf":{"editorial":[{"ID":6247,"post_author":"3","post_date":"2022-07-28 17:48:06","post_date_gmt":"2022-07-28 15:48:06","post_content":"","post_title":"ESPASA, EDITORIAL","post_excerpt":"","post_status":"publish","comment_status":"closed","ping_status":"closed","post_password":"","post_name":"espasa-editorial","to_ping":"","pinged":"","post_modified":"2022-07-28 17:48:06","post_modified_gmt":"2022-07-28 15:48:06","post_content_filtered":"","post_parent":0,"guid":"http:\/\/dev.claret.cat\/editorial\/espasa-editorial\/","menu_order":0,"post_type":"editorial","post_mime_type":"","comment_count":"0","filter":"raw"}],"autores-libros":[{"ID":156022,"post_author":"3","post_date":"2022-10-14 15:17:29","post_date_gmt":"2022-10-14 13:17:29","post_content":"","post_title":"FORGES","post_excerpt":"","post_status":"publish","comment_status":"closed","ping_status":"closed","post_password":"","post_name":"forges","to_ping":"","pinged":"","post_modified":"2022-10-14 15:17:29","post_modified_gmt":"2022-10-14 13:17:29","post_content_filtered":"","post_parent":0,"guid":"http:\/\/dev.claret.cat\/autor\/forges\/","menu_order":0,"post_type":"autor","post_mime_type":"","comment_count":"0","filter":"raw"}],"autor":"FORGES","codart":"846706769","libros-coleccion":"F. COLECCION","ediciones":"1","encuadernacion":"Carton\u00e9","fecha_de_publicacion":"01\/01\/2023","novedad":"1","paginas":"224","subtitulo":"","orden":"0","portada":"0","idioma":"spa"},"aioseo_notices":[],"_links":{"self":[{"href":"https:\/\/www.claret.cat\/es\/wp-json\/wp\/v2\/product\/376706","targetHints":{"allow":["GET"]}}],"collection":[{"href":"https:\/\/www.claret.cat\/es\/wp-json\/wp\/v2\/product"}],"about":[{"href":"https:\/\/www.claret.cat\/es\/wp-json\/wp\/v2\/types\/product"}],"wp:featuredmedia":[{"embeddable":true,"href":"https:\/\/www.claret.cat\/es\/wp-json\/wp\/v2\/media\/394539"}],"wp:attachment":[{"href":"https:\/\/www.claret.cat\/es\/wp-json\/wp\/v2\/media?parent=376706"}],"wp:term":[{"taxonomy":"product_brand","embeddable":true,"href":"https:\/\/www.claret.cat\/es\/wp-json\/wp\/v2\/product_brand?post=376706"},{"taxonomy":"product_cat","embeddable":true,"href":"https:\/\/www.claret.cat\/es\/wp-json\/wp\/v2\/product_cat?post=376706"},{"taxonomy":"product_tag","embeddable":true,"href":"https:\/\/www.claret.cat\/es\/wp-json\/wp\/v2\/product_tag?post=376706"}],"curies":[{"name":"wp","href":"https:\/\/api.w.org\/{rel}","templated":true}]}}