{"id":376781,"date":"2023-01-26T20:05:59","date_gmt":"2023-01-26T19:05:59","guid":{"rendered":"https:\/\/www.claret.cat\/llibre\/pancho-villa-el-personaje-y-su-mito-9788413526218\/"},"modified":"2023-10-06T06:43:09","modified_gmt":"2023-10-06T04:43:09","slug":"pancho-villa-el-personaje-y-su-mito-9788413526218","status":"publish","type":"product","link":"https:\/\/www.claret.cat\/es\/libro\/pancho-villa-el-personaje-y-su-mito-9788413526218\/","title":{"rendered":"PANCHO VILLA. EL PERSONAJE Y SU MITO"},"content":{"rendered":"<p>Doroteo Arango Ar\u00e1mbula, m\u00e1s conocido como Pancho Villa, es una de las figuras m\u00e1s ic\u00f3nicas y controvertidas de la Revoluci\u00f3n mexicana. Su memoria fue relegada, si no atacada, por el r\u00e9gimen posrevolucionario, pero su indudable popularidad, dentro y fuera de M\u00e9xico, provoc\u00f3 su incorporaci\u00f3n al imaginario revolucionario, con una imagen entre idealizada y brutal. Numerosos intelectuales de distinto signo han intentado descifrarlo, sin olvidar que fue el propio Villa quien aliment\u00f3 su dimensi\u00f3n cinematogr\u00e1fica y hollywoodesca, siendo el principal propagador de su leyenda. La historia de Villa simboliza tambi\u00e9n las contradicciones internas entre las regiones del norte de M\u00e9xico y sus tensiones con el poder central, as\u00ed como las dif\u00edciles relaciones del pa\u00eds con Estados Unidos. La pr\u00f3xima celebraci\u00f3n del centenario de su asesinato es un momento id\u00f3neo para publicar una obra divulgativa que d\u00e9 a conocer las distintas facetas del hombre y del mito que fue Pancho Villa.<\/p>\n","protected":false},"excerpt":{"rendered":"<p>S\u00c1NCHEZ ANDR\u00c9S, AGUST\u00cdN<\/p>\n","protected":false},"featured_media":378981,"template":"","meta":{"_acf_changed":false,"om_disable_all_campaigns":false,"rs_blank_template":"","rs_page_bg_color":"","slide_template_v7":"","inline_featured_image":false,"_monsterinsights_skip_tracking":false,"_monsterinsights_sitenote_active":false,"_monsterinsights_sitenote_note":"","_monsterinsights_sitenote_category":0},"product_brand":[],"product_cat":[549],"product_tag":[],"class_list":{"0":"post-376781","1":"product","2":"type-product","3":"status-publish","4":"has-post-thumbnail","6":"product_cat-biografias","8":"first","9":"instock","10":"taxable","11":"shipping-taxable","12":"purchasable","13":"product-type-simple"},"acf":{"editorial":[{"ID":6293,"post_author":"3","post_date":"2022-07-28 17:49:04","post_date_gmt":"2022-07-28 15:49:04","post_content":"","post_title":"LOS LIBROS DE LA CATARATA","post_excerpt":"","post_status":"publish","comment_status":"closed","ping_status":"closed","post_password":"","post_name":"los-libros-de-la-catarata","to_ping":"","pinged":"","post_modified":"2022-07-28 17:49:04","post_modified_gmt":"2022-07-28 15:49:04","post_content_filtered":"","post_parent":0,"guid":"http:\/\/dev.claret.cat\/editorial\/los-libros-de-la-catarata\/","menu_order":0,"post_type":"editorial","post_mime_type":"","comment_count":"0","filter":"raw"}],"autores-libros":[{"ID":376780,"post_author":"3","post_date":"2023-01-26 20:05:57","post_date_gmt":"2023-01-26 19:05:57","post_content":"","post_title":"AGUST\u00cdN S\u00c1NCHEZ ANDR\u00c9S","post_excerpt":"","post_status":"publish","comment_status":"closed","ping_status":"closed","post_password":"","post_name":"agustin-sanchez-andres","to_ping":"","pinged":"","post_modified":"2023-01-26 20:05:57","post_modified_gmt":"2023-01-26 19:05:57","post_content_filtered":"","post_parent":0,"guid":"https:\/\/www.claret.cat\/autor\/agustin-sanchez-andres\/","menu_order":0,"post_type":"autor","post_mime_type":"","comment_count":"0","filter":"raw"}],"autor":"S\u00c1NCHEZ ANDR\u00c9S, AGUST\u00cdN","codart":"841352621","libros-coleccion":"Mayor","ediciones":"1","encuadernacion":"R\u00fastica","fecha_de_publicacion":"01\/01\/2023","novedad":"1","paginas":"188","subtitulo":"","orden":"0","portada":"0","idioma":"spa"},"aioseo_notices":[],"_links":{"self":[{"href":"https:\/\/www.claret.cat\/es\/wp-json\/wp\/v2\/product\/376781","targetHints":{"allow":["GET"]}}],"collection":[{"href":"https:\/\/www.claret.cat\/es\/wp-json\/wp\/v2\/product"}],"about":[{"href":"https:\/\/www.claret.cat\/es\/wp-json\/wp\/v2\/types\/product"}],"wp:featuredmedia":[{"embeddable":true,"href":"https:\/\/www.claret.cat\/es\/wp-json\/wp\/v2\/media\/378981"}],"wp:attachment":[{"href":"https:\/\/www.claret.cat\/es\/wp-json\/wp\/v2\/media?parent=376781"}],"wp:term":[{"taxonomy":"product_brand","embeddable":true,"href":"https:\/\/www.claret.cat\/es\/wp-json\/wp\/v2\/product_brand?post=376781"},{"taxonomy":"product_cat","embeddable":true,"href":"https:\/\/www.claret.cat\/es\/wp-json\/wp\/v2\/product_cat?post=376781"},{"taxonomy":"product_tag","embeddable":true,"href":"https:\/\/www.claret.cat\/es\/wp-json\/wp\/v2\/product_tag?post=376781"}],"curies":[{"name":"wp","href":"https:\/\/api.w.org\/{rel}","templated":true}]}}