{"id":376920,"date":"2023-01-27T12:50:02","date_gmt":"2023-01-27T11:50:02","guid":{"rendered":"https:\/\/www.claret.cat\/llibre\/cerdena-4-9788408265214\/"},"modified":"2023-10-06T06:32:24","modified_gmt":"2023-10-06T04:32:24","slug":"cerdena-4-9788408265214","status":"publish","type":"product","link":"https:\/\/www.claret.cat\/es\/libro\/cerdena-4-9788408265214\/","title":{"rendered":"CERDE\u00d1A 4"},"content":{"rendered":"<p>La segunda isla m\u00e1s grande del Mediterr\u00e1neo no decepciona. Cerde\u00f1a posee algunas de las playas m\u00e1s bellas e impresionantes de Europa, con bah\u00edas de arena albina y aguas de azul turquesa. Sus carreteras est\u00e1n llenas de destinos ocultos, bah\u00edas escondidas y yacimientos arqueol\u00f3gicos que ser\u00e1 imposible no parar a visitar, y su interior monta\u00f1oso alberga las mejores rutas para amantes del senderismo, la escalada y el ciclismo. Cerca de Italia y bien comunicada, el viajero disfrutar\u00e1 de un viaje lleno de emociones y excelente cocina sarda.<\/p>\n","protected":false},"excerpt":{"rendered":"<p>AVERBUCK, ALEXIS \/ CLARK, GREGOR \/ GARWOOD, DUNCAN<\/p>\n","protected":false},"featured_media":377885,"template":"","meta":{"_acf_changed":false,"om_disable_all_campaigns":false,"rs_blank_template":"","rs_page_bg_color":"","slide_template_v7":"","inline_featured_image":false,"_monsterinsights_skip_tracking":false,"_monsterinsights_sitenote_active":false,"_monsterinsights_sitenote_note":"","_monsterinsights_sitenote_category":0},"product_brand":[],"product_cat":[557],"product_tag":[],"class_list":{"0":"post-376920","1":"product","2":"type-product","3":"status-publish","4":"has-post-thumbnail","6":"product_cat-guias-de-viaje","8":"first","9":"instock","10":"taxable","11":"shipping-taxable","12":"purchasable","13":"product-type-simple"},"acf":{"editorial":[{"ID":6233,"post_author":"3","post_date":"2022-07-28 17:47:48","post_date_gmt":"2022-07-28 15:47:48","post_content":"","post_title":"EDITORIAL PLANETA","post_excerpt":"","post_status":"publish","comment_status":"closed","ping_status":"closed","post_password":"","post_name":"editorial-planeta","to_ping":"","pinged":"","post_modified":"2022-07-28 17:47:48","post_modified_gmt":"2022-07-28 15:47:48","post_content_filtered":"","post_parent":0,"guid":"http:\/\/dev.claret.cat\/editorial\/editorial-planeta\/","menu_order":0,"post_type":"editorial","post_mime_type":"","comment_count":"0","filter":"raw"}],"autores-libros":[{"ID":149724,"post_author":"3","post_date":"2022-10-14 14:27:12","post_date_gmt":"2022-10-14 12:27:12","post_content":"","post_title":"ALEXIS AVERBUCK","post_excerpt":"","post_status":"publish","comment_status":"closed","ping_status":"closed","post_password":"","post_name":"alexis-averbuck","to_ping":"","pinged":"","post_modified":"2022-10-14 14:27:12","post_modified_gmt":"2022-10-14 12:27:12","post_content_filtered":"","post_parent":0,"guid":"http:\/\/dev.claret.cat\/autor\/alexis-averbuck\/","menu_order":0,"post_type":"autor","post_mime_type":"","comment_count":"0","filter":"raw"},{"ID":154426,"post_author":"3","post_date":"2022-10-14 15:04:43","post_date_gmt":"2022-10-14 13:04:43","post_content":"","post_title":"DUNCAN GARWOOD","post_excerpt":"","post_status":"publish","comment_status":"closed","ping_status":"closed","post_password":"","post_name":"duncan-garwood","to_ping":"","pinged":"","post_modified":"2022-10-14 15:04:43","post_modified_gmt":"2022-10-14 13:04:43","post_content_filtered":"","post_parent":0,"guid":"http:\/\/dev.claret.cat\/autor\/duncan-garwood\/","menu_order":0,"post_type":"autor","post_mime_type":"","comment_count":"0","filter":"raw"},{"ID":157122,"post_author":"3","post_date":"2022-10-14 15:26:17","post_date_gmt":"2022-10-14 13:26:17","post_content":"","post_title":"GREGOR CLARK","post_excerpt":"","post_status":"publish","comment_status":"closed","ping_status":"closed","post_password":"","post_name":"gregor-clark","to_ping":"","pinged":"","post_modified":"2022-10-14 15:26:17","post_modified_gmt":"2022-10-14 13:26:17","post_content_filtered":"","post_parent":0,"guid":"http:\/\/dev.claret.cat\/autor\/gregor-clark\/","menu_order":0,"post_type":"autor","post_mime_type":"","comment_count":"0","filter":"raw"}],"autor":"AVERBUCK, ALEXIS \/ CLARK, GREGOR \/ GARWOOD, DUNCAN","codart":"840826521","libros-coleccion":"Lonely Planet","ediciones":"1","encuadernacion":"R\u00fastica","fecha_de_publicacion":"01\/01\/2023","novedad":"1","paginas":"289","subtitulo":"","orden":"0","portada":"0","idioma":"spa"},"aioseo_notices":[],"_links":{"self":[{"href":"https:\/\/www.claret.cat\/es\/wp-json\/wp\/v2\/product\/376920","targetHints":{"allow":["GET"]}}],"collection":[{"href":"https:\/\/www.claret.cat\/es\/wp-json\/wp\/v2\/product"}],"about":[{"href":"https:\/\/www.claret.cat\/es\/wp-json\/wp\/v2\/types\/product"}],"wp:featuredmedia":[{"embeddable":true,"href":"https:\/\/www.claret.cat\/es\/wp-json\/wp\/v2\/media\/377885"}],"wp:attachment":[{"href":"https:\/\/www.claret.cat\/es\/wp-json\/wp\/v2\/media?parent=376920"}],"wp:term":[{"taxonomy":"product_brand","embeddable":true,"href":"https:\/\/www.claret.cat\/es\/wp-json\/wp\/v2\/product_brand?post=376920"},{"taxonomy":"product_cat","embeddable":true,"href":"https:\/\/www.claret.cat\/es\/wp-json\/wp\/v2\/product_cat?post=376920"},{"taxonomy":"product_tag","embeddable":true,"href":"https:\/\/www.claret.cat\/es\/wp-json\/wp\/v2\/product_tag?post=376920"}],"curies":[{"name":"wp","href":"https:\/\/api.w.org\/{rel}","templated":true}]}}