{"id":37754,"date":"2022-10-02T18:40:54","date_gmt":"2022-10-02T16:40:54","guid":{"rendered":"http:\/\/dev.claret.cat\/producte\/la-numero-31\/"},"modified":"2026-02-23T11:16:14","modified_gmt":"2026-02-23T10:16:14","slug":"la-numero-31-9788419110114","status":"publish","type":"product","link":"https:\/\/www.claret.cat\/es\/libro\/la-numero-31-9788419110114\/","title":{"rendered":"LA N\u00daMERO 31"},"content":{"rendered":"<p>El pasado regresa a Lipowo y lo arrasa todo a su paso con la voracidad del fuego.<\/p>\n<p>Es diciembre en Lipowo. El aire est\u00e1 impregnado de olor a pino y sus habitantes se preparan para un fr\u00edo invierno. Solo hay una cosa que enrarece la paz del lugar: en unos d\u00edas, el culpable de la muerte del padre del inspector Daniel Podg\u00f3rski volver\u00e1 al pueblo. Durante quince a\u00f1os nadie ha osado pronunciar su nombre. Por si eso fuera poco, una pareja que ha viajado desde Suecia amenaza a un habitante del pueblo por una raz\u00f3n que nadie conoce. Daniel intenta mantener la situaci\u00f3n bajo control, pero cuando alguien provoca un incendio, como quince a\u00f1os atr\u00e1s, el pasado regresa, sin piedad. Para complicar m\u00e1s las cosas, se realiza un inquietante hallazgo en el bosque, en lo que d\u00e9cadas atr\u00e1s fue el asentamiento de una secta.<\/p>\n","protected":false},"excerpt":{"rendered":"<p>PUZYNSKA , KATARZYNA<\/p>\n","protected":false},"featured_media":1085453,"template":"","meta":{"_acf_changed":false,"om_disable_all_campaigns":false,"rs_blank_template":"","rs_page_bg_color":"","slide_template_v7":"","inline_featured_image":false,"_monsterinsights_skip_tracking":false,"_monsterinsights_sitenote_active":false,"_monsterinsights_sitenote_note":"","_monsterinsights_sitenote_category":0},"product_brand":[],"product_cat":[127,357],"product_tag":[],"class_list":{"0":"post-37754","1":"product","2":"type-product","3":"status-publish","4":"has-post-thumbnail","6":"product_cat-novella-contemporania","7":"product_cat-novela-contemporanea","9":"first","10":"outofstock","11":"taxable","12":"shipping-taxable","13":"purchasable","14":"product-type-simple"},"acf":{"autor":"PUZYNSKA , KATARZYNA","codart":"841911011","libros-coleccion":"","ediciones":"1","encuadernacion":"R\u00fastica","fecha_de_publicacion":"01\/04\/2022","novedad":"0","paginas":"438","subtitulo":"SOLO ELLA SABE LA VERDAD","orden":"0","portada":"0","idioma":"spa","editorial":[{"ID":6297,"post_author":"3","post_date":"2022-07-28 17:49:10","post_date_gmt":"2022-07-28 15:49:10","post_content":"","post_title":"Maeva Ediciones","post_excerpt":"","post_status":"publish","comment_status":"closed","ping_status":"closed","post_password":"","post_name":"maeva-ediciones","to_ping":"","pinged":"","post_modified":"2022-07-28 17:49:10","post_modified_gmt":"2022-07-28 15:49:10","post_content_filtered":"","post_parent":0,"guid":"http:\/\/dev.claret.cat\/editorial\/maeva-ediciones\/","menu_order":0,"post_type":"editorial","post_mime_type":"","comment_count":"0","filter":"raw"}],"autores-libros":[{"ID":161472,"post_author":"3","post_date":"2022-10-14 17:18:29","post_date_gmt":"2022-10-14 15:18:29","post_content":"","post_title":"KATARZYNA PUZYNSKA","post_excerpt":"","post_status":"publish","comment_status":"closed","ping_status":"closed","post_password":"","post_name":"katarzyna-puzynska","to_ping":"","pinged":"","post_modified":"2022-10-14 17:18:29","post_modified_gmt":"2022-10-14 15:18:29","post_content_filtered":"","post_parent":0,"guid":"http:\/\/dev.claret.cat\/autor\/katarzyna-puzynska\/","menu_order":0,"post_type":"autor","post_mime_type":"","comment_count":"0","filter":"raw"}],"booktrailer":"","resenas":""},"aioseo_notices":[],"_links":{"self":[{"href":"https:\/\/www.claret.cat\/es\/wp-json\/wp\/v2\/product\/37754","targetHints":{"allow":["GET"]}}],"collection":[{"href":"https:\/\/www.claret.cat\/es\/wp-json\/wp\/v2\/product"}],"about":[{"href":"https:\/\/www.claret.cat\/es\/wp-json\/wp\/v2\/types\/product"}],"wp:featuredmedia":[{"embeddable":true,"href":"https:\/\/www.claret.cat\/es\/wp-json\/wp\/v2\/media\/1085453"}],"wp:attachment":[{"href":"https:\/\/www.claret.cat\/es\/wp-json\/wp\/v2\/media?parent=37754"}],"wp:term":[{"taxonomy":"product_brand","embeddable":true,"href":"https:\/\/www.claret.cat\/es\/wp-json\/wp\/v2\/product_brand?post=37754"},{"taxonomy":"product_cat","embeddable":true,"href":"https:\/\/www.claret.cat\/es\/wp-json\/wp\/v2\/product_cat?post=37754"},{"taxonomy":"product_tag","embeddable":true,"href":"https:\/\/www.claret.cat\/es\/wp-json\/wp\/v2\/product_tag?post=37754"}],"curies":[{"name":"wp","href":"https:\/\/api.w.org\/{rel}","templated":true}]}}