{"id":37763,"date":"2022-10-02T18:41:04","date_gmt":"2022-10-02T16:41:04","guid":{"rendered":"http:\/\/dev.claret.cat\/producte\/en-el-mar-libros-para-leer-y-colorear-con-acuarelas\/"},"modified":"2023-10-06T11:12:02","modified_gmt":"2023-10-06T09:12:02","slug":"en-el-mar-libros-para-leer-y-colorear-con-acuarelas-9788418697852","status":"publish","type":"product","link":"https:\/\/www.claret.cat\/es\/libro\/en-el-mar-libros-para-leer-y-colorear-con-acuarelas-9788418697852\/","title":{"rendered":"EN EL MAR. LIBROS PARA LEER Y COLOREAR CON ACUARELAS."},"content":{"rendered":"<p>Prep\u00e1rate para disfrutar de un momento irrepetible junto a los peque\u00f1os, con este libro para colorear. En un formato entretenido, divi\u00e9rtete con una peque\u00f1a historia para acompa\u00f1ar un producto did\u00e1ctico de gran calidad. Con sticker, un peque\u00f1o escenario para pegarlos y acuarelas de regalo.<\/p>\n","protected":false},"excerpt":{"rendered":"<p>A.A<\/p>\n","protected":false},"featured_media":54959,"template":"","meta":{"_acf_changed":false,"om_disable_all_campaigns":false,"rs_blank_template":"","rs_page_bg_color":"","slide_template_v7":"","inline_featured_image":false,"_monsterinsights_skip_tracking":false,"_monsterinsights_sitenote_active":false,"_monsterinsights_sitenote_note":"","_monsterinsights_sitenote_category":0},"product_brand":[],"product_cat":[361],"product_tag":[],"class_list":{"0":"post-37763","1":"product","2":"type-product","3":"status-publish","4":"has-post-thumbnail","6":"product_cat-cuentos-para-ninos-0-6-anos","8":"first","9":"instock","10":"taxable","11":"shipping-taxable","12":"purchasable","13":"product-type-simple"},"acf":{"autor":"A.A","codart":"841869785","libros-coleccion":"FORA DE COL.LECCI\u00d3","ediciones":"1","encuadernacion":"Carton\u00e9","fecha_de_publicacion":"01\/01\/2022","novedad":"1","paginas":"1","subtitulo":"","orden":"0","portada":"0","idioma":"spa","editorial":[{"ID":148503,"post_author":"3","post_date":"2022-10-14 11:58:45","post_date_gmt":"2022-10-14 09:58:45","post_content":"","post_title":"MANOLITO BOOKS","post_excerpt":"","post_status":"publish","comment_status":"closed","ping_status":"closed","post_password":"","post_name":"manolito-books","to_ping":"","pinged":"","post_modified":"2022-10-14 11:58:45","post_modified_gmt":"2022-10-14 09:58:45","post_content_filtered":"","post_parent":0,"guid":"http:\/\/dev.claret.cat\/editorial\/manolito-books\/","menu_order":0,"post_type":"editorial","post_mime_type":"","comment_count":"0","filter":"raw"}],"autores-libros":[{"ID":149039,"post_author":"3","post_date":"2022-10-14 14:21:40","post_date_gmt":"2022-10-14 12:21:40","post_content":"","post_title":"A.A","post_excerpt":"","post_status":"publish","comment_status":"closed","ping_status":"closed","post_password":"","post_name":"a-a","to_ping":"","pinged":"","post_modified":"2022-10-14 14:21:40","post_modified_gmt":"2022-10-14 12:21:40","post_content_filtered":"","post_parent":0,"guid":"http:\/\/dev.claret.cat\/autor\/a-a\/","menu_order":0,"post_type":"autor","post_mime_type":"","comment_count":"0","filter":"raw"}]},"aioseo_notices":[],"_links":{"self":[{"href":"https:\/\/www.claret.cat\/es\/wp-json\/wp\/v2\/product\/37763","targetHints":{"allow":["GET"]}}],"collection":[{"href":"https:\/\/www.claret.cat\/es\/wp-json\/wp\/v2\/product"}],"about":[{"href":"https:\/\/www.claret.cat\/es\/wp-json\/wp\/v2\/types\/product"}],"wp:featuredmedia":[{"embeddable":true,"href":"https:\/\/www.claret.cat\/es\/wp-json\/wp\/v2\/media\/54959"}],"wp:attachment":[{"href":"https:\/\/www.claret.cat\/es\/wp-json\/wp\/v2\/media?parent=37763"}],"wp:term":[{"taxonomy":"product_brand","embeddable":true,"href":"https:\/\/www.claret.cat\/es\/wp-json\/wp\/v2\/product_brand?post=37763"},{"taxonomy":"product_cat","embeddable":true,"href":"https:\/\/www.claret.cat\/es\/wp-json\/wp\/v2\/product_cat?post=37763"},{"taxonomy":"product_tag","embeddable":true,"href":"https:\/\/www.claret.cat\/es\/wp-json\/wp\/v2\/product_tag?post=37763"}],"curies":[{"name":"wp","href":"https:\/\/api.w.org\/{rel}","templated":true}]}}