{"id":37775,"date":"2022-10-02T18:41:15","date_gmt":"2022-10-02T16:41:15","guid":{"rendered":"http:\/\/dev.claret.cat\/producte\/san-jose-corazon-de-padre\/"},"modified":"2023-10-06T09:43:33","modified_gmt":"2023-10-06T07:43:33","slug":"san-jose-corazon-de-padre-9788419240019","status":"publish","type":"product","link":"https:\/\/www.claret.cat\/es\/libro\/san-jose-corazon-de-padre-9788419240019\/","title":{"rendered":"SAN JOSE, CORAZ\u00d3N DE PADRE"},"content":{"rendered":"<p>\u201cSan Jos\u00e9, coraz\u00f3n de padre\u201d del Papa Francisco es el nuevo libro que Romana presenta con Libreria Editrice Vaticana (L.E.V.), con la catequesis y oraciones del Papa Francisco acerca de la figura de San Jos\u00e9, as\u00ed como la Carta Apost\u00f3lica \u201cPatris Corde\u201d, promulgada con motivo del 150\u00aa aniversario de la declaraci\u00f3n de San Jos\u00e9 como Patrono de la Iglesia Cat\u00f3lica.<br \/> Las 128 p\u00e1ginas de este volumen presentan el Magisterio del Papa Francisco recogido en la Carta Apost\u00f3lica Patris corde y las catequesis predicadas en la Audiencia general, del 17 de noviembre de 2021 al 16 de febrero de 2022, acerca de San Jos\u00e9, complementarias de la Carta Apost\u00f3lica, habiendo querido \u201ccompartir algunas reflexiones personales sobre esta figura extraordinaria, tan cercana a nuestra condici\u00f3n humana\u201d, que am\u00f3 y cuid\u00f3 a Jes\u00fas \u201ccon coraz\u00f3n de padre\u201d.<br \/> En particular, el Papa analiza de forma sistem\u00e1tica la figura de san Jos\u00e9, en la Carta Apost\u00f3lica, describiendo las siete caracter\u00edsticas de san Jos\u00e9 que dibujan el modo de ser padre: padre amado por el pueblo cristiano, que lo invoca como intercesor; padre en la ternura; padre en la obediencia, padre en la acogida, padre de la valent\u00eda creativa, padre trabajador, padre en la sombra. En la catequesis desgrana, en doce cap\u00edtulos, cada elemento de la vida y misi\u00f3n de san Jos\u00e9, desde el ambiente en que vivi\u00f3 su papel en la historia de la salvaci\u00f3n, como hombre justo, esposo de Mar\u00eda y padre putativo de Jes\u00fas; el modo en que ejerci\u00f3 su misi\u00f3n como \u201chombre del silencio\u201d, emigrante perseguido y valiente, humilde carpintero; el \u201cpadre en la ternura\u201d y el hombre que \u201csue\u00f1a\u201d; su papel en la Iglesia, en la comuni\u00f3n de los santos, patrono de la buena muerte y Patrono de la Iglesia universal. Completan el volumen el conjunto de oraciones del Papa Francisco a san Jos\u00e9.<br \/> En palabras del Papa, que desea que crezca el amor a este gran santo, \u201ctodos pueden encontrar en san Jos\u00e9 \u2014el hombre que pasa desapercibido, el hombre de la presencia diaria, discreta y oculta\u2014 un intercesor, un apoyo y una gu\u00eda en tiempos de dificultad.\u201d<br \/> La introducci\u00f3n del volumen recoge las palabras del Papa en la entrevista realizada por L&#8221;Osservatore Romano a prop\u00f3sito de la figura del santo.<br \/> El Magisterio y las oraciones del Papa Francisco acerca de la figura de San Jos\u00e9, Patrono de la Iglesia, el santo que el Papa lleva el coraz\u00f3n con constante devoci\u00f3n, publicado por Romana al concluir el a\u00f1o especial dedicado a San Jos\u00e9.<\/p>\n","protected":false},"excerpt":{"rendered":"<p>PAPA FRANCISCO<\/p>\n","protected":false},"featured_media":54967,"template":"","meta":{"_acf_changed":false,"om_disable_all_campaigns":false,"rs_blank_template":"","rs_page_bg_color":"","slide_template_v7":"","inline_featured_image":false,"_monsterinsights_skip_tracking":false,"_monsterinsights_sitenote_active":false,"_monsterinsights_sitenote_note":"","_monsterinsights_sitenote_category":0},"product_brand":[],"product_cat":[485,395],"product_tag":[],"class_list":{"0":"post-37775","1":"product","2":"type-product","3":"status-publish","4":"has-post-thumbnail","6":"product_cat-autores-espiritualidad-1_espiritualidad","7":"product_cat-vida-religiosa-espiritualidad-1_espiritualidad","9":"first","10":"instock","11":"taxable","12":"shipping-taxable","13":"purchasable","14":"product-type-simple"},"acf":{"autor":"PAPA FRANCISCO","codart":"841924001","libros-coleccion":"","ediciones":"1","encuadernacion":"R\u00fastica","fecha_de_publicacion":"01\/04\/2022","novedad":"1","paginas":"110","subtitulo":"CATEQUESIS DEL PAPA ACERCA DE LA SAN JOS\u00c9","orden":"0","portada":"0","idioma":"spa","autores-libros":[{"ID":5919,"post_author":"3","post_date":"2022-07-28 17:34:18","post_date_gmt":"2022-07-28 15:34:18","post_content":"","post_title":"PAPA FRANCISCO","post_excerpt":"","post_status":"publish","comment_status":"closed","ping_status":"closed","post_password":"","post_name":"papa-francisco","to_ping":"","pinged":"","post_modified":"2022-07-28 17:34:18","post_modified_gmt":"2022-07-28 15:34:18","post_content_filtered":"","post_parent":0,"guid":"http:\/\/dev.claret.cat\/autor\/papa-francisco\/","menu_order":0,"post_type":"autor","post_mime_type":"","comment_count":"0","filter":"raw"}],"editorial":[{"ID":148758,"post_author":"3","post_date":"2022-10-14 12:00:45","post_date_gmt":"2022-10-14 10:00:45","post_content":"","post_title":"ROMANA","post_excerpt":"","post_status":"publish","comment_status":"closed","ping_status":"closed","post_password":"","post_name":"romana","to_ping":"","pinged":"","post_modified":"2022-10-14 12:00:45","post_modified_gmt":"2022-10-14 10:00:45","post_content_filtered":"","post_parent":0,"guid":"http:\/\/dev.claret.cat\/editorial\/romana\/","menu_order":0,"post_type":"editorial","post_mime_type":"","comment_count":"0","filter":"raw"}]},"aioseo_notices":[],"_links":{"self":[{"href":"https:\/\/www.claret.cat\/es\/wp-json\/wp\/v2\/product\/37775","targetHints":{"allow":["GET"]}}],"collection":[{"href":"https:\/\/www.claret.cat\/es\/wp-json\/wp\/v2\/product"}],"about":[{"href":"https:\/\/www.claret.cat\/es\/wp-json\/wp\/v2\/types\/product"}],"wp:featuredmedia":[{"embeddable":true,"href":"https:\/\/www.claret.cat\/es\/wp-json\/wp\/v2\/media\/54967"}],"wp:attachment":[{"href":"https:\/\/www.claret.cat\/es\/wp-json\/wp\/v2\/media?parent=37775"}],"wp:term":[{"taxonomy":"product_brand","embeddable":true,"href":"https:\/\/www.claret.cat\/es\/wp-json\/wp\/v2\/product_brand?post=37775"},{"taxonomy":"product_cat","embeddable":true,"href":"https:\/\/www.claret.cat\/es\/wp-json\/wp\/v2\/product_cat?post=37775"},{"taxonomy":"product_tag","embeddable":true,"href":"https:\/\/www.claret.cat\/es\/wp-json\/wp\/v2\/product_tag?post=37775"}],"curies":[{"name":"wp","href":"https:\/\/api.w.org\/{rel}","templated":true}]}}