{"id":37820,"date":"2022-10-02T18:42:01","date_gmt":"2022-10-02T16:42:01","guid":{"rendered":"http:\/\/dev.claret.cat\/producte\/un-malestar-indefinido\/"},"modified":"2023-10-06T09:27:23","modified_gmt":"2023-10-06T07:27:23","slug":"un-malestar-indefinido-9788433964939","status":"publish","type":"product","link":"https:\/\/www.claret.cat\/es\/libro\/un-malestar-indefinido-9788433964939\/","title":{"rendered":"UN MALESTAR INDEFINIDO"},"content":{"rendered":"<p>Una deslumbrante exploraci\u00f3n del insomnio y, a trav\u00e9s de \u00e9l, de la condici\u00f3n humana,\u00a0la memoria, los miedos, el lenguaje, la creatividad&#8230;\u00a0 <\/p>\n<p> Un d\u00eda \u2013o m\u00e1s bien una noche\u2013 la escritora Samantha Harvey empieza a sufrir insomnio. Un insomnio que se va haciendo tan insidioso y persistente que amenaza su salud mental y f\u00edsica. El detonante es, en apariencia, un cambio de domicilio: en el nuevo, situado en una arteria urbana m\u00e1s ancha, hay m\u00e1s ruido de tr\u00e1?co. Pero las causas pueden ser m\u00e1s profundas. La autora consulta a terapeutas y m\u00e9dicos que la trataban con cierta displicencia, prueba con pastillas, con tisanas, con meditaci\u00f3n, con t\u00e9cnicas de relajaci\u00f3n&#8230; Este libro es una suerte de diario de una insomne. Pero va mucho m\u00e1s all\u00e1. El estado de alteraci\u00f3n en el que vive la escritora la avocan a re? exionar sobre la vida y la muerte, los comportamientos humanos, el lenguaje, la creatividad&#8230; Y tambi\u00e9n a explorar su propia vida y su pasado, lo cual da lugar a episodios traum\u00e1ticos: el temprano fallecimiento del primo epil\u00e9ptico o la muerte de la perra de la familia cuando la autora era una ni\u00f1a&#8230;<\/p>\n","protected":false},"excerpt":{"rendered":"<p>HARVEY, SAMANTHA<\/p>\n","protected":false},"featured_media":55001,"template":"","meta":{"_acf_changed":false,"om_disable_all_campaigns":false,"rs_blank_template":"","rs_page_bg_color":"","slide_template_v7":"","inline_featured_image":false,"_monsterinsights_skip_tracking":false,"_monsterinsights_sitenote_active":false,"_monsterinsights_sitenote_note":"","_monsterinsights_sitenote_category":0},"product_brand":[],"product_cat":[540],"product_tag":[],"class_list":{"0":"post-37820","1":"product","2":"type-product","3":"status-publish","4":"has-post-thumbnail","6":"product_cat-otros","8":"first","9":"instock","10":"taxable","11":"shipping-taxable","12":"purchasable","13":"product-type-simple"},"acf":{"autor":"HARVEY, SAMANTHA","codart":"843396493","libros-coleccion":"Argumentos","ediciones":"1","encuadernacion":"R\u00fastica","fecha_de_publicacion":"01\/04\/2022","novedad":"1","paginas":"174","subtitulo":"UN A\u00d1O SIN DORMIR","orden":"0","portada":"0","idioma":"spa","editorial":[{"ID":6219,"post_author":"3","post_date":"2022-07-28 17:47:26","post_date_gmt":"2022-07-28 15:47:26","post_content":"","post_title":"Editorial Anagrama S.A.","post_excerpt":"","post_status":"publish","comment_status":"closed","ping_status":"closed","post_password":"","post_name":"editorial-anagrama-s-a","to_ping":"","pinged":"","post_modified":"2022-07-28 17:47:26","post_modified_gmt":"2022-07-28 15:47:26","post_content_filtered":"","post_parent":0,"guid":"http:\/\/dev.claret.cat\/editorial\/editorial-anagrama-s-a\/","menu_order":0,"post_type":"editorial","post_mime_type":"","comment_count":"0","filter":"raw"}],"autores-libros":[{"ID":168893,"post_author":"3","post_date":"2022-10-14 22:22:48","post_date_gmt":"2022-10-14 20:22:48","post_content":"","post_title":"SAMANTHA HARVEY","post_excerpt":"","post_status":"publish","comment_status":"closed","ping_status":"closed","post_password":"","post_name":"samantha-harvey","to_ping":"","pinged":"","post_modified":"2022-10-14 22:22:48","post_modified_gmt":"2022-10-14 20:22:48","post_content_filtered":"","post_parent":0,"guid":"http:\/\/dev.claret.cat\/autor\/samantha-harvey\/","menu_order":0,"post_type":"autor","post_mime_type":"","comment_count":"0","filter":"raw"}]},"aioseo_notices":[],"_links":{"self":[{"href":"https:\/\/www.claret.cat\/es\/wp-json\/wp\/v2\/product\/37820","targetHints":{"allow":["GET"]}}],"collection":[{"href":"https:\/\/www.claret.cat\/es\/wp-json\/wp\/v2\/product"}],"about":[{"href":"https:\/\/www.claret.cat\/es\/wp-json\/wp\/v2\/types\/product"}],"wp:featuredmedia":[{"embeddable":true,"href":"https:\/\/www.claret.cat\/es\/wp-json\/wp\/v2\/media\/55001"}],"wp:attachment":[{"href":"https:\/\/www.claret.cat\/es\/wp-json\/wp\/v2\/media?parent=37820"}],"wp:term":[{"taxonomy":"product_brand","embeddable":true,"href":"https:\/\/www.claret.cat\/es\/wp-json\/wp\/v2\/product_brand?post=37820"},{"taxonomy":"product_cat","embeddable":true,"href":"https:\/\/www.claret.cat\/es\/wp-json\/wp\/v2\/product_cat?post=37820"},{"taxonomy":"product_tag","embeddable":true,"href":"https:\/\/www.claret.cat\/es\/wp-json\/wp\/v2\/product_tag?post=37820"}],"curies":[{"name":"wp","href":"https:\/\/api.w.org\/{rel}","templated":true}]}}