{"id":37865,"date":"2022-10-02T18:42:47","date_gmt":"2022-10-02T16:42:47","guid":{"rendered":"http:\/\/dev.claret.cat\/producte\/en-ruta-por-espana-y-portugal-2\/"},"modified":"2024-03-27T12:30:09","modified_gmt":"2024-03-27T11:30:09","slug":"en-ruta-por-espana-y-portugal-2-9788408248491","status":"publish","type":"product","link":"https:\/\/www.claret.cat\/es\/libro\/en-ruta-por-espana-y-portugal-2-9788408248491\/","title":{"rendered":"EN RUTA POR ESPA\u00d1A Y PORTUGAL 2"},"content":{"rendered":"<p>Hay carreteras donde cada curva es una oportunidad para atisbar una playa escondida, descubrir alg\u00fan lugar repleto de historia o detenerse a saborear los m\u00e1s deliciosos manjares. Los autores de Lonely Planet han seleccionado 32 asombrosas rutas por carretera que atraviesan Espa\u00f1a y Portugal y permiten descubrir desde los vi\u00f1edos m\u00e1s antiguos del mundo o las monta\u00f1as m\u00e1s altas de la pen\u00ednsula hasta las m\u00e1s asombrosas playas del norte o el casco urbano de algunas ciudades tan monumentales que dejan sin aliento.<br \/> Con recomendaciones variadas que satisfar\u00e1n las inquietudes de cualquier viajero: tanto si se es amante del surf como si se anhela probar el bacalao portugu\u00e9s o pasar horas y horas en una ilustre pinacoteca, esta gu\u00eda proporciona alternativas para todos los gustos.<\/p>\n","protected":false},"excerpt":{"rendered":"<p>CLARK, GREGOR \/ ST.LOUIS, REGIS \/ GARWOOD, DUNCAN \/ HAM, ANTHONY \/ NOBLE, JOHN<\/p>\n","protected":false},"featured_media":55031,"template":"","meta":{"_acf_changed":false,"om_disable_all_campaigns":false,"rs_blank_template":"","rs_page_bg_color":"","slide_template_v7":"","inline_featured_image":false,"_monsterinsights_skip_tracking":false,"_monsterinsights_sitenote_active":false,"_monsterinsights_sitenote_note":"","_monsterinsights_sitenote_category":0},"product_brand":[],"product_cat":[557,107],"product_tag":[],"class_list":{"0":"post-37865","1":"product","2":"type-product","3":"status-publish","4":"has-post-thumbnail","6":"product_cat-guias-de-viaje","7":"product_cat-guies-de-viatge","9":"first","10":"instock","11":"taxable","12":"shipping-taxable","13":"purchasable","14":"product-type-simple"},"acf":{"autor":"CLARK, GREGOR \/ ST.LOUIS, REGIS \/ GARWOOD, DUNCAN \/ HAM, ANTHONY \/ NOBLE, JOHN","codart":"840824849","libros-coleccion":"Gu\u00edas En ruta Lonely Planet","ediciones":"1","encuadernacion":"R\u00fastica","fecha_de_publicacion":"01\/04\/2022","novedad":"1","paginas":"414","subtitulo":"","orden":"0","portada":"0","idioma":"spa","editorial":[{"ID":6233,"post_author":"3","post_date":"2022-07-28 17:47:48","post_date_gmt":"2022-07-28 15:47:48","post_content":"","post_title":"EDITORIAL PLANETA","post_excerpt":"","post_status":"publish","comment_status":"closed","ping_status":"closed","post_password":"","post_name":"editorial-planeta","to_ping":"","pinged":"","post_modified":"2022-07-28 17:47:48","post_modified_gmt":"2022-07-28 15:47:48","post_content_filtered":"","post_parent":0,"guid":"http:\/\/dev.claret.cat\/editorial\/editorial-planeta\/","menu_order":0,"post_type":"editorial","post_mime_type":"","comment_count":"0","filter":"raw"}],"autores-libros":[{"ID":159684,"post_author":"3","post_date":"2022-10-14 15:46:53","post_date_gmt":"2022-10-14 13:46:53","post_content":"","post_title":"JOHN NOBLE","post_excerpt":"","post_status":"publish","comment_status":"closed","ping_status":"closed","post_password":"","post_name":"john-noble","to_ping":"","pinged":"","post_modified":"2022-10-14 15:46:53","post_modified_gmt":"2022-10-14 13:46:53","post_content_filtered":"","post_parent":0,"guid":"http:\/\/dev.claret.cat\/autor\/john-noble\/","menu_order":0,"post_type":"autor","post_mime_type":"","comment_count":"0","filter":"raw"},{"ID":167939,"post_author":"3","post_date":"2022-10-14 18:15:13","post_date_gmt":"2022-10-14 16:15:13","post_content":"","post_title":"REGIS ST.LOUIS","post_excerpt":"","post_status":"publish","comment_status":"closed","ping_status":"closed","post_password":"","post_name":"regis-st-louis","to_ping":"","pinged":"","post_modified":"2022-10-14 18:15:13","post_modified_gmt":"2022-10-14 16:15:13","post_content_filtered":"","post_parent":0,"guid":"http:\/\/dev.claret.cat\/autor\/regis-st-louis\/","menu_order":0,"post_type":"autor","post_mime_type":"","comment_count":"0","filter":"raw"},{"ID":154426,"post_author":"3","post_date":"2022-10-14 15:04:43","post_date_gmt":"2022-10-14 13:04:43","post_content":"","post_title":"DUNCAN GARWOOD","post_excerpt":"","post_status":"publish","comment_status":"closed","ping_status":"closed","post_password":"","post_name":"duncan-garwood","to_ping":"","pinged":"","post_modified":"2022-10-14 15:04:43","post_modified_gmt":"2022-10-14 13:04:43","post_content_filtered":"","post_parent":0,"guid":"http:\/\/dev.claret.cat\/autor\/duncan-garwood\/","menu_order":0,"post_type":"autor","post_mime_type":"","comment_count":"0","filter":"raw"},{"ID":157122,"post_author":"3","post_date":"2022-10-14 15:26:17","post_date_gmt":"2022-10-14 13:26:17","post_content":"","post_title":"GREGOR CLARK","post_excerpt":"","post_status":"publish","comment_status":"closed","ping_status":"closed","post_password":"","post_name":"gregor-clark","to_ping":"","pinged":"","post_modified":"2022-10-14 15:26:17","post_modified_gmt":"2022-10-14 13:26:17","post_content_filtered":"","post_parent":0,"guid":"http:\/\/dev.claret.cat\/autor\/gregor-clark\/","menu_order":0,"post_type":"autor","post_mime_type":"","comment_count":"0","filter":"raw"},{"ID":150770,"post_author":"3","post_date":"2022-10-14 14:35:36","post_date_gmt":"2022-10-14 12:35:36","post_content":"","post_title":"ANTHONY HAM","post_excerpt":"","post_status":"publish","comment_status":"closed","ping_status":"closed","post_password":"","post_name":"anthony-ham","to_ping":"","pinged":"","post_modified":"2022-10-14 14:35:36","post_modified_gmt":"2022-10-14 12:35:36","post_content_filtered":"","post_parent":0,"guid":"http:\/\/dev.claret.cat\/autor\/anthony-ham\/","menu_order":0,"post_type":"autor","post_mime_type":"","comment_count":"0","filter":"raw"}]},"aioseo_notices":[],"_links":{"self":[{"href":"https:\/\/www.claret.cat\/es\/wp-json\/wp\/v2\/product\/37865","targetHints":{"allow":["GET"]}}],"collection":[{"href":"https:\/\/www.claret.cat\/es\/wp-json\/wp\/v2\/product"}],"about":[{"href":"https:\/\/www.claret.cat\/es\/wp-json\/wp\/v2\/types\/product"}],"wp:featuredmedia":[{"embeddable":true,"href":"https:\/\/www.claret.cat\/es\/wp-json\/wp\/v2\/media\/55031"}],"wp:attachment":[{"href":"https:\/\/www.claret.cat\/es\/wp-json\/wp\/v2\/media?parent=37865"}],"wp:term":[{"taxonomy":"product_brand","embeddable":true,"href":"https:\/\/www.claret.cat\/es\/wp-json\/wp\/v2\/product_brand?post=37865"},{"taxonomy":"product_cat","embeddable":true,"href":"https:\/\/www.claret.cat\/es\/wp-json\/wp\/v2\/product_cat?post=37865"},{"taxonomy":"product_tag","embeddable":true,"href":"https:\/\/www.claret.cat\/es\/wp-json\/wp\/v2\/product_tag?post=37865"}],"curies":[{"name":"wp","href":"https:\/\/api.w.org\/{rel}","templated":true}]}}