{"id":378994,"date":"2023-02-02T11:32:57","date_gmt":"2023-02-02T10:32:57","guid":{"rendered":"https:\/\/www.claret.cat\/llibre\/de-madre-a-discipula-9788413682556\/"},"modified":"2026-02-26T18:33:46","modified_gmt":"2026-02-26T17:33:46","slug":"de-madre-a-discipula-9788413682556","status":"publish","type":"product","link":"https:\/\/www.claret.cat\/es\/libro\/de-madre-a-discipula-9788413682556\/","title":{"rendered":"DE MADRE A DISCIPULA"},"content":{"rendered":"<p>La presencia de Mar\u00eda en la vida de la Iglesia, en general, y de cada cristiano en particular es clara y mani esta (aunque, a veces, se presente de un modo discreto como en las bodas de Can\u00e1). Por eso la teolog\u00eda ha dedicado siempre una atenci\u00f3n especial al estudio de la gura de la Virgen sabiendo que se trata de un oc\u00e9ano inabarcable. Este libro es una gu\u00eda de buceo para descubrir los tesoros escondidos en Mar\u00eda. A trav\u00e9s de estas p\u00e1ginas nos sumergiremos en la Escritura (\u00bfqu\u00e9 dice la Biblia de Ella?), en la Tradici\u00f3n de la Iglesia (\u00bfqu\u00e9 se nos ense\u00f1a a trav\u00e9s de los dogmas marianos?), en la vida de los hombres y de los pueblos (piedad y liturgia a lo largo de la historia) para profundizar m\u00e1s en un conocimiento que nos lleve a una gloricaci\u00f3n de Dios. Y como conclusi\u00f3n nos encontraremos con cinco personas que cifraron su santidad en la imitaci\u00f3n de Mar\u00eda.<\/p>\n","protected":false},"excerpt":{"rendered":"<p>DEL MORAL ACHA, FERNANDO<\/p>\n","protected":false},"featured_media":386667,"template":"","meta":{"_acf_changed":false,"om_disable_all_campaigns":false,"rs_blank_template":"","rs_page_bg_color":"","slide_template_v7":"","inline_featured_image":false,"_monsterinsights_skip_tracking":false,"_monsterinsights_sitenote_active":false,"_monsterinsights_sitenote_note":"","_monsterinsights_sitenote_category":0},"product_brand":[],"product_cat":[286,512],"product_tag":[],"class_list":{"0":"post-378994","1":"product","2":"type-product","3":"status-publish","4":"has-post-thumbnail","6":"product_cat-mariologia","7":"product_cat-mariologia-teologia-1_espiritualidad","9":"first","10":"instock","11":"taxable","12":"shipping-taxable","13":"purchasable","14":"product-type-simple"},"acf":{"editorial":[{"ID":148624,"post_author":"3","post_date":"2022-10-14 11:59:42","post_date_gmt":"2022-10-14 09:59:42","post_content":"","post_title":"PALABRA S.A., EDICIONES","post_excerpt":"","post_status":"publish","comment_status":"closed","ping_status":"closed","post_password":"","post_name":"palabra-s-a-ediciones","to_ping":"","pinged":"","post_modified":"2022-10-14 11:59:42","post_modified_gmt":"2022-10-14 09:59:42","post_content_filtered":"","post_parent":0,"guid":"http:\/\/dev.claret.cat\/editorial\/palabra-s-a-ediciones\/","menu_order":0,"post_type":"editorial","post_mime_type":"","comment_count":"0","filter":"raw"}],"autores-libros":[{"ID":378993,"post_author":"3","post_date":"2023-02-02 11:32:55","post_date_gmt":"2023-02-02 10:32:55","post_content":"","post_title":"FERNANDO DEL MORAL ACHA","post_excerpt":"","post_status":"publish","comment_status":"closed","ping_status":"closed","post_password":"","post_name":"fernando-del-moral-acha-2","to_ping":"","pinged":"","post_modified":"2023-02-02 11:32:55","post_modified_gmt":"2023-02-02 10:32:55","post_content_filtered":"","post_parent":0,"guid":"https:\/\/www.claret.cat\/autor\/fernando-del-moral-acha-2\/","menu_order":0,"post_type":"autor","post_mime_type":"","comment_count":"0","filter":"raw"}],"autor":"DEL MORAL ACHA, FERNANDO","codart":"841368255","libros-coleccion":"FORA DE COL.LECCI\u00d3","ediciones":"1","encuadernacion":"R\u00fastica","fecha_de_publicacion":"01\/01\/2023","novedad":"1","paginas":"96","subtitulo":"INTRODUCCION A LA MARIOLOGIA","orden":"0","portada":"0","idioma":"spa","booktrailer":"","resenas":""},"aioseo_notices":[],"_links":{"self":[{"href":"https:\/\/www.claret.cat\/es\/wp-json\/wp\/v2\/product\/378994","targetHints":{"allow":["GET"]}}],"collection":[{"href":"https:\/\/www.claret.cat\/es\/wp-json\/wp\/v2\/product"}],"about":[{"href":"https:\/\/www.claret.cat\/es\/wp-json\/wp\/v2\/types\/product"}],"wp:featuredmedia":[{"embeddable":true,"href":"https:\/\/www.claret.cat\/es\/wp-json\/wp\/v2\/media\/386667"}],"wp:attachment":[{"href":"https:\/\/www.claret.cat\/es\/wp-json\/wp\/v2\/media?parent=378994"}],"wp:term":[{"taxonomy":"product_brand","embeddable":true,"href":"https:\/\/www.claret.cat\/es\/wp-json\/wp\/v2\/product_brand?post=378994"},{"taxonomy":"product_cat","embeddable":true,"href":"https:\/\/www.claret.cat\/es\/wp-json\/wp\/v2\/product_cat?post=378994"},{"taxonomy":"product_tag","embeddable":true,"href":"https:\/\/www.claret.cat\/es\/wp-json\/wp\/v2\/product_tag?post=378994"}],"curies":[{"name":"wp","href":"https:\/\/api.w.org\/{rel}","templated":true}]}}