{"id":379019,"date":"2023-02-02T11:34:09","date_gmt":"2023-02-02T10:34:09","guid":{"rendered":"https:\/\/www.claret.cat\/llibre\/el-falsificador-9788413844961\/"},"modified":"2023-10-06T06:31:06","modified_gmt":"2023-10-06T04:31:06","slug":"el-falsificador-9788413844961","status":"publish","type":"product","link":"https:\/\/www.claret.cat\/es\/libro\/el-falsificador-9788413844961\/","title":{"rendered":"EL FALSIFICADOR"},"content":{"rendered":"<p>Seductor, p\u00edcaro y provocador, fil\u00f3sofo, cuentista y pintor, Oswald Aul\u00e8stia, considerado el mayor falsificador de arte del mundo, relata en este libro su vida de novela. Una historia en parte convertida en documental que se estren\u00f3 en la gran pantalla, y que sorprender\u00e1 a los lectores por su personalidad irrepetible y su franqueza.Ni aburre ni se aburre. Una existencia dibujada a base de sexo, drogas y pinceles. De la generaci\u00f3n del 46, ha conocido el lujo, la precariedad y la c\u00e1rcel, las fiestas con Al Pacino, la mansi\u00f3n de Ricky Martin, los caprichos de Madonna o las compras de Sylvester Stallone. Tal vez has contemplado algunas de sus piezas en los mejores museos y galer\u00edas del mundo. Con la m\u00e1xima \u00abTodo lo que vale mucho dinero se falsifica\u00bb, ha aprovechado su talento para vivir a todo tren y, de paso, sabotear el sistema elitista y endog\u00e1mico del mundo del arte. Una biograf\u00eda para saber c\u00f3mo se puede ser Mir\u00f3, Modigliani, Chagall o Picasso y seguir vivo, rico y famoso.<\/p>\n","protected":false},"excerpt":{"rendered":"<p>AUL\u00c8STIA BACH, OSWALD \/ CASABLANCA PUJOL, NEUS<\/p>\n","protected":false},"featured_media":385954,"template":"","meta":{"_acf_changed":false,"om_disable_all_campaigns":false,"rs_blank_template":"","rs_page_bg_color":"","slide_template_v7":"","inline_featured_image":false,"_monsterinsights_skip_tracking":false,"_monsterinsights_sitenote_active":false,"_monsterinsights_sitenote_note":"","_monsterinsights_sitenote_category":0},"product_brand":[],"product_cat":[549],"product_tag":[],"class_list":{"0":"post-379019","1":"product","2":"type-product","3":"status-publish","4":"has-post-thumbnail","6":"product_cat-biografias","8":"first","9":"instock","10":"taxable","11":"shipping-taxable","12":"purchasable","13":"product-type-simple"},"acf":{"editorial":[{"ID":6277,"post_author":"3","post_date":"2022-07-28 17:48:44","post_date_gmt":"2022-07-28 15:48:44","post_content":"","post_title":"LA ESFERA DE LOS LIBROS","post_excerpt":"","post_status":"publish","comment_status":"closed","ping_status":"closed","post_password":"","post_name":"la-esfera-de-los-libros","to_ping":"","pinged":"","post_modified":"2022-07-28 17:48:44","post_modified_gmt":"2022-07-28 15:48:44","post_content_filtered":"","post_parent":0,"guid":"http:\/\/dev.claret.cat\/editorial\/la-esfera-de-los-libros\/","menu_order":0,"post_type":"editorial","post_mime_type":"","comment_count":"0","filter":"raw"}],"autores-libros":[{"ID":379018,"post_author":"3","post_date":"2023-02-02 11:34:07","post_date_gmt":"2023-02-02 10:34:07","post_content":"","post_title":"OSWALD AUL\u00c8STIA BACH","post_excerpt":"","post_status":"publish","comment_status":"closed","ping_status":"closed","post_password":"","post_name":"oswald-aulestia-bach","to_ping":"","pinged":"","post_modified":"2023-02-02 11:34:07","post_modified_gmt":"2023-02-02 10:34:07","post_content_filtered":"","post_parent":0,"guid":"https:\/\/www.claret.cat\/autor\/oswald-aulestia-bach\/","menu_order":0,"post_type":"autor","post_mime_type":"","comment_count":"0","filter":"raw"},{"ID":379017,"post_author":"3","post_date":"2023-02-02 11:34:06","post_date_gmt":"2023-02-02 10:34:06","post_content":"","post_title":"NEUS CASABLANCA PUJOL","post_excerpt":"","post_status":"publish","comment_status":"closed","ping_status":"closed","post_password":"","post_name":"neus-casablanca-pujol","to_ping":"","pinged":"","post_modified":"2023-02-02 11:34:06","post_modified_gmt":"2023-02-02 10:34:06","post_content_filtered":"","post_parent":0,"guid":"https:\/\/www.claret.cat\/autor\/neus-casablanca-pujol\/","menu_order":0,"post_type":"autor","post_mime_type":"","comment_count":"0","filter":"raw"}],"autor":"AUL\u00c8STIA BACH, OSWALD \/ CASABLANCA PUJOL, NEUS","codart":"841384496","libros-coleccion":"Biograf\u00edas y memorias","ediciones":"1","encuadernacion":"R\u00fastica","fecha_de_publicacion":"01\/01\/2023","novedad":"1","paginas":"386","subtitulo":"EL TESTIMONIO DE UNO DE LOS MAYORES FALSIFICADORES DE ARTE DE LA HISTORIA","orden":"0","portada":"0","idioma":"spa"},"aioseo_notices":[],"_links":{"self":[{"href":"https:\/\/www.claret.cat\/es\/wp-json\/wp\/v2\/product\/379019","targetHints":{"allow":["GET"]}}],"collection":[{"href":"https:\/\/www.claret.cat\/es\/wp-json\/wp\/v2\/product"}],"about":[{"href":"https:\/\/www.claret.cat\/es\/wp-json\/wp\/v2\/types\/product"}],"wp:featuredmedia":[{"embeddable":true,"href":"https:\/\/www.claret.cat\/es\/wp-json\/wp\/v2\/media\/385954"}],"wp:attachment":[{"href":"https:\/\/www.claret.cat\/es\/wp-json\/wp\/v2\/media?parent=379019"}],"wp:term":[{"taxonomy":"product_brand","embeddable":true,"href":"https:\/\/www.claret.cat\/es\/wp-json\/wp\/v2\/product_brand?post=379019"},{"taxonomy":"product_cat","embeddable":true,"href":"https:\/\/www.claret.cat\/es\/wp-json\/wp\/v2\/product_cat?post=379019"},{"taxonomy":"product_tag","embeddable":true,"href":"https:\/\/www.claret.cat\/es\/wp-json\/wp\/v2\/product_tag?post=379019"}],"curies":[{"name":"wp","href":"https:\/\/api.w.org\/{rel}","templated":true}]}}