{"id":379143,"date":"2023-02-02T11:42:29","date_gmt":"2023-02-02T10:42:29","guid":{"rendered":"https:\/\/www.claret.cat\/llibre\/invisible-edicion-ilustrada-9788418050428\/"},"modified":"2023-10-06T05:56:59","modified_gmt":"2023-10-06T03:56:59","slug":"invisible-edicion-ilustrada-9788418050428","status":"publish","type":"product","link":"https:\/\/www.claret.cat\/es\/libro\/invisible-edicion-ilustrada-9788418050428\/","title":{"rendered":"INVISIBLE (EDICI\u00d3N ILUSTRADA)"},"content":{"rendered":"<p>Emotiva, conmovedora, diferente&#8230; Invisible narra, a trav\u00e9s de  los ojos de un ni\u00f1o, una historia que podr\u00eda ser la de cualquiera de nosotros. \u00bfQui\u00e9n no ha deseado alguna vez ser invisible? \u00bfQui\u00e9n no ha deseado alguna vez dejar de serlo? El problema es que nunca he llegado a controlar bien ese poder: A veces, cuando m\u00e1s ganas ten\u00eda de ser invisible, era cuando m\u00e1s gente  me ve\u00eda, y en cambio, cuando deseaba que todos me vieran, era cuando a mi cuerpo le daba por desaparecer. Rese\u00f1as:<br \/>\u00abUn libro que nos muestra poco a poco las piezas de un puzle que  nosotros, como lectores, debemos ordenar para obtener una visi\u00f3n  completa de la historia que se est\u00e1 contando. Duro, real y necesario. Os lo recomiendo much\u00edsimo.\u00bb<br \/>IG El caos literario \u00abEste libro te hace pensar y querer ser mejor persona.\u00bb<br \/>IG Lioncourt \u00abUn libro que me ha encantado. Una historia conmovedora, totalmente necesaria y que te llega al coraz\u00f3n.\u00bb<br \/>IG Iris de Asomo Premios:<br \/>Eloy Moreno, con su novela Invisible, es el ganador del I Premio Yoleo  de lectura para j\u00f3venes, otorgado por la Plataforma YOLEO.club, que promueve la lectura entre los m\u00e1s j\u00f3venes. En los blogs&#8230;<br \/>\u00abUna novela desgarradoramente aut\u00e9ntica que se siente y se sufre a cada  p\u00e1gina. Recomendad\u00edsima, sin ning\u00fan l\u00edmite de edad. Una novela que te abre los ojos a una realidad, que poco tiene de ficci\u00f3n.\u00bb<br \/>Blog  \u00c9rase un libro<\/p>\n","protected":false},"excerpt":{"rendered":"<p>MORENO, ELOY<\/p>\n","protected":false},"featured_media":379146,"template":"","meta":{"_acf_changed":false,"om_disable_all_campaigns":false,"rs_blank_template":"","rs_page_bg_color":"","slide_template_v7":"","inline_featured_image":false,"_monsterinsights_skip_tracking":false,"_monsterinsights_sitenote_active":false,"_monsterinsights_sitenote_note":"","_monsterinsights_sitenote_category":0},"product_brand":[],"product_cat":[555],"product_tag":[],"class_list":{"0":"post-379143","1":"product","2":"type-product","3":"status-publish","4":"has-post-thumbnail","6":"product_cat-regalo","8":"first","9":"instock","10":"taxable","11":"shipping-taxable","12":"purchasable","13":"product-type-simple"},"acf":{"editorial":[{"ID":148591,"post_author":"3","post_date":"2022-10-14 11:59:26","post_date_gmt":"2022-10-14 09:59:26","post_content":"","post_title":"NUBE DE TINTA","post_excerpt":"","post_status":"publish","comment_status":"closed","ping_status":"closed","post_password":"","post_name":"nube-de-tinta","to_ping":"","pinged":"","post_modified":"2022-10-14 11:59:26","post_modified_gmt":"2022-10-14 09:59:26","post_content_filtered":"","post_parent":0,"guid":"http:\/\/dev.claret.cat\/editorial\/nube-de-tinta\/","menu_order":0,"post_type":"editorial","post_mime_type":"","comment_count":"0","filter":"raw"}],"autores-libros":[{"ID":154908,"post_author":"3","post_date":"2022-10-14 15:08:37","post_date_gmt":"2022-10-14 13:08:37","post_content":"","post_title":"ELOY MORENO","post_excerpt":"","post_status":"publish","comment_status":"closed","ping_status":"closed","post_password":"","post_name":"eloy-moreno","to_ping":"","pinged":"","post_modified":"2022-10-14 15:08:37","post_modified_gmt":"2022-10-14 13:08:37","post_content_filtered":"","post_parent":0,"guid":"http:\/\/dev.claret.cat\/autor\/eloy-moreno\/","menu_order":0,"post_type":"autor","post_mime_type":"","comment_count":"0","filter":"raw"}],"autor":"MORENO, ELOY","codart":"841805042","libros-coleccion":"NUBE DE TINTA","ediciones":"1","encuadernacion":"Carton\u00e9","fecha_de_publicacion":"01\/02\/2023","novedad":"1","paginas":"316","subtitulo":"","orden":"0","portada":"0","idioma":"spa"},"aioseo_notices":[],"_links":{"self":[{"href":"https:\/\/www.claret.cat\/es\/wp-json\/wp\/v2\/product\/379143","targetHints":{"allow":["GET"]}}],"collection":[{"href":"https:\/\/www.claret.cat\/es\/wp-json\/wp\/v2\/product"}],"about":[{"href":"https:\/\/www.claret.cat\/es\/wp-json\/wp\/v2\/types\/product"}],"wp:featuredmedia":[{"embeddable":true,"href":"https:\/\/www.claret.cat\/es\/wp-json\/wp\/v2\/media\/379146"}],"wp:attachment":[{"href":"https:\/\/www.claret.cat\/es\/wp-json\/wp\/v2\/media?parent=379143"}],"wp:term":[{"taxonomy":"product_brand","embeddable":true,"href":"https:\/\/www.claret.cat\/es\/wp-json\/wp\/v2\/product_brand?post=379143"},{"taxonomy":"product_cat","embeddable":true,"href":"https:\/\/www.claret.cat\/es\/wp-json\/wp\/v2\/product_cat?post=379143"},{"taxonomy":"product_tag","embeddable":true,"href":"https:\/\/www.claret.cat\/es\/wp-json\/wp\/v2\/product_tag?post=379143"}],"curies":[{"name":"wp","href":"https:\/\/api.w.org\/{rel}","templated":true}]}}