{"id":379148,"date":"2023-02-02T11:42:44","date_gmt":"2023-02-02T10:42:44","guid":{"rendered":"https:\/\/www.claret.cat\/llibre\/invisible-edicio-illustrada-en-catala-9788418050671\/"},"modified":"2023-10-06T05:56:55","modified_gmt":"2023-10-06T03:56:55","slug":"invisible-edicio-illustrada-en-catala-9788418050671","status":"publish","type":"product","link":"https:\/\/www.claret.cat\/es\/libro\/invisible-edicio-illustrada-en-catala-9788418050671\/","title":{"rendered":"INVISIBLE (EDICI\u00d3 IL\u00b7LUSTRADA EN CATAL\u00c0)"},"content":{"rendered":"<p>Emotiva, commovedora, diferent&#8230; Invisible narra, a trav\u00e9s  dels ulls d&#8221;un nen, una hist\u00f2ria que podria ser la de qualsevol de nosaltres. Qui no ha volgut  ser invisible alguna vegada? Qui no ha volgut deixar-ho de ser alguna vegada? \u00abEl problema \u00e9s que mai no l&#8221;he arribat a controlar b\u00e9, aquest poder: de  vegades, com m\u00e9s ganes tenia de ser invisible m\u00e9s gent em veia, i en  canvi, quan volia que tothom em vei\u00e9s, al meu cos li agafava per desapar\u00e8ixer.\u00bb<\/p>\n","protected":false},"excerpt":{"rendered":"<p>MORENO, ELOY<\/p>\n","protected":false},"featured_media":379151,"template":"","meta":{"_acf_changed":false,"om_disable_all_campaigns":false,"rs_blank_template":"","rs_page_bg_color":"","slide_template_v7":"","inline_featured_image":false,"_monsterinsights_skip_tracking":false,"_monsterinsights_sitenote_active":false,"_monsterinsights_sitenote_note":"","_monsterinsights_sitenote_category":0},"product_brand":[],"product_cat":[105],"product_tag":[],"class_list":{"0":"post-379148","1":"product","2":"type-product","3":"status-publish","4":"has-post-thumbnail","6":"product_cat-regal","8":"first","9":"instock","10":"taxable","11":"shipping-taxable","12":"purchasable","13":"product-type-simple"},"acf":{"editorial":[{"ID":148591,"post_author":"3","post_date":"2022-10-14 11:59:26","post_date_gmt":"2022-10-14 09:59:26","post_content":"","post_title":"NUBE DE TINTA","post_excerpt":"","post_status":"publish","comment_status":"closed","ping_status":"closed","post_password":"","post_name":"nube-de-tinta","to_ping":"","pinged":"","post_modified":"2022-10-14 11:59:26","post_modified_gmt":"2022-10-14 09:59:26","post_content_filtered":"","post_parent":0,"guid":"http:\/\/dev.claret.cat\/editorial\/nube-de-tinta\/","menu_order":0,"post_type":"editorial","post_mime_type":"","comment_count":"0","filter":"raw"}],"autores-libros":[{"ID":154908,"post_author":"3","post_date":"2022-10-14 15:08:37","post_date_gmt":"2022-10-14 13:08:37","post_content":"","post_title":"ELOY MORENO","post_excerpt":"","post_status":"publish","comment_status":"closed","ping_status":"closed","post_password":"","post_name":"eloy-moreno","to_ping":"","pinged":"","post_modified":"2022-10-14 15:08:37","post_modified_gmt":"2022-10-14 13:08:37","post_content_filtered":"","post_parent":0,"guid":"http:\/\/dev.claret.cat\/autor\/eloy-moreno\/","menu_order":0,"post_type":"autor","post_mime_type":"","comment_count":"0","filter":"raw"}],"autor":"MORENO, ELOY","codart":"841805067","libros-coleccion":"","ediciones":"1","encuadernacion":"Carton\u00e9","fecha_de_publicacion":"01\/02\/2023","novedad":"1","paginas":"316","subtitulo":"","orden":"0","portada":"0","idioma":"cat"},"aioseo_notices":[],"_links":{"self":[{"href":"https:\/\/www.claret.cat\/es\/wp-json\/wp\/v2\/product\/379148","targetHints":{"allow":["GET"]}}],"collection":[{"href":"https:\/\/www.claret.cat\/es\/wp-json\/wp\/v2\/product"}],"about":[{"href":"https:\/\/www.claret.cat\/es\/wp-json\/wp\/v2\/types\/product"}],"wp:featuredmedia":[{"embeddable":true,"href":"https:\/\/www.claret.cat\/es\/wp-json\/wp\/v2\/media\/379151"}],"wp:attachment":[{"href":"https:\/\/www.claret.cat\/es\/wp-json\/wp\/v2\/media?parent=379148"}],"wp:term":[{"taxonomy":"product_brand","embeddable":true,"href":"https:\/\/www.claret.cat\/es\/wp-json\/wp\/v2\/product_brand?post=379148"},{"taxonomy":"product_cat","embeddable":true,"href":"https:\/\/www.claret.cat\/es\/wp-json\/wp\/v2\/product_cat?post=379148"},{"taxonomy":"product_tag","embeddable":true,"href":"https:\/\/www.claret.cat\/es\/wp-json\/wp\/v2\/product_tag?post=379148"}],"curies":[{"name":"wp","href":"https:\/\/api.w.org\/{rel}","templated":true}]}}