{"id":379205,"date":"2023-02-02T11:46:42","date_gmt":"2023-02-02T10:46:42","guid":{"rendered":"https:\/\/www.claret.cat\/llibre\/a-les-muntanyes-de-la-follia-9788418292873\/"},"modified":"2023-10-06T08:56:41","modified_gmt":"2023-10-06T06:56:41","slug":"a-les-muntanyes-de-la-follia-9788418292873","status":"publish","type":"product","link":"https:\/\/www.claret.cat\/es\/libro\/a-les-muntanyes-de-la-follia-9788418292873\/","title":{"rendered":"A LES MUNTANYES DE LA FOLLIA"},"content":{"rendered":"<p>\u00abI tot d&#8221;una ens vei\u00e9rem precipitats en l&#8221;abra\u00e7ada de la cascada i un abisme s&#8221;obr\u00ed en ella per a rebre&#8221;ns. Per\u00f2 sorg\u00ed al nostre pas una figura humana velada, les proporcions de la qual eren molt m\u00e9s grans que les de qualsevol habitant de la terra. I la pell d&#8221;aquella figura tenia la perfecta blancor de la neu&#8230;\u00bb Els misteriosos i suggestius punts suspensius amb qu\u00e8 acaba l&#8221;estranya i fascinant narraci\u00f3 de Les aventures d&#8221;Arthur Gordon Pym (1838) han inquietat molts cr\u00edtics i han temptat de manera irresistible encara m\u00e9s escriptors. Mentre que Jules Veme, a Le sphinx des glaces, intenta d&#8221;aclarir-ne el misteri i proporciona un final a l&#8221;enigma de Poe, H. P. Lovecraft no cau en aquest error i dona una continu\u00eftat a all\u00f2 que en el gran mestre nord-americ\u00e0 restava susp\u00e8s en l&#8221;horror fant\u00e0stic, mitjan\u00e7ant l&#8221;enfrontament entre el blanc i el negre. Efectivament, amb A les muntanyes de la follia, Lovecraft aconsegueix una excel\u00b7lent novel\u00b7la a meitat de cam\u00ed entre la novel\u00b7la de terror decimon\u00f2nica i la ja consolidada novel\u00b7la de ci\u00e8ncia-ficci\u00f3.<\/p>\n","protected":false},"excerpt":{"rendered":"<p>LOVECRAFT, HOWARD PHILLIPS<\/p>\n","protected":false},"featured_media":379208,"template":"","meta":{"_acf_changed":false,"om_disable_all_campaigns":false,"rs_blank_template":"","rs_page_bg_color":"","slide_template_v7":"","inline_featured_image":false,"_monsterinsights_skip_tracking":false,"_monsterinsights_sitenote_active":false,"_monsterinsights_sitenote_note":"","_monsterinsights_sitenote_category":0},"product_brand":[],"product_cat":[123],"product_tag":[],"class_list":{"0":"post-379205","1":"product","2":"type-product","3":"status-publish","4":"has-post-thumbnail","6":"product_cat-classica","8":"first","9":"instock","10":"taxable","11":"shipping-taxable","12":"purchasable","13":"product-type-simple"},"acf":{"editorial":[{"ID":6282,"post_author":"3","post_date":"2022-07-28 17:48:51","post_date_gmt":"2022-07-28 15:48:51","post_content":"","post_title":"Laertes editorial","post_excerpt":"","post_status":"publish","comment_status":"closed","ping_status":"closed","post_password":"","post_name":"laertes-editorial","to_ping":"","pinged":"","post_modified":"2022-07-28 17:48:51","post_modified_gmt":"2022-07-28 15:48:51","post_content_filtered":"","post_parent":0,"guid":"http:\/\/dev.claret.cat\/editorial\/laertes-editorial\/","menu_order":0,"post_type":"editorial","post_mime_type":"","comment_count":"0","filter":"raw"}],"autores-libros":[{"ID":157657,"post_author":"3","post_date":"2022-10-14 15:30:34","post_date_gmt":"2022-10-14 13:30:34","post_content":"","post_title":"HOWARD PHILLIPS LOVECRAFT","post_excerpt":"","post_status":"publish","comment_status":"closed","ping_status":"closed","post_password":"","post_name":"howard-phillips-lovecraft","to_ping":"","pinged":"","post_modified":"2022-10-14 15:30:34","post_modified_gmt":"2022-10-14 13:30:34","post_content_filtered":"","post_parent":0,"guid":"http:\/\/dev.claret.cat\/autor\/howard-phillips-lovecraft\/","menu_order":0,"post_type":"autor","post_mime_type":"","comment_count":"0","filter":"raw"}],"autor":"LOVECRAFT, HOWARD PHILLIPS","codart":"841829287","libros-coleccion":"FORA DE COL.LECCI\u00d3","ediciones":"1","encuadernacion":"R\u00fastica","fecha_de_publicacion":"01\/06\/2022","novedad":"1","paginas":"205","subtitulo":"","orden":"0","portada":"0","idioma":"cat"},"aioseo_notices":[],"_links":{"self":[{"href":"https:\/\/www.claret.cat\/es\/wp-json\/wp\/v2\/product\/379205","targetHints":{"allow":["GET"]}}],"collection":[{"href":"https:\/\/www.claret.cat\/es\/wp-json\/wp\/v2\/product"}],"about":[{"href":"https:\/\/www.claret.cat\/es\/wp-json\/wp\/v2\/types\/product"}],"wp:featuredmedia":[{"embeddable":true,"href":"https:\/\/www.claret.cat\/es\/wp-json\/wp\/v2\/media\/379208"}],"wp:attachment":[{"href":"https:\/\/www.claret.cat\/es\/wp-json\/wp\/v2\/media?parent=379205"}],"wp:term":[{"taxonomy":"product_brand","embeddable":true,"href":"https:\/\/www.claret.cat\/es\/wp-json\/wp\/v2\/product_brand?post=379205"},{"taxonomy":"product_cat","embeddable":true,"href":"https:\/\/www.claret.cat\/es\/wp-json\/wp\/v2\/product_cat?post=379205"},{"taxonomy":"product_tag","embeddable":true,"href":"https:\/\/www.claret.cat\/es\/wp-json\/wp\/v2\/product_tag?post=379205"}],"curies":[{"name":"wp","href":"https:\/\/api.w.org\/{rel}","templated":true}]}}