{"id":379287,"date":"2023-02-02T11:51:08","date_gmt":"2023-02-02T10:51:08","guid":{"rendered":"https:\/\/www.claret.cat\/llibre\/dias-de-ceniza-9788418800498\/"},"modified":"2023-10-06T05:55:25","modified_gmt":"2023-10-06T03:55:25","slug":"dias-de-ceniza-9788418800498","status":"publish","type":"product","link":"https:\/\/www.claret.cat\/es\/libro\/dias-de-ceniza-9788418800498\/","title":{"rendered":"D\u00cdAS DE CENIZA"},"content":{"rendered":"<p>No hubo nada que hiciera especial el d\u00eda en que Cushla y Michael se conocieron. Pero en Belfast, el amor, como la vida, nunca se halla demasiado lejos de la violencia y la muerte. Y, sin embargo, el d\u00eda en que ambos se conocieron estaba destinado a cambiarles la vida para siempre.Cada ma\u00f1ana la gente se levantaba para ir al trabajo, a la escuela, a la iglesia o al pub m\u00e1s cercano, y cada ma\u00f1ana el peri\u00f3dico tra\u00eda noticias de otro coche bomba con v\u00edctimas, de otro hombre apaleado hasta la muerte o dado por muerto. Palabras como bomba trampa, artefacto incendiario, c\u00f3ctel molotov, balas de goma, veh\u00edculo blindado y movimiento de vanguardia del \u00dalster se hab\u00edan hecho de uso corriente en el patio de cualquier escuela.En una ciudad donde el miedo y la violencia se hab\u00edan convertido en \u00fanica moneda de cambio, la de Cushla y Michael ser\u00e1 una historia forjada y condenada al amparo del secreto y el silencio.<\/p>\n","protected":false},"excerpt":{"rendered":"<p>KENNEDY, LOUISE<\/p>\n","protected":false},"featured_media":379290,"template":"","meta":{"_acf_changed":false,"om_disable_all_campaigns":false,"rs_blank_template":"","rs_page_bg_color":"","slide_template_v7":"","inline_featured_image":false,"_monsterinsights_skip_tracking":false,"_monsterinsights_sitenote_active":false,"_monsterinsights_sitenote_note":"","_monsterinsights_sitenote_category":0},"product_brand":[],"product_cat":[357],"product_tag":[],"class_list":{"0":"post-379287","1":"product","2":"type-product","3":"status-publish","4":"has-post-thumbnail","6":"product_cat-novela-contemporanea","8":"first","9":"instock","10":"taxable","11":"shipping-taxable","12":"purchasable","13":"product-type-simple"},"acf":{"editorial":[{"ID":147610,"post_author":"3","post_date":"2022-10-14 11:51:54","post_date_gmt":"2022-10-14 09:51:54","post_content":"","post_title":"Catedral","post_excerpt":"","post_status":"publish","comment_status":"closed","ping_status":"closed","post_password":"","post_name":"catedral","to_ping":"","pinged":"","post_modified":"2022-10-14 11:51:54","post_modified_gmt":"2022-10-14 09:51:54","post_content_filtered":"","post_parent":0,"guid":"http:\/\/dev.claret.cat\/editorial\/catedral\/","menu_order":0,"post_type":"editorial","post_mime_type":"","comment_count":"0","filter":"raw"}],"autores-libros":[{"ID":379286,"post_author":"3","post_date":"2023-02-02 11:51:06","post_date_gmt":"2023-02-02 10:51:06","post_content":"","post_title":"LOUISE KENNEDY","post_excerpt":"","post_status":"publish","comment_status":"closed","ping_status":"closed","post_password":"","post_name":"louise-kennedy","to_ping":"","pinged":"","post_modified":"2023-02-02 11:51:06","post_modified_gmt":"2023-02-02 10:51:06","post_content_filtered":"","post_parent":0,"guid":"https:\/\/www.claret.cat\/autor\/louise-kennedy\/","menu_order":0,"post_type":"autor","post_mime_type":"","comment_count":"0","filter":"raw"}],"autor":"KENNEDY, LOUISE","codart":"841880049","libros-coleccion":"Catedral","ediciones":"1","encuadernacion":"R\u00fastica","fecha_de_publicacion":"01\/02\/2023","novedad":"1","paginas":"368","subtitulo":"","orden":"0","portada":"0","idioma":"spa"},"aioseo_notices":[],"_links":{"self":[{"href":"https:\/\/www.claret.cat\/es\/wp-json\/wp\/v2\/product\/379287","targetHints":{"allow":["GET"]}}],"collection":[{"href":"https:\/\/www.claret.cat\/es\/wp-json\/wp\/v2\/product"}],"about":[{"href":"https:\/\/www.claret.cat\/es\/wp-json\/wp\/v2\/types\/product"}],"wp:featuredmedia":[{"embeddable":true,"href":"https:\/\/www.claret.cat\/es\/wp-json\/wp\/v2\/media\/379290"}],"wp:attachment":[{"href":"https:\/\/www.claret.cat\/es\/wp-json\/wp\/v2\/media?parent=379287"}],"wp:term":[{"taxonomy":"product_brand","embeddable":true,"href":"https:\/\/www.claret.cat\/es\/wp-json\/wp\/v2\/product_brand?post=379287"},{"taxonomy":"product_cat","embeddable":true,"href":"https:\/\/www.claret.cat\/es\/wp-json\/wp\/v2\/product_cat?post=379287"},{"taxonomy":"product_tag","embeddable":true,"href":"https:\/\/www.claret.cat\/es\/wp-json\/wp\/v2\/product_tag?post=379287"}],"curies":[{"name":"wp","href":"https:\/\/api.w.org\/{rel}","templated":true}]}}