{"id":379340,"date":"2023-02-02T11:53:34","date_gmt":"2023-02-02T10:53:34","guid":{"rendered":"https:\/\/www.claret.cat\/llibre\/meditaciones-de-cine-9788418897801\/"},"modified":"2023-10-06T06:26:43","modified_gmt":"2023-10-06T04:26:43","slug":"meditaciones-de-cine-9788418897801","status":"publish","type":"product","link":"https:\/\/www.claret.cat\/es\/libro\/meditaciones-de-cine-9788418897801\/","title":{"rendered":"MEDITACIONES DE CINE"},"content":{"rendered":"<p>Llega el esperado y ansiado primer libro de no ficci\u00f3n de Quentin Tarantino. Su libro m\u00e1s personal: un viaje \u00edntimo por sus pel\u00edculas favoritas, relatado con una voz inconfundible.  Probablemente, Quentin Tarantino sea uno de los mayores cineastas de la  historia, pero de lo que no hay atisbo de duda es de que estamos  hablando del espectador que mejor puede contagiar su pasi\u00f3n entusiasta  por las pel\u00edculas que ha visto. Ahora, por fin llega el libro con el que  tantos a\u00f1os so\u00f1aron \u00e9l y sus seguidores. En Meditaciones de cine,  Tarantino analiza desde los puntos de vista m\u00e1s ins\u00f3litos y con su  particular conocimiento enciclop\u00e9dico varias pel\u00edculas clave del cine  norteamericano de los setenta, todas ellas vistas en su m\u00e1s tierna  infancia (de las m\u00e1s violentas a las m\u00e1s t\u00f3rridas), as\u00ed como revisitadas  compulsivamente. El resultado es una obra tan rigurosa y reflexiva como juguetona y entretenida. Meditaciones de cine es, a la vez, cr\u00edtica cinematogr\u00e1fica, teor\u00eda  del cine, reportaje literario y unas memorias formidables, a la altura  de cl\u00e1sicos del g\u00e9nero como los de Hitchcock y Truffaut o Luis Bu\u00f1uel. La cr\u00edtica ha dicho&#8230;<br \/>\u00abLo que une todos los hilos y temas de este libro es una rotunda verdad  autobiogr\u00e1fica: que Tarantino ha sido espectador antes de ser cineasta y  lo seguir\u00e1 siendo durante much\u00edsimo tiempo. Por eso es imbatible\u00bb.<br \/>The New York Times \u00abUn libro en que se mezclan memorias, disquisiciones, arrebatos,  entrevistas, datos rec\u00f3nditos, reflexiones fortuitas sobre actores de  cine y directores, comentarios mordaces y dem\u00e1s obsequios sobre el viejo  arte de sentarse en un patio de butacas a observar con placer im\u00e1genes en movimiento\u00bb.<br \/>Rolling Stone \u00abNo cuesta imaginar un universo alternativo (pero mucho m\u00e1s pobre) en el  que Tarantino sea cr\u00edtico de cine en vez de cineasta ganador de dos  \u00d3scar. Se nota que conoce bien lo que le gusta y sabe enganchar al lector con suma facilidad [&#8230;]. Un libro divertid\u00edsimo\u00bb.<br \/>San Francisco Chronicle \u00abA nadie puede sorprender que la cr\u00edtica cinematogr\u00e1fica de Tarantino  sea tan rotunda, inteligente y asombrosa como sus pel\u00edculas\u00bb.<br \/>The New York Times \u00abDescocado y audaz [&#8230;]. Nutre y apasiona a partes iguales, rebosa de  vida en el mejor de los sentidos. Se nota que a Tarantino nada le gusta m\u00e1s que ir hasta el fondo de las pel\u00edculas\u00bb.<br \/>The Guardian \u00abLo que aqu\u00ed ofrece Tarantino son cartas de amor muy bien documentadas a  sus pel\u00edculas favoritas, salidas de uno de los momentos hist\u00f3ricos m\u00e1s  ambiciosos de Hollywood. Un ensayo de altos vuelos escrito por un artista \u00fanico\u00bb.<br \/>Kirkus (Rese\u00f1a destacada) \u00abTarantino trae la marcha y la exuberancia de su experiencia  cinematogr\u00e1fica, su arte para contar historias y su humor agudo, as\u00ed  como una mezcla impresionante de historias personales, historia  cinematogr\u00e1fica y cr\u00edtica cinematogr\u00e1fica. [&#8230;] Este libro nos ofrece  las historias chisporroteantes que hubo tras la producci\u00f3n y muchas  cr\u00edticas especulativas y exigentes. [&#8230;] Una celebraci\u00f3n divertida e imprescindible del cine\u00bb.<br \/>Booklist (Rese\u00f1a destacada) \u00abUn libro totalmente cautivador, tan repleto de ideas \u00e1giles y  desopilantes, de opiniones contundentes y de disecciones afiladas de  personajes y \u00e9pocas que parece ideado para suscitar las m\u00e1s fecundas discusiones\u00bb.<br \/>The New Yorker \u00abEl entusiasmo, la generosidad y el singular punto de vista de Tarantino  refuerzan sus argumentos, e incluso cuando derriba a sus h\u00e9roes, lo hace  por amor&#8230; inteligente y obsesivo, Tarantino es muy divertido y dif\u00edcil de superar\u00bb.<br \/>Publisher&#8221;s Weekly<\/p>\n","protected":false},"excerpt":{"rendered":"<p>TARANTINO, QUENTIN<\/p>\n","protected":false},"featured_media":385797,"template":"","meta":{"_acf_changed":false,"om_disable_all_campaigns":false,"rs_blank_template":"","rs_page_bg_color":"","slide_template_v7":"","inline_featured_image":false,"_monsterinsights_skip_tracking":false,"_monsterinsights_sitenote_active":false,"_monsterinsights_sitenote_note":"","_monsterinsights_sitenote_category":0},"product_brand":[],"product_cat":[561],"product_tag":[],"class_list":{"0":"post-379340","1":"product","2":"type-product","3":"status-publish","4":"has-post-thumbnail","6":"product_cat-cine-y-television","8":"first","9":"instock","10":"taxable","11":"shipping-taxable","12":"purchasable","13":"product-type-simple"},"acf":{"editorial":[{"ID":148749,"post_author":"3","post_date":"2022-10-14 12:00:41","post_date_gmt":"2022-10-14 10:00:41","post_content":"","post_title":"RESERVOIR BOOKS","post_excerpt":"","post_status":"publish","comment_status":"closed","ping_status":"closed","post_password":"","post_name":"reservoir-books","to_ping":"","pinged":"","post_modified":"2022-10-14 12:00:41","post_modified_gmt":"2022-10-14 10:00:41","post_content_filtered":"","post_parent":0,"guid":"http:\/\/dev.claret.cat\/editorial\/reservoir-books\/","menu_order":0,"post_type":"editorial","post_mime_type":"","comment_count":"0","filter":"raw"}],"autores-libros":[{"ID":167453,"post_author":"3","post_date":"2022-10-14 18:11:19","post_date_gmt":"2022-10-14 16:11:19","post_content":"","post_title":"QUENTIN TARANTINO","post_excerpt":"","post_status":"publish","comment_status":"closed","ping_status":"closed","post_password":"","post_name":"quentin-tarantino","to_ping":"","pinged":"","post_modified":"2022-10-14 18:11:19","post_modified_gmt":"2022-10-14 16:11:19","post_content_filtered":"","post_parent":0,"guid":"http:\/\/dev.claret.cat\/autor\/quentin-tarantino\/","menu_order":0,"post_type":"autor","post_mime_type":"","comment_count":"0","filter":"raw"}],"autor":"TARANTINO, QUENTIN","codart":"841889780","libros-coleccion":"","ediciones":"1","encuadernacion":"R\u00fastica","fecha_de_publicacion":"01\/01\/2023","novedad":"1","paginas":"424","subtitulo":"","orden":"0","portada":"0","idioma":"spa"},"aioseo_notices":[],"_links":{"self":[{"href":"https:\/\/www.claret.cat\/es\/wp-json\/wp\/v2\/product\/379340","targetHints":{"allow":["GET"]}}],"collection":[{"href":"https:\/\/www.claret.cat\/es\/wp-json\/wp\/v2\/product"}],"about":[{"href":"https:\/\/www.claret.cat\/es\/wp-json\/wp\/v2\/types\/product"}],"wp:featuredmedia":[{"embeddable":true,"href":"https:\/\/www.claret.cat\/es\/wp-json\/wp\/v2\/media\/385797"}],"wp:attachment":[{"href":"https:\/\/www.claret.cat\/es\/wp-json\/wp\/v2\/media?parent=379340"}],"wp:term":[{"taxonomy":"product_brand","embeddable":true,"href":"https:\/\/www.claret.cat\/es\/wp-json\/wp\/v2\/product_brand?post=379340"},{"taxonomy":"product_cat","embeddable":true,"href":"https:\/\/www.claret.cat\/es\/wp-json\/wp\/v2\/product_cat?post=379340"},{"taxonomy":"product_tag","embeddable":true,"href":"https:\/\/www.claret.cat\/es\/wp-json\/wp\/v2\/product_tag?post=379340"}],"curies":[{"name":"wp","href":"https:\/\/api.w.org\/{rel}","templated":true}]}}