{"id":379405,"date":"2023-02-02T11:57:07","date_gmt":"2023-02-02T10:57:07","guid":{"rendered":"https:\/\/www.claret.cat\/llibre\/quan-sesborren-les-paraules-9788419107428\/"},"modified":"2025-01-05T13:50:29","modified_gmt":"2025-01-05T12:50:29","slug":"quan-sesborren-les-paraules-9788419107428","status":"publish","type":"product","link":"https:\/\/www.claret.cat\/es\/libro\/quan-sesborren-les-paraules-9788419107428\/","title":{"rendered":"QUAN S&#8217;ESBORREN LES PARAULES"},"content":{"rendered":"<p>El desenlla\u00e7 d&#8217;una saga liter\u00e0ria \u00fanica iniciada amb Quan \u00e9rem feli\u00e7os i Quan en d\u00e8iem xampany.<br \/> M\u00e9s de 80.000 lectors<br \/> Quan s&#8217;esborren les paraules, les coses perden el seu nom i deixen d&#8217;existir; aleshores a l&#8217;autor nom\u00e9s li queda escriure aquestes p\u00e0gines sobre la baba Montserrat, amb l&#8217;esperan\u00e7a que cada cop que alg\u00fa les llegeixi, posi en marxa les hist\u00f2ries que s&#8217;hi expliquen i faci reviure un a un els seus protagonistes. Un relat que no amaga la nost\u00e0lgia per un temps que s&#8217;acaba, per\u00f2 que omple d&#8217;humor i de tendresa un temps que tot just comen\u00e7a.<br \/> Rafel Nadal torna a posar la seva mirada liter\u00e0ria sobre la mem\u00f2ria, el pas del temps i les noves generacions en aquest llibre \u00edntim i delicat amb el qual tanca la saga familiar m\u00e9s venuda de la literatura catalana.<br \/> Un llibre d&#8217;una gran intensitat emocional que romandr\u00e0 indeleble en la mem\u00f2ria dels lectors.<\/p>\n","protected":false},"excerpt":{"rendered":"<p>NADAL, RAFEL<\/p>\n","protected":false},"featured_media":379408,"template":"","meta":{"_acf_changed":false,"om_disable_all_campaigns":false,"rs_blank_template":"","rs_page_bg_color":"","slide_template_v7":"","inline_featured_image":false,"_monsterinsights_skip_tracking":false,"_monsterinsights_sitenote_active":false,"_monsterinsights_sitenote_note":"","_monsterinsights_sitenote_category":0},"product_brand":[],"product_cat":[127,357],"product_tag":[],"class_list":{"0":"post-379405","1":"product","2":"type-product","3":"status-publish","4":"has-post-thumbnail","6":"product_cat-novella-contemporania","7":"product_cat-novela-contemporanea","9":"first","10":"instock","11":"taxable","12":"shipping-taxable","13":"purchasable","14":"product-type-simple"},"acf":{"editorial":[{"ID":6281,"post_author":"3","post_date":"2022-07-28 17:48:50","post_date_gmt":"2022-07-28 15:48:50","post_content":"","post_title":"LABUTXACA","post_excerpt":"","post_status":"publish","comment_status":"closed","ping_status":"closed","post_password":"","post_name":"labutxaca","to_ping":"","pinged":"","post_modified":"2022-07-28 17:48:50","post_modified_gmt":"2022-07-28 15:48:50","post_content_filtered":"","post_parent":0,"guid":"http:\/\/dev.claret.cat\/editorial\/labutxaca\/","menu_order":0,"post_type":"editorial","post_mime_type":"","comment_count":"0","filter":"raw"}],"autores-libros":[{"ID":167631,"post_author":"3","post_date":"2022-10-14 18:12:45","post_date_gmt":"2022-10-14 16:12:45","post_content":"","post_title":"RAFEL NADAL","post_excerpt":"","post_status":"publish","comment_status":"closed","ping_status":"closed","post_password":"","post_name":"rafel-nadal","to_ping":"","pinged":"","post_modified":"2022-10-14 18:12:45","post_modified_gmt":"2022-10-14 16:12:45","post_content_filtered":"","post_parent":0,"guid":"http:\/\/dev.claret.cat\/autor\/rafel-nadal\/","menu_order":0,"post_type":"autor","post_mime_type":"","comment_count":"0","filter":"raw"}],"autor":"NADAL, RAFEL","codart":"841910742","libros-coleccion":"LABUTXACA","ediciones":"1","encuadernacion":"R\u00fastica","fecha_de_publicacion":"01\/02\/2023","novedad":"1","paginas":"331","subtitulo":"","orden":"0","portada":"0","idioma":"cat"},"aioseo_notices":[],"_links":{"self":[{"href":"https:\/\/www.claret.cat\/es\/wp-json\/wp\/v2\/product\/379405","targetHints":{"allow":["GET"]}}],"collection":[{"href":"https:\/\/www.claret.cat\/es\/wp-json\/wp\/v2\/product"}],"about":[{"href":"https:\/\/www.claret.cat\/es\/wp-json\/wp\/v2\/types\/product"}],"wp:featuredmedia":[{"embeddable":true,"href":"https:\/\/www.claret.cat\/es\/wp-json\/wp\/v2\/media\/379408"}],"wp:attachment":[{"href":"https:\/\/www.claret.cat\/es\/wp-json\/wp\/v2\/media?parent=379405"}],"wp:term":[{"taxonomy":"product_brand","embeddable":true,"href":"https:\/\/www.claret.cat\/es\/wp-json\/wp\/v2\/product_brand?post=379405"},{"taxonomy":"product_cat","embeddable":true,"href":"https:\/\/www.claret.cat\/es\/wp-json\/wp\/v2\/product_cat?post=379405"},{"taxonomy":"product_tag","embeddable":true,"href":"https:\/\/www.claret.cat\/es\/wp-json\/wp\/v2\/product_tag?post=379405"}],"curies":[{"name":"wp","href":"https:\/\/api.w.org\/{rel}","templated":true}]}}