{"id":379811,"date":"2023-02-02T12:22:23","date_gmt":"2023-02-02T11:22:23","guid":{"rendered":"https:\/\/www.claret.cat\/llibre\/un-campamento-de-pelicula-una-vida-de-cine-guia-del-animador-9788428839112\/"},"modified":"2024-05-02T05:25:04","modified_gmt":"2024-05-02T03:25:04","slug":"un-campamento-de-pelicula-una-vida-de-cine-guia-del-animador-9788428839112","status":"publish","type":"product","link":"https:\/\/www.claret.cat\/es\/libro\/un-campamento-de-pelicula-una-vida-de-cine-guia-del-animador-9788428839112\/","title":{"rendered":"UN CAMPAMENTO DE PEL\u00cdCULA &#8212; UNA VIDA DE CINE : GU\u00cdA DEL ANIMADOR"},"content":{"rendered":"<p>Estos campamentos pastorales est\u00e1n dise\u00f1ados para que los ni\u00f1os y ni\u00f1as puedan disfrutar de un tiempo de descanso y de ocio al aire libre, adem\u00e1s de ofrecerles la experiencia de vivir su fe cristiana de manera festiva y alegre.El cine es, en muchas ocasiones, reflejo de nuestras vidas y de los principios de nuestra sociedad. Desde diferentes g\u00e9neros cinematogr\u00e1ficos y\u00a0desde la perspectiva que nos da el Evangelio y el estilo de vida propuesto por Jes\u00fas de Nazaret,\u00a0pretendemos caer en la cuenta de qu\u00e9 valores, actitudes, acciones y actividades debemos potenciar, as\u00ed como cu\u00e1les\u00a0transformar\u00a0al reconocer que son contradictorios tanto para nuestras propias vidas como para la sociedad.En la gu\u00eda, el animador encontrar\u00e1 todos los recursos para poder desarrollar esta experiencia.<\/p>\n","protected":false},"excerpt":{"rendered":"<p>HERMOSO BORRAJO, JOS\u00c9 LUIS<\/p>\n","protected":false},"featured_media":379814,"template":"","meta":{"_acf_changed":false,"om_disable_all_campaigns":false,"rs_blank_template":"","rs_page_bg_color":"","slide_template_v7":"","inline_featured_image":false,"_monsterinsights_skip_tracking":false,"_monsterinsights_sitenote_active":false,"_monsterinsights_sitenote_note":"","_monsterinsights_sitenote_category":0},"product_brand":[],"product_cat":[390,229,566,117],"product_tag":[],"class_list":{"0":"post-379811","1":"product","2":"type-product","3":"status-publish","4":"has-post-thumbnail","6":"product_cat-convivencias-y-colonias","7":"product_cat-convivencies-i-colonies","8":"product_cat-juvenil-3_infantil-juvenil-spa-spa","9":"product_cat-juvenil","11":"first","12":"instock","13":"taxable","14":"shipping-taxable","15":"purchasable","16":"product-type-simple"},"acf":{"editorial":[{"ID":6335,"post_author":"3","post_date":"2022-07-28 17:49:59","post_date_gmt":"2022-07-28 15:49:59","post_content":"","post_title":"PPC altres","post_excerpt":"","post_status":"publish","comment_status":"closed","ping_status":"closed","post_password":"","post_name":"ppc-altres","to_ping":"","pinged":"","post_modified":"2022-07-28 17:49:59","post_modified_gmt":"2022-07-28 15:49:59","post_content_filtered":"","post_parent":0,"guid":"http:\/\/dev.claret.cat\/editorial\/ppc-altres\/","menu_order":0,"post_type":"editorial","post_mime_type":"","comment_count":"0","filter":"raw"}],"autores-libros":[{"ID":160334,"post_author":"3","post_date":"2022-10-14 15:52:14","post_date_gmt":"2022-10-14 13:52:14","post_content":"","post_title":"JOS\u00c9 LUIS HERMOSO BORRAJO","post_excerpt":"","post_status":"publish","comment_status":"closed","ping_status":"closed","post_password":"","post_name":"jose-luis-hermoso-borrajo","to_ping":"","pinged":"","post_modified":"2022-10-14 15:52:14","post_modified_gmt":"2022-10-14 13:52:14","post_content_filtered":"","post_parent":0,"guid":"http:\/\/dev.claret.cat\/autor\/jose-luis-hermoso-borrajo\/","menu_order":0,"post_type":"autor","post_mime_type":"","comment_count":"0","filter":"raw"}],"autor":"HERMOSO BORRAJO, JOS\u00c9 LUIS","codart":"842883911","libros-coleccion":"","ediciones":"1","encuadernacion":"R\u00fastica","fecha_de_publicacion":"31\/01\/2023","novedad":"1","paginas":"55","subtitulo":"CAMPAMENTOS PARA NI\u00d1OS - GU\u00cdA DEL ANIMADOR","orden":"0","portada":"0","idioma":"spa"},"aioseo_notices":[],"_links":{"self":[{"href":"https:\/\/www.claret.cat\/es\/wp-json\/wp\/v2\/product\/379811","targetHints":{"allow":["GET"]}}],"collection":[{"href":"https:\/\/www.claret.cat\/es\/wp-json\/wp\/v2\/product"}],"about":[{"href":"https:\/\/www.claret.cat\/es\/wp-json\/wp\/v2\/types\/product"}],"wp:featuredmedia":[{"embeddable":true,"href":"https:\/\/www.claret.cat\/es\/wp-json\/wp\/v2\/media\/379814"}],"wp:attachment":[{"href":"https:\/\/www.claret.cat\/es\/wp-json\/wp\/v2\/media?parent=379811"}],"wp:term":[{"taxonomy":"product_brand","embeddable":true,"href":"https:\/\/www.claret.cat\/es\/wp-json\/wp\/v2\/product_brand?post=379811"},{"taxonomy":"product_cat","embeddable":true,"href":"https:\/\/www.claret.cat\/es\/wp-json\/wp\/v2\/product_cat?post=379811"},{"taxonomy":"product_tag","embeddable":true,"href":"https:\/\/www.claret.cat\/es\/wp-json\/wp\/v2\/product_tag?post=379811"}],"curies":[{"name":"wp","href":"https:\/\/api.w.org\/{rel}","templated":true}]}}