{"id":379841,"date":"2023-02-02T12:23:54","date_gmt":"2023-02-02T11:23:54","guid":{"rendered":"https:\/\/www.claret.cat\/llibre\/somos-guhai-guia-del-animador-9788428839174\/"},"modified":"2024-05-02T05:24:06","modified_gmt":"2024-05-02T03:24:06","slug":"somos-guhai-guia-del-animador-9788428839174","status":"publish","type":"product","link":"https:\/\/www.claret.cat\/es\/libro\/somos-guhai-guia-del-animador-9788428839174\/","title":{"rendered":"SOMOS GUHAI : GU\u00cdA DEL ANIMADOR"},"content":{"rendered":"<p>Estos campamentos pastorales est\u00e1n dise\u00f1ados para que los ni\u00f1os y ni\u00f1as puedan disfrutar de un tiempo de descanso y de ocio al aire libre, adem\u00e1s de ofrecerles la experiencia de vivir su fe cristiana de manera festiva y alegre.En estos tiempos de crisis se est\u00e1n alimentando sentimientos de frustraci\u00f3n, impotencia, incapacidad, inseguridad e incertidumbre;\u00a0en definitiva, de desesperanza. Esta propuesta de campamento tiene la intenci\u00f3n de poner un contrapunto a todos estos sentimientos haciendo conscientes a los chicos y chicas de todo lo bueno que tienen y que les rodea.Durante las diferentes jornadas haremos especial hincapi\u00e9 en mejorar la autoestima, en caer en la cuenta de todos los dones que nos regala la vida, que nos han otorgado la familia, los estudios y la sociedad, que nos ha dado Dios.\u00a0Tampoco olvidamos en este campamento la aportaci\u00f3n que los dem\u00e1s tienen en la propia vida, la importancia del trabajo en equipo para crecer como personas y hacer realidad la Buena Noticia de Jes\u00fas.En la gu\u00eda, el animador encontrar\u00e1 todos los recursos para poder desarrollar esta experiencia.<\/p>\n","protected":false},"excerpt":{"rendered":"<p>HERMOSO BORRAJO, JOS\u00c9 LUIS<\/p>\n","protected":false},"featured_media":379844,"template":"","meta":{"_acf_changed":false,"om_disable_all_campaigns":false,"rs_blank_template":"","rs_page_bg_color":"","slide_template_v7":"","inline_featured_image":false,"_monsterinsights_skip_tracking":false,"_monsterinsights_sitenote_active":false,"_monsterinsights_sitenote_note":"","_monsterinsights_sitenote_category":0},"product_brand":[],"product_cat":[390,229,117,566],"product_tag":[],"class_list":{"0":"post-379841","1":"product","2":"type-product","3":"status-publish","4":"has-post-thumbnail","6":"product_cat-convivencias-y-colonias","7":"product_cat-convivencies-i-colonies","8":"product_cat-juvenil","9":"product_cat-juvenil-3_infantil-juvenil-spa-spa","11":"first","12":"instock","13":"taxable","14":"shipping-taxable","15":"purchasable","16":"product-type-simple"},"acf":{"editorial":[{"ID":6335,"post_author":"3","post_date":"2022-07-28 17:49:59","post_date_gmt":"2022-07-28 15:49:59","post_content":"","post_title":"PPC altres","post_excerpt":"","post_status":"publish","comment_status":"closed","ping_status":"closed","post_password":"","post_name":"ppc-altres","to_ping":"","pinged":"","post_modified":"2022-07-28 17:49:59","post_modified_gmt":"2022-07-28 15:49:59","post_content_filtered":"","post_parent":0,"guid":"http:\/\/dev.claret.cat\/editorial\/ppc-altres\/","menu_order":0,"post_type":"editorial","post_mime_type":"","comment_count":"0","filter":"raw"}],"autores-libros":[{"ID":160334,"post_author":"3","post_date":"2022-10-14 15:52:14","post_date_gmt":"2022-10-14 13:52:14","post_content":"","post_title":"JOS\u00c9 LUIS HERMOSO BORRAJO","post_excerpt":"","post_status":"publish","comment_status":"closed","ping_status":"closed","post_password":"","post_name":"jose-luis-hermoso-borrajo","to_ping":"","pinged":"","post_modified":"2022-10-14 15:52:14","post_modified_gmt":"2022-10-14 13:52:14","post_content_filtered":"","post_parent":0,"guid":"http:\/\/dev.claret.cat\/autor\/jose-luis-hermoso-borrajo\/","menu_order":0,"post_type":"autor","post_mime_type":"","comment_count":"0","filter":"raw"}],"autor":"HERMOSO BORRAJO, JOS\u00c9 LUIS","codart":"842883917","libros-coleccion":"","ediciones":"1","encuadernacion":"R\u00fastica","fecha_de_publicacion":"31\/01\/2023","novedad":"1","paginas":"71","subtitulo":"CAMPAMENTOS PARA NI\u00d1OS - GU\u00cdA DEL ANIMADOR","orden":"0","portada":"0","idioma":"spa"},"aioseo_notices":[],"_links":{"self":[{"href":"https:\/\/www.claret.cat\/es\/wp-json\/wp\/v2\/product\/379841","targetHints":{"allow":["GET"]}}],"collection":[{"href":"https:\/\/www.claret.cat\/es\/wp-json\/wp\/v2\/product"}],"about":[{"href":"https:\/\/www.claret.cat\/es\/wp-json\/wp\/v2\/types\/product"}],"wp:featuredmedia":[{"embeddable":true,"href":"https:\/\/www.claret.cat\/es\/wp-json\/wp\/v2\/media\/379844"}],"wp:attachment":[{"href":"https:\/\/www.claret.cat\/es\/wp-json\/wp\/v2\/media?parent=379841"}],"wp:term":[{"taxonomy":"product_brand","embeddable":true,"href":"https:\/\/www.claret.cat\/es\/wp-json\/wp\/v2\/product_brand?post=379841"},{"taxonomy":"product_cat","embeddable":true,"href":"https:\/\/www.claret.cat\/es\/wp-json\/wp\/v2\/product_cat?post=379841"},{"taxonomy":"product_tag","embeddable":true,"href":"https:\/\/www.claret.cat\/es\/wp-json\/wp\/v2\/product_tag?post=379841"}],"curies":[{"name":"wp","href":"https:\/\/api.w.org\/{rel}","templated":true}]}}