{"id":38000,"date":"2022-10-02T18:44:58","date_gmt":"2022-10-02T16:44:58","guid":{"rendered":"http:\/\/dev.claret.cat\/producte\/beniamin-minor\/"},"modified":"2025-12-31T13:15:16","modified_gmt":"2025-12-31T12:15:16","slug":"beniamin-minor-9788430121229","status":"publish","type":"product","link":"https:\/\/www.claret.cat\/es\/libro\/beniamin-minor-9788430121229\/","title":{"rendered":"BENIAMIN MINOR"},"content":{"rendered":"<p>Este libro es uno de los monumentos menos conocidos del pensamiento \u00e9tico y moral de la alta Edad Media. Su singularidad reside en tomar como perspectiva las virtudes. El t\u00edtulo de esta obra, compuesta por 87 escuetos cap\u00edtulos, alude al \u00faltimo de los doce hijos del patriarca Jacob. Cada uno de ellos representa diferentes categor\u00edas morales que renuevan \u00e9ticamente las costumbres. La actual edici\u00f3n biling\u00fce permite aproximarse por fin a esta obra cl\u00e1sica de primera mano. A parte, la bella introducci\u00f3n y el rico aparato de notas, elaboradas por Eduardo Otero Pereira, ayudan a entender el contenido filos\u00f3fico y las particularidades de la lengua latina.<\/p>\n","protected":false},"excerpt":{"rendered":"<p>SAN V\u00cdCTOR, RICARDO DE<\/p>\n","protected":false},"featured_media":342423,"template":"","meta":{"_acf_changed":false,"om_disable_all_campaigns":false,"rs_blank_template":"","rs_page_bg_color":"","slide_template_v7":"","inline_featured_image":false,"_monsterinsights_skip_tracking":false,"_monsterinsights_sitenote_active":false,"_monsterinsights_sitenote_note":"","_monsterinsights_sitenote_category":0},"product_brand":[],"product_cat":[239,490],"product_tag":[],"class_list":{"0":"post-38000","1":"product","2":"type-product","3":"status-publish","4":"has-post-thumbnail","6":"product_cat-monastica","7":"product_cat-monastica-espiritualidad-1_espiritualidad","9":"first","10":"instock","11":"taxable","12":"shipping-taxable","13":"purchasable","14":"product-type-simple"},"acf":{"autor":"SAN V\u00cdCTOR, RICARDO DE","codart":"843012122","libros-coleccion":"Hermeneia","ediciones":"1","encuadernacion":"R\u00fastica","fecha_de_publicacion":"21\/04\/2022","novedad":"1","paginas":"256","subtitulo":"PREPARACI\u00d3N A LA CONTEMPLACI\u00d3N - ED. BILING\u00daE LAT\u00cdN-CASTELLANO","orden":"0","portada":"0","idioma":"spa","editorial":[{"ID":6364,"post_author":"3","post_date":"2022-07-28 17:50:36","post_date_gmt":"2022-07-28 15:50:36","post_content":"","post_title":"S\u00edgueme","post_excerpt":"","post_status":"publish","comment_status":"closed","ping_status":"closed","post_password":"","post_name":"sigueme","to_ping":"","pinged":"","post_modified":"2022-07-28 17:50:36","post_modified_gmt":"2022-07-28 15:50:36","post_content_filtered":"","post_parent":0,"guid":"http:\/\/dev.claret.cat\/editorial\/sigueme\/","menu_order":0,"post_type":"editorial","post_mime_type":"","comment_count":"0","filter":"raw"}],"autores-libros":[{"ID":168047,"post_author":"3","post_date":"2022-10-14 18:16:06","post_date_gmt":"2022-10-14 16:16:06","post_content":"","post_title":"RICARDO DE SAN V\u00cdCTOR","post_excerpt":"","post_status":"publish","comment_status":"closed","ping_status":"closed","post_password":"","post_name":"ricardo-de-san-victor","to_ping":"","pinged":"","post_modified":"2022-10-14 18:16:06","post_modified_gmt":"2022-10-14 16:16:06","post_content_filtered":"","post_parent":0,"guid":"http:\/\/dev.claret.cat\/autor\/ricardo-de-san-victor\/","menu_order":0,"post_type":"autor","post_mime_type":"","comment_count":"0","filter":"raw"}],"booktrailer":"","resenas":""},"aioseo_notices":[],"_links":{"self":[{"href":"https:\/\/www.claret.cat\/es\/wp-json\/wp\/v2\/product\/38000","targetHints":{"allow":["GET"]}}],"collection":[{"href":"https:\/\/www.claret.cat\/es\/wp-json\/wp\/v2\/product"}],"about":[{"href":"https:\/\/www.claret.cat\/es\/wp-json\/wp\/v2\/types\/product"}],"wp:featuredmedia":[{"embeddable":true,"href":"https:\/\/www.claret.cat\/es\/wp-json\/wp\/v2\/media\/342423"}],"wp:attachment":[{"href":"https:\/\/www.claret.cat\/es\/wp-json\/wp\/v2\/media?parent=38000"}],"wp:term":[{"taxonomy":"product_brand","embeddable":true,"href":"https:\/\/www.claret.cat\/es\/wp-json\/wp\/v2\/product_brand?post=38000"},{"taxonomy":"product_cat","embeddable":true,"href":"https:\/\/www.claret.cat\/es\/wp-json\/wp\/v2\/product_cat?post=38000"},{"taxonomy":"product_tag","embeddable":true,"href":"https:\/\/www.claret.cat\/es\/wp-json\/wp\/v2\/product_tag?post=38000"}],"curies":[{"name":"wp","href":"https:\/\/api.w.org\/{rel}","templated":true}]}}