{"id":380018,"date":"2023-02-02T12:36:14","date_gmt":"2023-02-02T11:36:14","guid":{"rendered":"https:\/\/www.claret.cat\/llibre\/antonio-vega-una-vida-entre-las-cuerdas-9788467068566\/"},"modified":"2023-10-06T06:33:59","modified_gmt":"2023-10-06T04:33:59","slug":"antonio-vega-una-vida-entre-las-cuerdas-9788467068566","status":"publish","type":"product","link":"https:\/\/www.claret.cat\/es\/libro\/antonio-vega-una-vida-entre-las-cuerdas-9788467068566\/","title":{"rendered":"ANTONIO VEGA. UNA VIDA ENTRE LAS CUERDAS"},"content":{"rendered":"<p>Antonio Vega arrastr\u00f3 durante toda su vida una fama de poeta maldito, de ser un artista al borde del precipicio, un hombre que jugaba peligrosamente con los claroscuros de la vida. Sin embargo, a trav\u00e9s de sus canciones, Antonio desnudaba el alma y se mostraba sincero ante quienes de verdad quisieran escuchar y entender. Sin escondrijos ni dobleces, nunca ocult\u00f3 ni se ocult\u00f3 de la persona que eligi\u00f3 ser sin que importaran las consecuencias.<br \/> Autor de letras eternas, compositor de melod\u00edas inolvidables y un guitarrista demasiadas veces ignorado, en el cuadro que Antonio Vega dej\u00f3 a medio pintar, en la vida que dej\u00f3 a medio escribir, esos huecos solo pueden dibujarlos aquellos que le conocieron, le amaron y le acompa\u00f1aron.<br \/> Este relato pretende abarcar y explicar la vida de un artista transformado en icono, de un hombre fascinante y magn\u00e9tico que nos hechiz\u00f3 a todos con la especial delicadeza de su voz y la magia de sus canciones. Vega nunca pudo o nunca quiso echar ra\u00edces demasiado profundas, quiz\u00e1 porque tem\u00eda que le impidieran volar, quiz\u00e1 porque intu\u00eda que le impedir\u00edan vivir, quiz\u00e1 por eso, Antonio Vega, siempre tuvo el coraz\u00f3n en las estrellas.<\/p>\n","protected":false},"excerpt":{"rendered":"<p>RONDA, MAGELA<\/p>\n","protected":false},"featured_media":380021,"template":"","meta":{"_acf_changed":false,"om_disable_all_campaigns":false,"rs_blank_template":"","rs_page_bg_color":"","slide_template_v7":"","inline_featured_image":false,"_monsterinsights_skip_tracking":false,"_monsterinsights_sitenote_active":false,"_monsterinsights_sitenote_note":"","_monsterinsights_sitenote_category":0},"product_brand":[],"product_cat":[90,540],"product_tag":[],"class_list":{"0":"post-380018","1":"product","2":"type-product","3":"status-publish","4":"has-post-thumbnail","6":"product_cat-altres","7":"product_cat-otros","9":"first","10":"instock","11":"taxable","12":"shipping-taxable","13":"purchasable","14":"product-type-simple"},"acf":{"editorial":[{"ID":6247,"post_author":"3","post_date":"2022-07-28 17:48:06","post_date_gmt":"2022-07-28 15:48:06","post_content":"","post_title":"ESPASA, EDITORIAL","post_excerpt":"","post_status":"publish","comment_status":"closed","ping_status":"closed","post_password":"","post_name":"espasa-editorial","to_ping":"","pinged":"","post_modified":"2022-07-28 17:48:06","post_modified_gmt":"2022-07-28 15:48:06","post_content_filtered":"","post_parent":0,"guid":"http:\/\/dev.claret.cat\/editorial\/espasa-editorial\/","menu_order":0,"post_type":"editorial","post_mime_type":"","comment_count":"0","filter":"raw"}],"autores-libros":[{"ID":162991,"post_author":"3","post_date":"2022-10-14 17:35:26","post_date_gmt":"2022-10-14 15:35:26","post_content":"","post_title":"MAGELA RONDA","post_excerpt":"","post_status":"publish","comment_status":"closed","ping_status":"closed","post_password":"","post_name":"magela-ronda","to_ping":"","pinged":"","post_modified":"2022-10-14 17:35:26","post_modified_gmt":"2022-10-14 15:35:26","post_content_filtered":"","post_parent":0,"guid":"http:\/\/dev.claret.cat\/autor\/magela-ronda\/","menu_order":0,"post_type":"autor","post_mime_type":"","comment_count":"0","filter":"raw"}],"autor":"RONDA, MAGELA","codart":"846706856","libros-coleccion":"NO FICCION","ediciones":"1","encuadernacion":"R\u00fastica","fecha_de_publicacion":"01\/01\/2023","novedad":"1","paginas":"219","subtitulo":"","orden":"0","portada":"0","idioma":"spa"},"aioseo_notices":[],"_links":{"self":[{"href":"https:\/\/www.claret.cat\/es\/wp-json\/wp\/v2\/product\/380018","targetHints":{"allow":["GET"]}}],"collection":[{"href":"https:\/\/www.claret.cat\/es\/wp-json\/wp\/v2\/product"}],"about":[{"href":"https:\/\/www.claret.cat\/es\/wp-json\/wp\/v2\/types\/product"}],"wp:featuredmedia":[{"embeddable":true,"href":"https:\/\/www.claret.cat\/es\/wp-json\/wp\/v2\/media\/380021"}],"wp:attachment":[{"href":"https:\/\/www.claret.cat\/es\/wp-json\/wp\/v2\/media?parent=380018"}],"wp:term":[{"taxonomy":"product_brand","embeddable":true,"href":"https:\/\/www.claret.cat\/es\/wp-json\/wp\/v2\/product_brand?post=380018"},{"taxonomy":"product_cat","embeddable":true,"href":"https:\/\/www.claret.cat\/es\/wp-json\/wp\/v2\/product_cat?post=380018"},{"taxonomy":"product_tag","embeddable":true,"href":"https:\/\/www.claret.cat\/es\/wp-json\/wp\/v2\/product_tag?post=380018"}],"curies":[{"name":"wp","href":"https:\/\/api.w.org\/{rel}","templated":true}]}}