{"id":380111,"date":"2023-02-02T12:43:16","date_gmt":"2023-02-02T11:43:16","guid":{"rendered":"https:\/\/www.claret.cat\/llibre\/aterratge-9788473293679\/"},"modified":"2024-04-22T13:20:15","modified_gmt":"2024-04-22T11:20:15","slug":"aterratge-9788473293679","status":"publish","type":"product","link":"https:\/\/www.claret.cat\/es\/libro\/aterratge-9788473293679\/","title":{"rendered":"ATERRATGE"},"content":{"rendered":"<p>La protagonista d&#8217;Aterratge decideix volar a Isl\u00e0ndia amb tres desconeguts per fotografiarse dins la carcassa d&#8217;un avi\u00f3 estavellat el 1973. Una decisi\u00f3 que mai hauria pres abans de Tot All\u00f2. Per\u00f2 el viatge desperta alguna cosa al fons del pou. Una altra decisi\u00f3, escriure al pilot que va caure fa cinquanta anys. El Gregory respon, li explica tots els detalls de l&#8217;aterratge sense mica de literatura. I ella, que veu s\u00edmbols a cada cantonada, s&#8217;adona que no pot passar-se el futur fent veure que el passat no ha passat. Entremig, una pand\u00e8mia, amics i lectures que s\u00f3n bots salvavides.<\/p>\n","protected":false},"excerpt":{"rendered":"<p>PIQUER, EVA<\/p>\n","protected":false},"featured_media":393563,"template":"","meta":{"_acf_changed":false,"om_disable_all_campaigns":false,"rs_blank_template":"","rs_page_bg_color":"","slide_template_v7":"","inline_featured_image":false,"_monsterinsights_skip_tracking":false,"_monsterinsights_sitenote_active":false,"_monsterinsights_sitenote_note":"","_monsterinsights_sitenote_category":0},"product_brand":[],"product_cat":[127,357],"product_tag":[],"class_list":{"0":"post-380111","1":"product","2":"type-product","3":"status-publish","4":"has-post-thumbnail","6":"product_cat-novella-contemporania","7":"product_cat-novela-contemporanea","9":"first","10":"instock","11":"taxable","12":"shipping-taxable","13":"purchasable","14":"product-type-simple"},"acf":{"editorial":[{"ID":6163,"post_author":"3","post_date":"2022-07-28 17:46:15","post_date_gmt":"2022-07-28 15:46:15","post_content":"","post_title":"CLUB EDITOR","post_excerpt":"","post_status":"publish","comment_status":"closed","ping_status":"closed","post_password":"","post_name":"club-editor","to_ping":"","pinged":"","post_modified":"2022-07-28 17:46:15","post_modified_gmt":"2022-07-28 15:46:15","post_content_filtered":"","post_parent":0,"guid":"http:\/\/dev.claret.cat\/editorial\/club-editor\/","menu_order":0,"post_type":"editorial","post_mime_type":"","comment_count":"0","filter":"raw"}],"autores-libros":[{"ID":155539,"post_author":"3","post_date":"2022-10-14 15:13:38","post_date_gmt":"2022-10-14 13:13:38","post_content":"","post_title":"EVA PIQUER","post_excerpt":"","post_status":"publish","comment_status":"closed","ping_status":"closed","post_password":"","post_name":"eva-piquer","to_ping":"","pinged":"","post_modified":"2022-10-14 15:13:38","post_modified_gmt":"2022-10-14 13:13:38","post_content_filtered":"","post_parent":0,"guid":"http:\/\/dev.claret.cat\/autor\/eva-piquer\/","menu_order":0,"post_type":"autor","post_mime_type":"","comment_count":"0","filter":"raw"}],"autor":"PIQUER, EVA","codart":"847329367","libros-coleccion":"EL CLUB DELS NOVEL\u00b7LISTES","ediciones":"1","encuadernacion":"R\u00fastica","fecha_de_publicacion":"01\/02\/2023","novedad":"1","paginas":"155","subtitulo":"","orden":"0","portada":"0","idioma":"cat"},"aioseo_notices":[],"_links":{"self":[{"href":"https:\/\/www.claret.cat\/es\/wp-json\/wp\/v2\/product\/380111","targetHints":{"allow":["GET"]}}],"collection":[{"href":"https:\/\/www.claret.cat\/es\/wp-json\/wp\/v2\/product"}],"about":[{"href":"https:\/\/www.claret.cat\/es\/wp-json\/wp\/v2\/types\/product"}],"wp:featuredmedia":[{"embeddable":true,"href":"https:\/\/www.claret.cat\/es\/wp-json\/wp\/v2\/media\/393563"}],"wp:attachment":[{"href":"https:\/\/www.claret.cat\/es\/wp-json\/wp\/v2\/media?parent=380111"}],"wp:term":[{"taxonomy":"product_brand","embeddable":true,"href":"https:\/\/www.claret.cat\/es\/wp-json\/wp\/v2\/product_brand?post=380111"},{"taxonomy":"product_cat","embeddable":true,"href":"https:\/\/www.claret.cat\/es\/wp-json\/wp\/v2\/product_cat?post=380111"},{"taxonomy":"product_tag","embeddable":true,"href":"https:\/\/www.claret.cat\/es\/wp-json\/wp\/v2\/product_tag?post=380111"}],"curies":[{"name":"wp","href":"https:\/\/api.w.org\/{rel}","templated":true}]}}