{"id":380134,"date":"2023-02-02T12:44:51","date_gmt":"2023-02-02T11:44:51","guid":{"rendered":"https:\/\/www.claret.cat\/llibre\/els-somnis-a-la-casa-de-la-bruixa-9788475849751\/"},"modified":"2023-04-03T18:30:20","modified_gmt":"2023-04-03T16:30:20","slug":"els-somnis-a-la-casa-de-la-bruixa-9788475849751","status":"publish","type":"product","link":"https:\/\/www.claret.cat\/es\/libro\/els-somnis-a-la-casa-de-la-bruixa-9788475849751\/","title":{"rendered":"ELS SOMNIS A LA CASA DE LA BRUIXA"},"content":{"rendered":"<p>En el marc g\u00f2tic d&#8221;una casa ru\u00efnosa minada per recintes secrets i d&#8221;una ciutat decr\u00e8pita que al cap de segles mant\u00e9 vius els espants de la ca\u00e7a de bruixes a Massachusetts de 1692, un jove nervi\u00f3s se submergeix en el seu m\u00f3n on\u00edric i visita escenaris alhora terror\u00edfics i enlluernadors. A cavall entre el somni i la realitat, enmig d&#8221;aparicions atiades per l&#8221;entorn sinistre, sorgeixen figures tan esgarrifosament memorables com Brown Jenkin, la riallera rata antropomorfa.<br \/> Un peculiar poder de fascinaci\u00f3 explica que &#8216;Els somnis a la casa de la bruixa&#8217; hagi estat repetidament adaptada al cine i al teatre i inspirat diverses versions musicals, inclosa una important \u00f2pera rock.<\/p>\n","protected":false},"excerpt":{"rendered":"<p>LOVECRAFT, HOWARD PHILLIPS<\/p>\n","protected":false},"featured_media":380137,"template":"","meta":{"_acf_changed":false,"om_disable_all_campaigns":false,"rs_blank_template":"","rs_page_bg_color":"","slide_template_v7":"","inline_featured_image":false,"_monsterinsights_skip_tracking":false,"_monsterinsights_sitenote_active":false,"_monsterinsights_sitenote_note":"","_monsterinsights_sitenote_category":0},"product_brand":[],"product_cat":[354,123],"product_tag":[],"class_list":{"0":"post-380134","1":"product","2":"type-product","3":"status-publish","4":"has-post-thumbnail","6":"product_cat-clasica","7":"product_cat-classica","9":"first","10":"instock","11":"taxable","12":"shipping-taxable","13":"purchasable","14":"product-type-simple"},"acf":{"editorial":[{"ID":148825,"post_author":"3","post_date":"2022-10-14 12:01:17","post_date_gmt":"2022-10-14 10:01:17","post_content":"","post_title":"sinli@laertes.es","post_excerpt":"","post_status":"publish","comment_status":"closed","ping_status":"closed","post_password":"","post_name":"sinlilaertes-es","to_ping":"","pinged":"","post_modified":"2022-10-14 12:01:17","post_modified_gmt":"2022-10-14 10:01:17","post_content_filtered":"","post_parent":0,"guid":"http:\/\/dev.claret.cat\/editorial\/sinlilaertes-es\/","menu_order":0,"post_type":"editorial","post_mime_type":"","comment_count":"0","filter":"raw"}],"autores-libros":[{"ID":157657,"post_author":"3","post_date":"2022-10-14 15:30:34","post_date_gmt":"2022-10-14 13:30:34","post_content":"","post_title":"HOWARD PHILLIPS LOVECRAFT","post_excerpt":"","post_status":"publish","comment_status":"closed","ping_status":"closed","post_password":"","post_name":"howard-phillips-lovecraft","to_ping":"","pinged":"","post_modified":"2022-10-14 15:30:34","post_modified_gmt":"2022-10-14 13:30:34","post_content_filtered":"","post_parent":0,"guid":"http:\/\/dev.claret.cat\/autor\/howard-phillips-lovecraft\/","menu_order":0,"post_type":"autor","post_mime_type":"","comment_count":"0","filter":"raw"}],"autor":"LOVECRAFT, HOWARD PHILLIPS","codart":"847584975","libros-coleccion":"FORA DE COL.LECCI\u00d3","ediciones":"1","encuadernacion":"R\u00fastica","fecha_de_publicacion":"01\/03\/2015","novedad":"1","paginas":"89","subtitulo":"","orden":"0","portada":"0","idioma":"cat"},"aioseo_notices":[],"_links":{"self":[{"href":"https:\/\/www.claret.cat\/es\/wp-json\/wp\/v2\/product\/380134","targetHints":{"allow":["GET"]}}],"collection":[{"href":"https:\/\/www.claret.cat\/es\/wp-json\/wp\/v2\/product"}],"about":[{"href":"https:\/\/www.claret.cat\/es\/wp-json\/wp\/v2\/types\/product"}],"wp:featuredmedia":[{"embeddable":true,"href":"https:\/\/www.claret.cat\/es\/wp-json\/wp\/v2\/media\/380137"}],"wp:attachment":[{"href":"https:\/\/www.claret.cat\/es\/wp-json\/wp\/v2\/media?parent=380134"}],"wp:term":[{"taxonomy":"product_brand","embeddable":true,"href":"https:\/\/www.claret.cat\/es\/wp-json\/wp\/v2\/product_brand?post=380134"},{"taxonomy":"product_cat","embeddable":true,"href":"https:\/\/www.claret.cat\/es\/wp-json\/wp\/v2\/product_cat?post=380134"},{"taxonomy":"product_tag","embeddable":true,"href":"https:\/\/www.claret.cat\/es\/wp-json\/wp\/v2\/product_tag?post=380134"}],"curies":[{"name":"wp","href":"https:\/\/api.w.org\/{rel}","templated":true}]}}