{"id":380139,"date":"2023-02-02T12:45:09","date_gmt":"2023-02-02T11:45:09","guid":{"rendered":"https:\/\/www.claret.cat\/llibre\/el-corb-9788475849973\/"},"modified":"2023-02-09T12:33:13","modified_gmt":"2023-02-09T11:33:13","slug":"el-corb-9788475849973","status":"publish","type":"product","link":"https:\/\/www.claret.cat\/es\/libro\/el-corb-9788475849973\/","title":{"rendered":"EL CORB"},"content":{"rendered":"<p>El corb i La caiguda de la casa Usher s\u00f3n possiblement les mostres m\u00e9s pures de l&#8221;estil \u00fanic d&#8221;Edgar Allan Poe. Totes dues combinen els ingredients caracter\u00edstics de les creacions de Poe: el clima t\u00e8tric, el culte er\u00f2tic de la mort, el trontoll de la ra\u00f3 davant d&#8221;horrors intensificats per pinzellades del grotesc. Totes dues arriben al cim m\u00e9s alt del vessant g\u00f2tic del romanticisme, i s\u00f3n fundacionals de la tradici\u00f3 liter\u00e0ria del &#8216;g\u00f2tic del Sud&#8217; en la qual se situen William Faulkner, Carson McCullers, Truman Capote o Flannery O&#8221;Connor.<\/p>\n","protected":false},"excerpt":{"rendered":"<p>POE, EDGAR ALLAN<\/p>\n","protected":false},"featured_media":380142,"template":"","meta":{"_acf_changed":false,"om_disable_all_campaigns":false,"rs_blank_template":"","rs_page_bg_color":"","slide_template_v7":"","inline_featured_image":false,"_monsterinsights_skip_tracking":false,"_monsterinsights_sitenote_active":false,"_monsterinsights_sitenote_note":"","_monsterinsights_sitenote_category":0},"product_brand":[],"product_cat":[354,123],"product_tag":[],"class_list":{"0":"post-380139","1":"product","2":"type-product","3":"status-publish","4":"has-post-thumbnail","6":"product_cat-clasica","7":"product_cat-classica","9":"first","10":"instock","11":"taxable","12":"shipping-taxable","13":"purchasable","14":"product-type-simple"},"acf":{"editorial":[{"ID":148825,"post_author":"3","post_date":"2022-10-14 12:01:17","post_date_gmt":"2022-10-14 10:01:17","post_content":"","post_title":"sinli@laertes.es","post_excerpt":"","post_status":"publish","comment_status":"closed","ping_status":"closed","post_password":"","post_name":"sinlilaertes-es","to_ping":"","pinged":"","post_modified":"2022-10-14 12:01:17","post_modified_gmt":"2022-10-14 10:01:17","post_content_filtered":"","post_parent":0,"guid":"http:\/\/dev.claret.cat\/editorial\/sinlilaertes-es\/","menu_order":0,"post_type":"editorial","post_mime_type":"","comment_count":"0","filter":"raw"}],"autores-libros":[{"ID":154484,"post_author":"3","post_date":"2022-10-14 15:05:11","post_date_gmt":"2022-10-14 13:05:11","post_content":"","post_title":"EDGAR ALLAN POE","post_excerpt":"","post_status":"publish","comment_status":"closed","ping_status":"closed","post_password":"","post_name":"edgar-allan-poe-2","to_ping":"","pinged":"","post_modified":"2022-10-14 15:05:11","post_modified_gmt":"2022-10-14 13:05:11","post_content_filtered":"","post_parent":0,"guid":"http:\/\/dev.claret.cat\/autor\/edgar-allan-poe-2\/","menu_order":0,"post_type":"autor","post_mime_type":"","comment_count":"0","filter":"raw"}],"autor":"POE, EDGAR ALLAN","codart":"847584997","libros-coleccion":"FORA DE COL.LECCI\u00d3","ediciones":"1","encuadernacion":"R\u00fastica","fecha_de_publicacion":"01\/04\/2016","novedad":"1","paginas":"79","subtitulo":"LA CAIGUDA DE LA CASA USHER","orden":"0","portada":"0","idioma":"cat"},"aioseo_notices":[],"_links":{"self":[{"href":"https:\/\/www.claret.cat\/es\/wp-json\/wp\/v2\/product\/380139","targetHints":{"allow":["GET"]}}],"collection":[{"href":"https:\/\/www.claret.cat\/es\/wp-json\/wp\/v2\/product"}],"about":[{"href":"https:\/\/www.claret.cat\/es\/wp-json\/wp\/v2\/types\/product"}],"wp:featuredmedia":[{"embeddable":true,"href":"https:\/\/www.claret.cat\/es\/wp-json\/wp\/v2\/media\/380142"}],"wp:attachment":[{"href":"https:\/\/www.claret.cat\/es\/wp-json\/wp\/v2\/media?parent=380139"}],"wp:term":[{"taxonomy":"product_brand","embeddable":true,"href":"https:\/\/www.claret.cat\/es\/wp-json\/wp\/v2\/product_brand?post=380139"},{"taxonomy":"product_cat","embeddable":true,"href":"https:\/\/www.claret.cat\/es\/wp-json\/wp\/v2\/product_cat?post=380139"},{"taxonomy":"product_tag","embeddable":true,"href":"https:\/\/www.claret.cat\/es\/wp-json\/wp\/v2\/product_tag?post=380139"}],"curies":[{"name":"wp","href":"https:\/\/api.w.org\/{rel}","templated":true}]}}