{"id":38039,"date":"2022-10-02T18:45:30","date_gmt":"2022-10-02T16:45:30","guid":{"rendered":"http:\/\/dev.claret.cat\/producte\/introduccion-a-la-etica-de-robert-spaemann\/"},"modified":"2023-07-14T16:52:24","modified_gmt":"2023-07-14T14:52:24","slug":"introduccion-a-la-etica-de-robert-spaemann-9788413691428","status":"publish","type":"product","link":"https:\/\/www.claret.cat\/es\/libro\/introduccion-a-la-etica-de-robert-spaemann-9788413691428\/","title":{"rendered":"INTRODUCCI\u00d3N A LA \u00c9TICA DE ROBERT SPAEMANN"},"content":{"rendered":"<p>En un tiempo como el nuestro, en el que la postverdad y las fake news est\u00e1n a la orden del d\u00eda parece oportuno reflexionar sobre el intento de recuperaci\u00f3n del discurso filos\u00f3fico como b\u00fasqueda de la verdad que realiz\u00f3 el pensador alem\u00e1n Robert Spaemann (1927-2018). Este libro ve la luz como uno de las primeras monograf\u00edas en espa\u00f1ol dedicados a este intelectual fallecido el 10 de diciembre de 2018. Dada la escasez de trabajos sobre su obra, esta publicaci\u00f3n viene a cubrir un vac\u00edo, concretamente, al centrarse, no solo en algunas de las cuestiones \u00e9ticas fundamentales del pensamiento de Spaemann, sino tambi\u00e9n al analizar los posibles pilares del mismo, y realizando una actualizaci\u00f3n de su concepci\u00f3n \u00e9tico-antropol\u00f3gica. A lo largo de los cap\u00edtulos que la componen, se expone el pensamiento de este autor alem\u00e1n: el contexto hist\u00f3rico y los presupuestos de su obra, los postulados de su \u00e9tica: la teolog\u00eda racional, el redescubrimiento de la teleolog\u00eda, la antropolog\u00eda y el problema de la persona, as\u00ed como la metaf\u00edsica; sus reflexiones sobre cuestiones \u00e9ticas: el relativismo moral, la noci\u00f3n de felicidad, la cr<\/p>\n","protected":false},"excerpt":{"rendered":"<p>PRO VELASCO, M\u00aa LUISA<\/p>\n","protected":false},"featured_media":451738,"template":"","meta":{"_acf_changed":false,"om_disable_all_campaigns":false,"rs_blank_template":"","rs_page_bg_color":"","slide_template_v7":"","inline_featured_image":false,"_monsterinsights_skip_tracking":false,"_monsterinsights_sitenote_active":false,"_monsterinsights_sitenote_note":"","_monsterinsights_sitenote_category":0},"product_brand":[],"product_cat":[175,445],"product_tag":[],"class_list":{"0":"post-38039","1":"product","2":"type-product","3":"status-publish","4":"has-post-thumbnail","6":"product_cat-etica","7":"product_cat-etica-filosofia-2_humanidades","9":"first","10":"instock","11":"taxable","12":"shipping-taxable","13":"purchasable","14":"product-type-simple"},"acf":{"autor":"PRO VELASCO, M\u00aa LUISA","codart":"841369142","libros-coleccion":"Filosof\u00eda hoy","ediciones":"1","encuadernacion":"R\u00fastica","fecha_de_publicacion":"01\/04\/2021","novedad":"0","paginas":"180","subtitulo":"","orden":"0","portada":"0","idioma":"spa","editorial":[{"ID":147948,"post_author":"3","post_date":"2022-10-14 11:54:28","post_date_gmt":"2022-10-14 09:54:28","post_content":"","post_title":"EDITORIAL COMARES","post_excerpt":"","post_status":"publish","comment_status":"closed","ping_status":"closed","post_password":"","post_name":"editorial-comares","to_ping":"","pinged":"","post_modified":"2022-10-14 11:54:28","post_modified_gmt":"2022-10-14 09:54:28","post_content_filtered":"","post_parent":0,"guid":"http:\/\/dev.claret.cat\/editorial\/editorial-comares\/","menu_order":0,"post_type":"editorial","post_mime_type":"","comment_count":"0","filter":"raw"}],"autores-libros":[{"ID":162930,"post_author":"3","post_date":"2022-10-14 17:34:57","post_date_gmt":"2022-10-14 15:34:57","post_content":"","post_title":"M\u00aa LUISA PRO VELASCO","post_excerpt":"","post_status":"publish","comment_status":"closed","ping_status":"closed","post_password":"","post_name":"ma-luisa-pro-velasco","to_ping":"","pinged":"","post_modified":"2022-10-14 17:34:57","post_modified_gmt":"2022-10-14 15:34:57","post_content_filtered":"","post_parent":0,"guid":"http:\/\/dev.claret.cat\/autor\/ma-luisa-pro-velasco\/","menu_order":0,"post_type":"autor","post_mime_type":"","comment_count":"0","filter":"raw"}]},"aioseo_notices":[],"_links":{"self":[{"href":"https:\/\/www.claret.cat\/es\/wp-json\/wp\/v2\/product\/38039","targetHints":{"allow":["GET"]}}],"collection":[{"href":"https:\/\/www.claret.cat\/es\/wp-json\/wp\/v2\/product"}],"about":[{"href":"https:\/\/www.claret.cat\/es\/wp-json\/wp\/v2\/types\/product"}],"wp:featuredmedia":[{"embeddable":true,"href":"https:\/\/www.claret.cat\/es\/wp-json\/wp\/v2\/media\/451738"}],"wp:attachment":[{"href":"https:\/\/www.claret.cat\/es\/wp-json\/wp\/v2\/media?parent=38039"}],"wp:term":[{"taxonomy":"product_brand","embeddable":true,"href":"https:\/\/www.claret.cat\/es\/wp-json\/wp\/v2\/product_brand?post=38039"},{"taxonomy":"product_cat","embeddable":true,"href":"https:\/\/www.claret.cat\/es\/wp-json\/wp\/v2\/product_cat?post=38039"},{"taxonomy":"product_tag","embeddable":true,"href":"https:\/\/www.claret.cat\/es\/wp-json\/wp\/v2\/product_tag?post=38039"}],"curies":[{"name":"wp","href":"https:\/\/api.w.org\/{rel}","templated":true}]}}