{"id":380404,"date":"2023-02-02T13:05:52","date_gmt":"2023-02-02T12:05:52","guid":{"rendered":"https:\/\/www.claret.cat\/llibre\/haikyu-no-16-9788491747796\/"},"modified":"2023-10-06T06:26:55","modified_gmt":"2023-10-06T04:26:55","slug":"haikyu-no-16-9788491747796","status":"publish","type":"product","link":"https:\/\/www.claret.cat\/es\/libro\/haikyu-no-16-9788491747796\/","title":{"rendered":"HAIKY\u00db!! N\u00ba 16"},"content":{"rendered":"<p>Estamos en el segundo set de la semifinal de la liguilla de representantes contra el Aoba J\u00f4sai. Justo cuando el Seij\u00f4 est\u00e1 inclinando el partido a su favor, \u00a1\u00a1el Karasuno saca a Yamaguchi a la cancha como sacador de ayuda!! Yamaguchi intenta borrar el amargo recuerdo de su pifia del partido anterior, pero \u00bf\u00a1ser\u00e1 capaz de girar las tornas!?<\/p>\n","protected":false},"excerpt":{"rendered":"<p>FURUDATE, HARUICHI<\/p>\n","protected":false},"featured_media":380407,"template":"","meta":{"_acf_changed":false,"om_disable_all_campaigns":false,"rs_blank_template":"","rs_page_bg_color":"","slide_template_v7":"","inline_featured_image":false,"_monsterinsights_skip_tracking":false,"_monsterinsights_sitenote_active":false,"_monsterinsights_sitenote_note":"","_monsterinsights_sitenote_category":0},"product_brand":[],"product_cat":[558,364,362],"product_tag":[],"class_list":{"0":"post-380404","1":"product","2":"type-product","3":"status-publish","4":"has-post-thumbnail","6":"product_cat-comic-3_infantil-juvenil-spa-spa","7":"product_cat-comics-infantil-3_infantil-juvenil-spa","8":"product_cat-libros-preadolescentes-6-12-anos","10":"first","11":"instock","12":"taxable","13":"shipping-taxable","14":"purchasable","15":"product-type-simple"},"acf":{"editorial":[{"ID":148674,"post_author":"3","post_date":"2022-10-14 12:00:06","post_date_gmt":"2022-10-14 10:00:06","post_content":"","post_title":"Planeta C\u00f3mic","post_excerpt":"","post_status":"publish","comment_status":"closed","ping_status":"closed","post_password":"","post_name":"planeta-comic","to_ping":"","pinged":"","post_modified":"2022-10-14 12:00:06","post_modified_gmt":"2022-10-14 10:00:06","post_content_filtered":"","post_parent":0,"guid":"http:\/\/dev.claret.cat\/editorial\/planeta-comic\/","menu_order":0,"post_type":"editorial","post_mime_type":"","comment_count":"0","filter":"raw"}],"autores-libros":[{"ID":380403,"post_author":"3","post_date":"2023-02-02 13:05:50","post_date_gmt":"2023-02-02 12:05:50","post_content":"","post_title":"HARUICHI FURUDATE","post_excerpt":"","post_status":"publish","comment_status":"closed","ping_status":"closed","post_password":"","post_name":"haruichi-furudate","to_ping":"","pinged":"","post_modified":"2023-02-02 13:05:50","post_modified_gmt":"2023-02-02 12:05:50","post_content_filtered":"","post_parent":0,"guid":"https:\/\/www.claret.cat\/autor\/haruichi-furudate\/","menu_order":0,"post_type":"autor","post_mime_type":"","comment_count":"0","filter":"raw"}],"autor":"FURUDATE, HARUICHI","codart":"849174779","libros-coleccion":"MANGA SHONEN","ediciones":"1","encuadernacion":"R\u00fastica","fecha_de_publicacion":"01\/01\/2023","novedad":"1","paginas":"0","subtitulo":"","orden":"0","portada":"0","idioma":"spa"},"aioseo_notices":[],"_links":{"self":[{"href":"https:\/\/www.claret.cat\/es\/wp-json\/wp\/v2\/product\/380404","targetHints":{"allow":["GET"]}}],"collection":[{"href":"https:\/\/www.claret.cat\/es\/wp-json\/wp\/v2\/product"}],"about":[{"href":"https:\/\/www.claret.cat\/es\/wp-json\/wp\/v2\/types\/product"}],"wp:featuredmedia":[{"embeddable":true,"href":"https:\/\/www.claret.cat\/es\/wp-json\/wp\/v2\/media\/380407"}],"wp:attachment":[{"href":"https:\/\/www.claret.cat\/es\/wp-json\/wp\/v2\/media?parent=380404"}],"wp:term":[{"taxonomy":"product_brand","embeddable":true,"href":"https:\/\/www.claret.cat\/es\/wp-json\/wp\/v2\/product_brand?post=380404"},{"taxonomy":"product_cat","embeddable":true,"href":"https:\/\/www.claret.cat\/es\/wp-json\/wp\/v2\/product_cat?post=380404"},{"taxonomy":"product_tag","embeddable":true,"href":"https:\/\/www.claret.cat\/es\/wp-json\/wp\/v2\/product_tag?post=380404"}],"curies":[{"name":"wp","href":"https:\/\/api.w.org\/{rel}","templated":true}]}}