{"id":380615,"date":"2023-02-02T13:50:09","date_gmt":"2023-02-02T12:50:09","guid":{"rendered":"https:\/\/www.claret.cat\/llibre\/poeta-en-nueva-york-9788419466242\/"},"modified":"2023-10-06T06:11:06","modified_gmt":"2023-10-06T04:11:06","slug":"poeta-en-nueva-york-9788419466242","status":"publish","type":"product","link":"https:\/\/www.claret.cat\/es\/libro\/poeta-en-nueva-york-9788419466242\/","title":{"rendered":"POETA EN NUEVA YORK"},"content":{"rendered":"<p>Una de las creaciones l\u00edricas m\u00e1s significativas del siglo XX reinterpretada a trav\u00e9s de la inconfundible mirada de uno de nuestros ilustradores contempor\u00e1neos m\u00e1s importantes y originales.<br \/> El viaje m\u00e1s oscuro del poeta, en el que se enfrenta a sus propios demonios personales al tiempo que es testigo de los grandes cambios sociales: las ventajas de la industrializaci\u00f3n, la atracci\u00f3n del progreso y la cr\u00edtica de la sociedad moderna por su p\u00e9rdida de valores.\u00a0<br \/> Los inmortales poemas de Garc\u00eda Lorca cobran nueva vida en unas p\u00e1ginas rebosantes de colores y s\u00edmbolos en cada esquina. Un hermoso ejemplo de c\u00f3mo dos artistas aparentemente lejanos pueden fundir sus mundos creativos para crear belleza.<\/p>\n","protected":false},"excerpt":{"rendered":"<p>CAVOLO, RICARDO \/ GARC\u00cdA LORCA, FEDERICO<\/p>\n","protected":false},"featured_media":380646,"template":"","meta":{"_acf_changed":false,"om_disable_all_campaigns":false,"rs_blank_template":"","rs_page_bg_color":"","slide_template_v7":"","inline_featured_image":false,"_monsterinsights_skip_tracking":false,"_monsterinsights_sitenote_active":false,"_monsterinsights_sitenote_note":"","_monsterinsights_sitenote_category":0},"product_brand":[],"product_cat":[340,555],"product_tag":[],"class_list":{"0":"post-380615","1":"product","2":"type-product","3":"status-publish","4":"has-post-thumbnail","6":"product_cat-poesia-5_otras","7":"product_cat-regalo","9":"first","10":"instock","11":"taxable","12":"shipping-taxable","13":"purchasable","14":"product-type-simple"},"acf":{"editorial":[{"ID":148476,"post_author":"3","post_date":"2022-10-14 11:58:32","post_date_gmt":"2022-10-14 09:58:32","post_content":"","post_title":"Lunwerg Editores","post_excerpt":"","post_status":"publish","comment_status":"closed","ping_status":"closed","post_password":"","post_name":"lunwerg-editores","to_ping":"","pinged":"","post_modified":"2022-10-14 11:58:32","post_modified_gmt":"2022-10-14 09:58:32","post_content_filtered":"","post_parent":0,"guid":"http:\/\/dev.claret.cat\/editorial\/lunwerg-editores\/","menu_order":0,"post_type":"editorial","post_mime_type":"","comment_count":"0","filter":"raw"}],"autores-libros":[{"ID":168043,"post_author":"3","post_date":"2022-10-14 18:16:04","post_date_gmt":"2022-10-14 16:16:04","post_content":"","post_title":"RICARDO CAVOLO","post_excerpt":"","post_status":"publish","comment_status":"closed","ping_status":"closed","post_password":"","post_name":"ricardo-cavolo","to_ping":"","pinged":"","post_modified":"2022-10-14 18:16:04","post_modified_gmt":"2022-10-14 16:16:04","post_content_filtered":"","post_parent":0,"guid":"http:\/\/dev.claret.cat\/autor\/ricardo-cavolo\/","menu_order":0,"post_type":"autor","post_mime_type":"","comment_count":"0","filter":"raw"},{"ID":155689,"post_author":"3","post_date":"2022-10-14 15:14:50","post_date_gmt":"2022-10-14 13:14:50","post_content":"","post_title":"FEDERICO GARC\u00cdA LORCA","post_excerpt":"","post_status":"publish","comment_status":"closed","ping_status":"closed","post_password":"","post_name":"federico-garcia-lorca","to_ping":"","pinged":"","post_modified":"2022-10-14 15:14:50","post_modified_gmt":"2022-10-14 13:14:50","post_content_filtered":"","post_parent":0,"guid":"http:\/\/dev.claret.cat\/autor\/federico-garcia-lorca\/","menu_order":0,"post_type":"autor","post_mime_type":"","comment_count":"0","filter":"raw"}],"autor":"CAVOLO, RICARDO \/ GARC\u00cdA LORCA, FEDERICO","codart":"841946624","libros-coleccion":"Literatura ilustrada","ediciones":"1","encuadernacion":"Carton\u00e9","fecha_de_publicacion":"01\/02\/2023","novedad":"1","paginas":"253","subtitulo":"","orden":"0","portada":"0","idioma":"spa"},"aioseo_notices":[],"_links":{"self":[{"href":"https:\/\/www.claret.cat\/es\/wp-json\/wp\/v2\/product\/380615","targetHints":{"allow":["GET"]}}],"collection":[{"href":"https:\/\/www.claret.cat\/es\/wp-json\/wp\/v2\/product"}],"about":[{"href":"https:\/\/www.claret.cat\/es\/wp-json\/wp\/v2\/types\/product"}],"wp:featuredmedia":[{"embeddable":true,"href":"https:\/\/www.claret.cat\/es\/wp-json\/wp\/v2\/media\/380646"}],"wp:attachment":[{"href":"https:\/\/www.claret.cat\/es\/wp-json\/wp\/v2\/media?parent=380615"}],"wp:term":[{"taxonomy":"product_brand","embeddable":true,"href":"https:\/\/www.claret.cat\/es\/wp-json\/wp\/v2\/product_brand?post=380615"},{"taxonomy":"product_cat","embeddable":true,"href":"https:\/\/www.claret.cat\/es\/wp-json\/wp\/v2\/product_cat?post=380615"},{"taxonomy":"product_tag","embeddable":true,"href":"https:\/\/www.claret.cat\/es\/wp-json\/wp\/v2\/product_tag?post=380615"}],"curies":[{"name":"wp","href":"https:\/\/api.w.org\/{rel}","templated":true}]}}