{"id":380666,"date":"2023-02-02T14:11:20","date_gmt":"2023-02-02T13:11:20","guid":{"rendered":"https:\/\/www.claret.cat\/llibre\/el-mapa-de-los-anhelos-9788408268154\/"},"modified":"2024-05-28T19:33:09","modified_gmt":"2024-05-28T17:33:09","slug":"el-mapa-de-los-anhelos-9788408268154","status":"publish","type":"product","link":"https:\/\/www.claret.cat\/es\/libro\/el-mapa-de-los-anhelos-9788408268154\/","title":{"rendered":"EL MAPA DE LOS ANHELOS"},"content":{"rendered":"<p>La autora que ha enamorado a 2 millones de lectores.<br \/> \u00bfY si te diesen un mapa para descubrir qui\u00e9n eres?<br \/> \u00bfSeguir\u00edas la ruta marcada hasta el final?<br \/> Imagina que est\u00e1s destinada a salvar a tu hermana, pero al final ella muere y la raz\u00f3n de tu existencia se desvanece. Eso es lo que le ocurre a Grace Peterson, la chica que siempre se ha sentido invisible, la que nunca ha salido de Nebraska, la que colecciona palabras y ve pasar los d\u00edas refugiada en la monoton\u00eda. Hasta que llega a sus manos el juego de El mapa de los anhelos y, siguiendo las instrucciones, lo primero que debe hacer es encontrar a alguien llamado Will Tucker, del que nunca ha o\u00eddo hablar y que est\u00e1 a punto de embarcarse con ella en un viaje directo al coraz\u00f3n, lleno de vulnerabilidades y sue\u00f1os olvidados, anhelos y afectos inesperados. Pero \u00bfes posible avanzar cuando los secretos comienzan a pesar demasiado? \u00bfQui\u00e9n es qui\u00e9n en esta historia?<\/p>\n","protected":false},"excerpt":{"rendered":"<p>KELLEN, ALICE<\/p>\n","protected":false},"featured_media":380781,"template":"","meta":{"_acf_changed":false,"om_disable_all_campaigns":false,"rs_blank_template":"","rs_page_bg_color":"","slide_template_v7":"","inline_featured_image":false,"_monsterinsights_skip_tracking":false,"_monsterinsights_sitenote_active":false,"_monsterinsights_sitenote_note":"","_monsterinsights_sitenote_category":0},"product_brand":[],"product_cat":[90,540],"product_tag":[],"class_list":{"0":"post-380666","1":"product","2":"type-product","3":"status-publish","4":"has-post-thumbnail","6":"product_cat-altres","7":"product_cat-otros","9":"first","10":"instock","11":"taxable","12":"shipping-taxable","13":"purchasable","14":"product-type-simple"},"acf":{"editorial":[{"ID":6233,"post_author":"3","post_date":"2022-07-28 17:47:48","post_date_gmt":"2022-07-28 15:47:48","post_content":"","post_title":"EDITORIAL PLANETA","post_excerpt":"","post_status":"publish","comment_status":"closed","ping_status":"closed","post_password":"","post_name":"editorial-planeta","to_ping":"","pinged":"","post_modified":"2022-07-28 17:47:48","post_modified_gmt":"2022-07-28 15:47:48","post_content_filtered":"","post_parent":0,"guid":"http:\/\/dev.claret.cat\/editorial\/editorial-planeta\/","menu_order":0,"post_type":"editorial","post_mime_type":"","comment_count":"0","filter":"raw"}],"autores-libros":[{"ID":149824,"post_author":"3","post_date":"2022-10-14 14:27:59","post_date_gmt":"2022-10-14 12:27:59","post_content":"","post_title":"ALICE KELLEN","post_excerpt":"","post_status":"publish","comment_status":"closed","ping_status":"closed","post_password":"","post_name":"alice-kellen","to_ping":"","pinged":"","post_modified":"2022-10-14 14:27:59","post_modified_gmt":"2022-10-14 12:27:59","post_content_filtered":"","post_parent":0,"guid":"http:\/\/dev.claret.cat\/autor\/alice-kellen\/","menu_order":0,"post_type":"autor","post_mime_type":"","comment_count":"0","filter":"raw"}],"autor":"KELLEN, ALICE","codart":"840826815","libros-coleccion":"Novela","ediciones":"1","encuadernacion":"R\u00fastica","fecha_de_publicacion":"01\/02\/2023","novedad":"1","paginas":"490","subtitulo":"","orden":"0","portada":"0","idioma":"spa"},"aioseo_notices":[],"_links":{"self":[{"href":"https:\/\/www.claret.cat\/es\/wp-json\/wp\/v2\/product\/380666","targetHints":{"allow":["GET"]}}],"collection":[{"href":"https:\/\/www.claret.cat\/es\/wp-json\/wp\/v2\/product"}],"about":[{"href":"https:\/\/www.claret.cat\/es\/wp-json\/wp\/v2\/types\/product"}],"wp:featuredmedia":[{"embeddable":true,"href":"https:\/\/www.claret.cat\/es\/wp-json\/wp\/v2\/media\/380781"}],"wp:attachment":[{"href":"https:\/\/www.claret.cat\/es\/wp-json\/wp\/v2\/media?parent=380666"}],"wp:term":[{"taxonomy":"product_brand","embeddable":true,"href":"https:\/\/www.claret.cat\/es\/wp-json\/wp\/v2\/product_brand?post=380666"},{"taxonomy":"product_cat","embeddable":true,"href":"https:\/\/www.claret.cat\/es\/wp-json\/wp\/v2\/product_cat?post=380666"},{"taxonomy":"product_tag","embeddable":true,"href":"https:\/\/www.claret.cat\/es\/wp-json\/wp\/v2\/product_tag?post=380666"}],"curies":[{"name":"wp","href":"https:\/\/api.w.org\/{rel}","templated":true}]}}