{"id":380681,"date":"2023-02-02T14:12:11","date_gmt":"2023-02-02T13:12:11","guid":{"rendered":"https:\/\/www.claret.cat\/llibre\/villa-melania-9788467067613\/"},"modified":"2023-10-06T06:07:49","modified_gmt":"2023-10-06T04:07:49","slug":"villa-melania-9788467067613","status":"publish","type":"product","link":"https:\/\/www.claret.cat\/es\/libro\/villa-melania-9788467067613\/","title":{"rendered":"VILLA MELANIA"},"content":{"rendered":"<p>Villa Melania es una absorbente saga familiar que evoca otra era de forma realmente bella. Algunas puertas est\u00e1n cerradas por alguna poderosa raz\u00f3n.<\/p>\n<p> \u00abEs posible que todos estemos algo resquebrajados por dentro, que nadie conserve intacta la luna del espejo en el que nos contempl\u00e1bamos siendo ni\u00f1os.\u00bb<br \/> En Villa Melania hay una habitaci\u00f3n llena de espejos rotos y de recuerdos tr\u00e1gicos. En la mansi\u00f3n se\u00f1orial de los Lanuza Vega, con su prado de cal\u00e9ndulas y su anciana jacaranda, se pasean los fantasmas de varias vidas truncadas en la noche de la v\u00edspera de Reyes de 1966, cuyo eco resonar\u00e1 de manera ensordecedora ese mismo d\u00eda en 2019. El retrato de Melania, la hermosa y da\u00f1ada Melania, sigue presidiendo la casa tantos a\u00f1os despu\u00e9s. Sus pasos se escuchan sobre tarimas y escaleras; buscan a esa persona capaz de o\u00edr a los objetos contar sus historias. Esas historias que ni las hermanas ni el buen cu\u00f1ado de Melania quieren contar; esas historias que Camila, su sobrina nieta, descubrir\u00e1 demasiado tarde; esas historias que solo Cloe, la hermana de Camila, sabr\u00e1 atender y comprender.<br \/> Muerte, melancol\u00eda, enfermedad, pero tambi\u00e9n celos, envidia, dolor y miedo acechan desde esos espejos rotos en los que se refleja lo que fueron y lo que son quienes alguna vez vivieron en esa casa. Solo existe una manera de arreglar las lunas y las vidas quebradas: hablar, porque \u00abal callar enterramos a nuestros muertos un poco m\u00e1s hondo\u00bb.<br \/> En Villa Melania Desir\u00e9e Ruiz recorre de nuevo de forma magistral, con esa manera de narrar donde suspense y poes\u00eda se dan la mano, los territorios de la locura y los fantasmas familiares que visitaron Charlotte Bront\u00eb, Henry James, Jean Rhys o Carmen Laforet.<\/p>\n","protected":false},"excerpt":{"rendered":"<p>RUIZ, DESIR\u00c9E<\/p>\n","protected":false},"featured_media":380807,"template":"","meta":{"_acf_changed":false,"om_disable_all_campaigns":false,"rs_blank_template":"","rs_page_bg_color":"","slide_template_v7":"","inline_featured_image":false,"_monsterinsights_skip_tracking":false,"_monsterinsights_sitenote_active":false,"_monsterinsights_sitenote_note":"","_monsterinsights_sitenote_category":0},"product_brand":[],"product_cat":[357],"product_tag":[],"class_list":{"0":"post-380681","1":"product","2":"type-product","3":"status-publish","4":"has-post-thumbnail","6":"product_cat-novela-contemporanea","8":"first","9":"instock","10":"taxable","11":"shipping-taxable","12":"purchasable","13":"product-type-simple"},"acf":{"editorial":[{"ID":6247,"post_author":"3","post_date":"2022-07-28 17:48:06","post_date_gmt":"2022-07-28 15:48:06","post_content":"","post_title":"ESPASA, EDITORIAL","post_excerpt":"","post_status":"publish","comment_status":"closed","ping_status":"closed","post_password":"","post_name":"espasa-editorial","to_ping":"","pinged":"","post_modified":"2022-07-28 17:48:06","post_modified_gmt":"2022-07-28 15:48:06","post_content_filtered":"","post_parent":0,"guid":"http:\/\/dev.claret.cat\/editorial\/espasa-editorial\/","menu_order":0,"post_type":"editorial","post_mime_type":"","comment_count":"0","filter":"raw"}],"autores-libros":[{"ID":380680,"post_author":"3","post_date":"2023-02-02 14:12:09","post_date_gmt":"2023-02-02 13:12:09","post_content":"","post_title":"DESIR\u00c9E RUIZ","post_excerpt":"","post_status":"publish","comment_status":"closed","ping_status":"closed","post_password":"","post_name":"desiree-ruiz","to_ping":"","pinged":"","post_modified":"2023-02-02 14:12:09","post_modified_gmt":"2023-02-02 13:12:09","post_content_filtered":"","post_parent":0,"guid":"https:\/\/www.claret.cat\/autor\/desiree-ruiz\/","menu_order":0,"post_type":"autor","post_mime_type":"","comment_count":"0","filter":"raw"}],"autor":"RUIZ, DESIR\u00c9E","codart":"846706761","libros-coleccion":"Espasa Narrativa","ediciones":"1","encuadernacion":"R\u00fastica","fecha_de_publicacion":"01\/02\/2023","novedad":"1","paginas":"421","subtitulo":"","orden":"0","portada":"0","idioma":"spa"},"aioseo_notices":[],"_links":{"self":[{"href":"https:\/\/www.claret.cat\/es\/wp-json\/wp\/v2\/product\/380681","targetHints":{"allow":["GET"]}}],"collection":[{"href":"https:\/\/www.claret.cat\/es\/wp-json\/wp\/v2\/product"}],"about":[{"href":"https:\/\/www.claret.cat\/es\/wp-json\/wp\/v2\/types\/product"}],"wp:featuredmedia":[{"embeddable":true,"href":"https:\/\/www.claret.cat\/es\/wp-json\/wp\/v2\/media\/380807"}],"wp:attachment":[{"href":"https:\/\/www.claret.cat\/es\/wp-json\/wp\/v2\/media?parent=380681"}],"wp:term":[{"taxonomy":"product_brand","embeddable":true,"href":"https:\/\/www.claret.cat\/es\/wp-json\/wp\/v2\/product_brand?post=380681"},{"taxonomy":"product_cat","embeddable":true,"href":"https:\/\/www.claret.cat\/es\/wp-json\/wp\/v2\/product_cat?post=380681"},{"taxonomy":"product_tag","embeddable":true,"href":"https:\/\/www.claret.cat\/es\/wp-json\/wp\/v2\/product_tag?post=380681"}],"curies":[{"name":"wp","href":"https:\/\/api.w.org\/{rel}","templated":true}]}}