{"id":381057,"date":"2023-02-02T17:35:18","date_gmt":"2023-02-02T16:35:18","guid":{"rendered":"https:\/\/www.claret.cat\/llibre\/la-vegetacio-parc-natural-de-sant-llorenc-del-munt-i-lobac-9788417116705\/"},"modified":"2023-10-06T05:53:59","modified_gmt":"2023-10-06T03:53:59","slug":"la-vegetacio-parc-natural-de-sant-llorenc-del-munt-i-lobac-9788417116705","status":"publish","type":"product","link":"https:\/\/www.claret.cat\/es\/libro\/la-vegetacio-parc-natural-de-sant-llorenc-del-munt-i-lobac-9788417116705\/","title":{"rendered":"LA VEGETACI\u00d3. PARC NATURAL DE SANT LLOREN\u00c7 DEL MUNT I L&#8217;OBAC"},"content":{"rendered":"<p>Codines, boscos ombr\u00edvols, fer\u00e9stegues canals, brolles castigades pel foc\u2026 atorguen al mass\u00eds de Sant Lloren\u00e7 del Munt i l\u2019Obac una personalitat singular. A cada unitat paisatg\u00edstica correspon una comunitat vegetal diferent, amb plantes que en s\u00f3n caracter\u00edstiques. Al voltant de mil esp\u00e8cies diferents creixen al Parc Natural, una xifra que posa en relleu l\u2019extraordin\u00e0ria biodiversitat que atresora. Moltes d\u2019elles amb usos i curiositats que les fan encara m\u00e9s apassionants.<\/p>\n<p>El llibre que teniu a les mans pret\u00e9n ser una invitaci\u00f3 a la descoberta de les diferents comunitats vegetals que configuren el Parc Natural. Profusament il\u00b7lustrat amb fotografies, permet recon\u00e8ixer  les esp\u00e8cies de plantes m\u00e9s significatives, algunes d\u2019elles molt rares, veritables joies bot\u00e0niques que cal preservar. Us convidem a apropar-vos a Sant Lloren\u00e7 del Munt amb la curiositat pr\u00f2pia del bot\u00e0nic afeccionat.<\/p>\n","protected":false},"excerpt":{"rendered":"<p>PAMPLONA, MERTXE; VICENS, ALBERT<\/p>\n","protected":false},"featured_media":381147,"template":"","meta":{"_acf_changed":false,"om_disable_all_campaigns":false,"rs_blank_template":"","rs_page_bg_color":"","slide_template_v7":"","inline_featured_image":false,"_monsterinsights_skip_tracking":false,"_monsterinsights_sitenote_active":false,"_monsterinsights_sitenote_note":"","_monsterinsights_sitenote_category":0},"product_brand":[],"product_cat":[107],"product_tag":[],"class_list":{"0":"post-381057","1":"product","2":"type-product","3":"status-publish","4":"has-post-thumbnail","6":"product_cat-guies-de-viatge","8":"first","9":"instock","10":"taxable","11":"shipping-taxable","12":"purchasable","13":"product-type-simple"},"acf":{"editorial":[{"ID":148065,"post_author":"3","post_date":"2022-10-14 11:55:22","post_date_gmt":"2022-10-14 09:55:22","post_content":"","post_title":"EL FARELL","post_excerpt":"","post_status":"publish","comment_status":"closed","ping_status":"closed","post_password":"","post_name":"el-farell","to_ping":"","pinged":"","post_modified":"2022-10-14 11:55:22","post_modified_gmt":"2022-10-14 09:55:22","post_content_filtered":"","post_parent":0,"guid":"http:\/\/dev.claret.cat\/editorial\/el-farell\/","menu_order":0,"post_type":"editorial","post_mime_type":"","comment_count":"0","filter":"raw"}],"autores-libros":[{"ID":381074,"post_author":"3","post_date":"2023-02-02 17:47:30","post_date_gmt":"2023-02-02 16:47:30","post_content":"","post_title":"MERTXE PAMPLONA","post_excerpt":"","post_status":"publish","comment_status":"closed","ping_status":"closed","post_password":"","post_name":"mertxe-pamplona","to_ping":"","pinged":"","post_modified":"2023-02-02 17:47:30","post_modified_gmt":"2023-02-02 16:47:30","post_content_filtered":"","post_parent":0,"guid":"https:\/\/www.claret.cat\/autor\/mertxe-pamplona\/","menu_order":0,"post_type":"autor","post_mime_type":"","comment_count":"0","filter":"raw"},{"ID":381073,"post_author":"3","post_date":"2023-02-02 17:47:29","post_date_gmt":"2023-02-02 16:47:29","post_content":"","post_title":"ALBERT VICENS","post_excerpt":"","post_status":"publish","comment_status":"closed","ping_status":"closed","post_password":"","post_name":"albert-vicens","to_ping":"","pinged":"","post_modified":"2023-02-02 17:47:29","post_modified_gmt":"2023-02-02 16:47:29","post_content_filtered":"","post_parent":0,"guid":"https:\/\/www.claret.cat\/autor\/albert-vicens\/","menu_order":0,"post_type":"autor","post_mime_type":"","comment_count":"0","filter":"raw"}],"autor":"PAMPLONA, MERTXE; VICENS, ALBERT","codart":"841711670","libros-coleccion":"","ediciones":"1","encuadernacion":"R\u00fastica","fecha_de_publicacion":"02\/02\/2023","novedad":"1","paginas":"142","subtitulo":"","orden":"0","portada":"0","idioma":"cat"},"aioseo_notices":[],"_links":{"self":[{"href":"https:\/\/www.claret.cat\/es\/wp-json\/wp\/v2\/product\/381057","targetHints":{"allow":["GET"]}}],"collection":[{"href":"https:\/\/www.claret.cat\/es\/wp-json\/wp\/v2\/product"}],"about":[{"href":"https:\/\/www.claret.cat\/es\/wp-json\/wp\/v2\/types\/product"}],"wp:featuredmedia":[{"embeddable":true,"href":"https:\/\/www.claret.cat\/es\/wp-json\/wp\/v2\/media\/381147"}],"wp:attachment":[{"href":"https:\/\/www.claret.cat\/es\/wp-json\/wp\/v2\/media?parent=381057"}],"wp:term":[{"taxonomy":"product_brand","embeddable":true,"href":"https:\/\/www.claret.cat\/es\/wp-json\/wp\/v2\/product_brand?post=381057"},{"taxonomy":"product_cat","embeddable":true,"href":"https:\/\/www.claret.cat\/es\/wp-json\/wp\/v2\/product_cat?post=381057"},{"taxonomy":"product_tag","embeddable":true,"href":"https:\/\/www.claret.cat\/es\/wp-json\/wp\/v2\/product_tag?post=381057"}],"curies":[{"name":"wp","href":"https:\/\/api.w.org\/{rel}","templated":true}]}}